{"id":30368,"date":"2025-11-24T11:04:32","date_gmt":"2025-11-24T11:04:32","guid":{"rendered":"https:\/\/enerotrade.com\/de\/product\/ugg-lowmel-1144032-che-chestnut-sneakers-casual-womens\/"},"modified":"2026-03-19T11:41:34","modified_gmt":"2026-03-19T11:41:34","slug":"ugg-lowmel-1144032-che-chestnut-sneakers-casual-womens","status":"publish","type":"product","link":"https:\/\/enerotrade.com\/de\/product\/ugg-lowmel-1144032-che-chestnut-sneakers-casual-womens\/","title":{"rendered":"UGG Lowmel Chestnut Braune Damenschuhe 1144032-CHE"},"content":{"rendered":"<div style=\"padding:0;font-family:'Segoe UI',-apple-system,sans-serif\">\n<p>  <!-- INTRO --><\/p>\n<div style=\"margin-bottom:32px;padding-bottom:32px;border-bottom:1px solid #ebebeb\">\n<p style=\"font-size:14.5px;line-height:1.85;color:#3a3a3a;margin:0\">Die UGG Lowmel Schuhe sind eine Verbindung aus sportlicher Silhouette und warmer F\u00fctterung der Marke. Gefertigt aus Wildleder in Chestnut-Ton, erg\u00e4nzt durch Textileins\u00e4tze f\u00fcr bessere Bel\u00fcftung. Die charakteristische Sohle mit gerilltem Profil sorgt f\u00fcr Stabilit\u00e4t auf verschiedenen Oberfl\u00e4chen.<\/p>\n<\/p><\/div>\n<p>  <!-- SPECYFIKACJA --><\/p>\n<div style=\"margin-bottom:32px;padding-bottom:32px;border-bottom:1px solid #ebebeb\">\n<div style=\"font-size:10px;font-weight:700;letter-spacing:3px;text-transform:uppercase;color:#bbb;margin-bottom:14px\">Spezifikation<\/div>\n<table style=\"width:100%;border-collapse:collapse\">\n<tr>\n<td style=\"padding:11px 0;border-top:1px solid #ebebeb;border-bottom:1px solid #ebebeb;font-size:13px;color:#aaa;font-weight:500\">Marke<\/td>\n<td style=\"padding:11px 0;border-top:1px solid #ebebeb;border-bottom:1px solid #ebebeb;font-size:13px;color:#1a1a1a;font-weight:500\">UGG<\/td>\n<\/tr>\n<tr>\n<td style=\"padding:11px 0;border-bottom:1px solid #ebebeb;font-size:13px;color:#aaa;font-weight:500\">Farbe<\/td>\n<td style=\"padding:11px 0;border-bottom:1px solid #ebebeb;font-size:13px;color:#1a1a1a;font-weight:500\">Chestnut, braun<\/td>\n<\/tr>\n<tr>\n<td style=\"padding:11px 0;border-bottom:1px solid #ebebeb;font-size:13px;color:#aaa;font-weight:500\">Material<\/td>\n<td style=\"padding:11px 0;border-bottom:1px solid #ebebeb;font-size:13px;color:#1a1a1a;font-weight:500\">Wildleder, Textilmaterial<\/td>\n<\/tr>\n<tr>\n<td style=\"padding:11px 0;border-bottom:1px solid #ebebeb;font-size:13px;color:#aaa;font-weight:500\">Verf\u00fcgbare Gr\u00f6\u00dfen<\/td>\n<td style=\"padding:11px 0;border-bottom:1px solid #ebebeb;font-size:13px;color:#1a1a1a;font-weight:500\">36, 37, 38, 39, 40<\/td>\n<\/tr>\n<tr>\n<td style=\"padding:11px 0;border-bottom:1px solid #ebebeb;font-size:13px;color:#aaa;font-weight:500\">Geschlecht<\/td>\n<td style=\"padding:11px 0;border-bottom:1px solid #ebebeb;font-size:13px;color:#1a1a1a;font-weight:500\">Damen<\/td>\n<\/tr>\n<tr>\n<td style=\"padding:11px 0;border-bottom:1px solid #ebebeb;font-size:13px;color:#aaa;font-weight:500\">SKU<\/td>\n<td style=\"padding:11px 0;border-bottom:1px solid #ebebeb;font-size:13px;color:#1a1a1a;font-weight:500\">1144032-CHE<\/td>\n<\/tr>\n<\/table><\/div>\n<p>  <!-- SEKCJA --><\/p>\n<div style=\"align-items:baseline;gap:16px\">\n<div style=\"width:20px;height:1px;background:#1a1a1a;flex-shrink:0;margin-top:10px\"><\/div>\n<div>\n<div style=\"font-size:10px;font-weight:700;letter-spacing:2.5px;text-transform:uppercase;color:#1a1a1a;margin-bottom:8px\">Wie tragen<\/div>\n<p style=\"font-size:13.5px;line-height:1.8;color:#666;margin:0\">Ideal f\u00fcr allt\u00e4gliche Styling-Kombinationen mit Skinny-Jeans und oversized Pullover. Sie eignen sich in Kombination mit Leggings und langer Jacke im Herbst. Passen auch zu l\u00e4ssigen Midi-Kleidern mit Strumpfhose und Mantel an k\u00fchleren Tagen.<\/p>\n<\/p><\/div>\n<\/p><\/div>\n<\/div>\n","protected":false},"excerpt":{"rendered":"<p>Damenschuhe UGG Lowmel in Chestnut verbinden klassisches Wildleder mit modernen Textilelementen. Die Plateausohle sorgt f\u00fcr zus\u00e4tzliche H\u00f6he, w\u00e4hrend das Futter Komfort an k\u00fchleren Tagen garantiert. Das Modell zeichnet sich durch charakteristische Schn\u00fcrsenkel und eine Sohle mit Profil aus.<\/p>\n","protected":false},"featured_media":36456,"template":"","meta":[],"etheme_brands":[{"term_id":145,"name":"UGG","slug":"ugg","term_group":0,"term_taxonomy_id":145,"taxonomy":"brand","description":"","parent":0,"count":6,"filter":"raw"}],"product_brand":[],"product_cat":[148,219,226,237],"product_tag":[247,246,258,249,254,256,149,244,250],"class_list":{"0":"post-30368","1":"product","2":"type-product","3":"status-publish","4":"has-post-thumbnail","6":"brand-ugg","7":"product_cat-alle-produkte","8":"product_cat-schuhe","9":"product_cat-sportschuhe","10":"product_cat-winterschuhe","11":"product_tag-braun","12":"product_tag-chestnut","13":"product_tag-damenschuhe","14":"product_tag-gefuettert","15":"product_tag-plateau","16":"product_tag-sneaker","17":"product_tag-top","18":"product_tag-ugg","19":"product_tag-wildleder","21":"first","22":"instock","23":"sale","24":"purchasable","25":"product-type-variable"},"_links":{"self":[{"href":"https:\/\/enerotrade.com\/de\/wp-json\/wp\/v2\/product\/30368","targetHints":{"allow":["GET"]}}],"collection":[{"href":"https:\/\/enerotrade.com\/de\/wp-json\/wp\/v2\/product"}],"about":[{"href":"https:\/\/enerotrade.com\/de\/wp-json\/wp\/v2\/types\/product"}],"version-history":[{"count":4,"href":"https:\/\/enerotrade.com\/de\/wp-json\/wp\/v2\/product\/30368\/revisions"}],"predecessor-version":[{"id":36756,"href":"https:\/\/enerotrade.com\/de\/wp-json\/wp\/v2\/product\/30368\/revisions\/36756"}],"wp:featuredmedia":[{"embeddable":true,"href":"https:\/\/enerotrade.com\/de\/wp-json\/wp\/v2\/media\/36456"}],"wp:attachment":[{"href":"https:\/\/enerotrade.com\/de\/wp-json\/wp\/v2\/media?parent=30368"}],"wp:term":[{"taxonomy":"brand","embeddable":true,"href":"https:\/\/enerotrade.com\/de\/wp-json\/wp\/v2\/etheme_brands?post=30368"},{"taxonomy":"product_brand","embeddable":true,"href":"https:\/\/enerotrade.com\/de\/wp-json\/wp\/v2\/product_brand?post=30368"},{"taxonomy":"product_cat","embeddable":true,"href":"https:\/\/enerotrade.com\/de\/wp-json\/wp\/v2\/product_cat?post=30368"},{"taxonomy":"product_tag","embeddable":true,"href":"https:\/\/enerotrade.com\/de\/wp-json\/wp\/v2\/product_tag?post=30368"}],"curies":[{"name":"wp","href":"https:\/\/api.w.org\/{rel}","templated":true}]}}