{"id":38257,"date":"2026-03-08T13:50:19","date_gmt":"2026-03-08T13:50:19","guid":{"rendered":"https:\/\/enerotrade.com\/de\/?post_type=product&#038;p=38257"},"modified":"2026-03-19T11:46:43","modified_gmt":"2026-03-19T11:46:43","slug":"pantoletten-birkenstock-boston-sfb-grey-grau-sho-003","status":"publish","type":"product","link":"https:\/\/enerotrade.com\/de\/product\/pantoletten-birkenstock-boston-sfb-grey-grau-sho-003\/","title":{"rendered":"Pantoletten BIRKENSTOCK Boston SFB Grey grau SHO-003"},"content":{"rendered":"<div style=\"padding:0;font-family:'Segoe UI',-apple-system,sans-serif\">\n<p>  <!-- INTRO --><\/p>\n<div style=\"margin-bottom:32px;padding-bottom:32px;border-bottom:1px solid #ebebeb\">\n<p style=\"font-size:14.5px;line-height:1.85;color:#3a3a3a;margin:0\">Die Pantoletten Boston SFB verbinden minimalistisches Design mit der Funktionalit\u00e4t geschlossener Zehen. Gefertigt aus weichem Wildleder in Grauton, ausgestattet mit verstellbarer Metallschnalle und charakteristischer Sohle aus Naturkork. Das Modell bietet Tragekomfort dank anatomisch profilierter Einlage, die sich der Fu\u00dfform anpasst.<\/p>\n<\/p><\/div>\n<p>  <!-- SPECYFIKACJA --><\/p>\n<div style=\"margin-bottom:32px;padding-bottom:32px;border-bottom:1px solid #ebebeb\">\n<div style=\"font-size:10px;font-weight:700;letter-spacing:3px;text-transform:uppercase;color:#bbb;margin-bottom:14px\">Spezifikation<\/div>\n<table style=\"width:100%;border-collapse:collapse\">\n<tr>\n<td style=\"padding:11px 0;border-top:1px solid #ebebeb;border-bottom:1px solid #ebebeb;font-size:13px;color:#aaa;font-weight:500\">Marke<\/td>\n<td style=\"padding:11px 0;border-top:1px solid #ebebeb;border-bottom:1px solid #ebebeb;font-size:13px;color:#1a1a1a;font-weight:500\">Birkenstock<\/td>\n<\/tr>\n<tr>\n<td style=\"padding:11px 0;border-bottom:1px solid #ebebeb;font-size:13px;color:#aaa;font-weight:500\">Farbe<\/td>\n<td style=\"padding:11px 0;border-bottom:1px solid #ebebeb;font-size:13px;color:#1a1a1a;font-weight:500\">Grau<\/td>\n<\/tr>\n<tr>\n<td style=\"padding:11px 0;border-bottom:1px solid #ebebeb;font-size:13px;color:#aaa;font-weight:500\">Material<\/td>\n<td style=\"padding:11px 0;border-bottom:1px solid #ebebeb;font-size:13px;color:#1a1a1a;font-weight:500\">Wildleder, Leder<\/td>\n<\/tr>\n<tr>\n<td style=\"padding:11px 0;border-bottom:1px solid #ebebeb;font-size:13px;color:#aaa;font-weight:500\">Verf\u00fcgbare Gr\u00f6\u00dfen<\/td>\n<td style=\"padding:11px 0;border-bottom:1px solid #ebebeb;font-size:13px;color:#1a1a1a;font-weight:500\">35, 36, 37, 38, 39, 40, 41, 42, 43, 44, 45, 46<\/td>\n<\/tr>\n<tr>\n<td style=\"padding:11px 0;border-bottom:1px solid #ebebeb;font-size:13px;color:#aaa;font-weight:500\">Geschlecht<\/td>\n<td style=\"padding:11px 0;border-bottom:1px solid #ebebeb;font-size:13px;color:#1a1a1a;font-weight:500\">Unisex<\/td>\n<\/tr>\n<tr>\n<td style=\"padding:11px 0;border-bottom:1px solid #ebebeb;font-size:13px;color:#aaa;font-weight:500\">SKU<\/td>\n<td style=\"padding:11px 0;border-bottom:1px solid #ebebeb;font-size:13px;color:#1a1a1a;font-weight:500\">SHO-003<\/td>\n<\/tr>\n<\/table><\/div>\n<p>  <!-- SEKCJA --><\/p>\n<div style=\"align-items:baseline;gap:16px\">\n<div style=\"width:20px;height:1px;background:#1a1a1a;flex-shrink:0;margin-top:10px\"><\/div>\n<div>\n<div style=\"font-size:10px;font-weight:700;letter-spacing:2.5px;text-transform:uppercase;color:#1a1a1a;margin-bottom:8px\">Wie tragen<\/div>\n<p style=\"font-size:13.5px;line-height:1.8;color:#666;margin:0\">Sie eignen sich als Alternative zu klassischen Hausschuhen in l\u00e4ssigen Outfits. Perfekt kombinierbar mit Jeans, Leinenhosen oder Kleidern im Boho-Stil. An k\u00fchleren Tagen k\u00f6nnen sie mit warmen Socken getragen werden und schaffen einen charakteristischen Look, der Komfort mit urbanem Stil verbindet.<\/p>\n<\/p><\/div>\n<\/p><\/div>\n<\/div>\n","protected":false},"excerpt":{"rendered":"<p>Wildleder-Pantoletten Boston SFB in grauer Farbe mit charakteristischer Schnalle und weicher Kork-Einlage. Anatomisch profilierte Sohle unterst\u00fctzt den nat\u00fcrlichen Gang. Universelles Modell f\u00fcr jedes Geschlecht in den Gr\u00f6\u00dfen 35-46.<\/p>\n","protected":false},"featured_media":38248,"template":"","meta":[],"etheme_brands":[{"term_id":472,"name":"Birkenstock","slug":"birkenstock","term_group":0,"term_taxonomy_id":472,"taxonomy":"brand","description":"","parent":0,"count":6,"filter":"raw"}],"product_brand":[],"product_cat":[148,233,219],"product_tag":[312,309,317,292,320,315,149,274,250],"class_list":{"0":"post-38257","1":"product","2":"type-product","3":"status-publish","4":"has-post-thumbnail","6":"brand-birkenstock","7":"product_cat-alle-produkte","8":"product_cat-pantoletten-sandalen","9":"product_cat-schuhe","10":"product_tag-anatomisch","11":"product_tag-birkenstock","12":"product_tag-boston","13":"product_tag-grau","14":"product_tag-kork","15":"product_tag-pantoletten","16":"product_tag-top","17":"product_tag-unisex","18":"product_tag-wildleder","20":"first","21":"instock","22":"sale","23":"taxable","24":"shipping-taxable","25":"purchasable","26":"product-type-variable","27":"has-default-attributes"},"_links":{"self":[{"href":"https:\/\/enerotrade.com\/de\/wp-json\/wp\/v2\/product\/38257","targetHints":{"allow":["GET"]}}],"collection":[{"href":"https:\/\/enerotrade.com\/de\/wp-json\/wp\/v2\/product"}],"about":[{"href":"https:\/\/enerotrade.com\/de\/wp-json\/wp\/v2\/types\/product"}],"version-history":[{"count":1,"href":"https:\/\/enerotrade.com\/de\/wp-json\/wp\/v2\/product\/38257\/revisions"}],"predecessor-version":[{"id":38332,"href":"https:\/\/enerotrade.com\/de\/wp-json\/wp\/v2\/product\/38257\/revisions\/38332"}],"wp:featuredmedia":[{"embeddable":true,"href":"https:\/\/enerotrade.com\/de\/wp-json\/wp\/v2\/media\/38248"}],"wp:attachment":[{"href":"https:\/\/enerotrade.com\/de\/wp-json\/wp\/v2\/media?parent=38257"}],"wp:term":[{"taxonomy":"brand","embeddable":true,"href":"https:\/\/enerotrade.com\/de\/wp-json\/wp\/v2\/etheme_brands?post=38257"},{"taxonomy":"product_brand","embeddable":true,"href":"https:\/\/enerotrade.com\/de\/wp-json\/wp\/v2\/product_brand?post=38257"},{"taxonomy":"product_cat","embeddable":true,"href":"https:\/\/enerotrade.com\/de\/wp-json\/wp\/v2\/product_cat?post=38257"},{"taxonomy":"product_tag","embeddable":true,"href":"https:\/\/enerotrade.com\/de\/wp-json\/wp\/v2\/product_tag?post=38257"}],"curies":[{"name":"wp","href":"https:\/\/api.w.org\/{rel}","templated":true}]}}