{"id":39235,"date":"2026-03-12T09:13:36","date_gmt":"2026-03-12T09:13:36","guid":{"rendered":"https:\/\/enerotrade.com\/de\/?post_type=product&#038;p=39235"},"modified":"2026-03-19T11:49:47","modified_gmt":"2026-03-19T11:49:47","slug":"sportschuhe-asics-gel-nyc-grau-unisex","status":"publish","type":"product","link":"https:\/\/enerotrade.com\/de\/product\/sportschuhe-asics-gel-nyc-grau-unisex\/","title":{"rendered":"Sportschuhe Asics Gel-NYC Grau unisex"},"content":{"rendered":"<div style=\"padding:0;font-family:'Segoe UI',-apple-system,sans-serif\">\n<p>  <!-- INTRO --><\/p>\n<div style=\"margin-bottom:32px;padding-bottom:32px;border-bottom:1px solid #ebebeb\">\n<p style=\"font-size:14.5px;line-height:1.85;color:#3a3a3a;margin:0\">Die Schuhe ASICS GEL-NYC in der Farbversion Cream Cloud Grey kn\u00fcpfen an die klassische \u00c4sthetik der 90er Jahre mit einem modernen Design-Ansatz an. Das Modell kombiniert Textilmaterialien mit synthetischen Elementen und schafft eine Struktur mit unterschiedlichen Texturen. Die charakteristische Sohle mit GEL-Technologie sorgt f\u00fcr D\u00e4mpfung beim Gehen.<\/p>\n<\/p><\/div>\n<p>  <!-- SPECYFIKACJA --><\/p>\n<div style=\"margin-bottom:32px;padding-bottom:32px;border-bottom:1px solid #ebebeb\">\n<div style=\"font-size:10px;font-weight:700;letter-spacing:3px;text-transform:uppercase;color:#bbb;margin-bottom:14px\">Spezifikation<\/div>\n<table style=\"width:100%;border-collapse:collapse\">\n<tr>\n<td style=\"padding:11px 0;border-top:1px solid #ebebeb;border-bottom:1px solid #ebebeb;font-size:13px;color:#aaa;font-weight:500\">Marke<\/td>\n<td style=\"padding:11px 0;border-top:1px solid #ebebeb;border-bottom:1px solid #ebebeb;font-size:13px;color:#1a1a1a;font-weight:500\">Asics<\/td>\n<\/tr>\n<tr>\n<td style=\"padding:11px 0;border-bottom:1px solid #ebebeb;font-size:13px;color:#aaa;font-weight:500\">Farbe<\/td>\n<td style=\"padding:11px 0;border-bottom:1px solid #ebebeb;font-size:13px;color:#1a1a1a;font-weight:500\">Grau<\/td>\n<\/tr>\n<tr>\n<td style=\"padding:11px 0;border-bottom:1px solid #ebebeb;font-size:13px;color:#aaa;font-weight:500\">Material<\/td>\n<td style=\"padding:11px 0;border-bottom:1px solid #ebebeb;font-size:13px;color:#1a1a1a;font-weight:500\">Textilmaterial, Synthetik<\/td>\n<\/tr>\n<tr>\n<td style=\"padding:11px 0;border-bottom:1px solid #ebebeb;font-size:13px;color:#aaa;font-weight:500\">Verf\u00fcgbare Gr\u00f6\u00dfen<\/td>\n<td style=\"padding:11px 0;border-bottom:1px solid #ebebeb;font-size:13px;color:#1a1a1a;font-weight:500\">36, 37, 38, 39, 40, 41, 42, 43, 44, 45<\/td>\n<\/tr>\n<tr>\n<td style=\"padding:11px 0;border-bottom:1px solid #ebebeb;font-size:13px;color:#aaa;font-weight:500\">Geschlecht<\/td>\n<td style=\"padding:11px 0;border-bottom:1px solid #ebebeb;font-size:13px;color:#1a1a1a;font-weight:500\">Unisex<\/td>\n<\/tr>\n<tr>\n<td style=\"padding:11px 0;border-bottom:1px solid #ebebeb;font-size:13px;color:#aaa;font-weight:500\">SKU<\/td>\n<td style=\"padding:11px 0;border-bottom:1px solid #ebebeb;font-size:13px;color:#1a1a1a;font-weight:500\">1203A663-101<\/td>\n<\/tr>\n<\/table><\/div>\n<p>  <!-- SEKCJA --><\/p>\n<div style=\"align-items:baseline;gap:16px\">\n<div style=\"width:20px;height:1px;background:#1a1a1a;flex-shrink:0;margin-top:10px\"><\/div>\n<div>\n<div style=\"font-size:10px;font-weight:700;letter-spacing:2.5px;text-transform:uppercase;color:#1a1a1a;margin-bottom:8px\">Styling-Tipps<\/div>\n<p style=\"font-size:13.5px;line-height:1.8;color:#666;margin:0\">Diese Sportschuhe lassen sich perfekt mit Skinny-Jeans und Oversize-Sweatshirt kombinieren und schaffen einen l\u00e4ssigen Alltags-Look. Sie eignen sich auch in Kombination mit Joggern und Basic-T-Shirt f\u00fcr sportliche Aktivit\u00e4ten oder Spazierg\u00e4nge. Die neutrale Farbgebung erm\u00f6glicht eine einfache Anpassung an die Garderobe in Grau-, Wei\u00df- und Beiget\u00f6nen.<\/p>\n<\/p><\/div>\n<\/p><\/div>\n<\/div>\n","protected":false},"excerpt":{"rendered":"<p>Sportschuhe ASICS GEL-NYC in der Farbgebung Cream Cloud Grey verbinden Retro-Design mit moderner Technologie. Aus Textilmaterialien und Synthetik gefertigt, bieten sie Komfort bei ganzt\u00e4gigem Tragen.<\/p>\n","protected":false},"featured_media":39229,"template":"","meta":[],"etheme_brands":[{"term_id":473,"name":"Asics","slug":"asics","term_group":0,"term_taxonomy_id":473,"taxonomy":"brand","description":"","parent":0,"count":6,"filter":"raw"}],"product_brand":[],"product_cat":[148,219,226],"product_tag":[466,279,467,292,272,277,469,448,149],"class_list":{"0":"post-39235","1":"product","2":"type-product","3":"status-publish","4":"has-post-thumbnail","6":"brand-asics","7":"product_cat-alle-produkte","8":"product_cat-schuhe","9":"product_cat-sportschuhe","10":"product_tag-asics","11":"product_tag-daempfung","12":"product_tag-gel-nyc","13":"product_tag-grau","14":"product_tag-retro","15":"product_tag-sportschuhe","16":"product_tag-synthetik","17":"product_tag-textilmaterial","18":"product_tag-top","20":"first","21":"instock","22":"sale","23":"taxable","24":"shipping-taxable","25":"purchasable","26":"product-type-variable","27":"has-default-attributes"},"_links":{"self":[{"href":"https:\/\/enerotrade.com\/de\/wp-json\/wp\/v2\/product\/39235","targetHints":{"allow":["GET"]}}],"collection":[{"href":"https:\/\/enerotrade.com\/de\/wp-json\/wp\/v2\/product"}],"about":[{"href":"https:\/\/enerotrade.com\/de\/wp-json\/wp\/v2\/types\/product"}],"version-history":[{"count":1,"href":"https:\/\/enerotrade.com\/de\/wp-json\/wp\/v2\/product\/39235\/revisions"}],"predecessor-version":[{"id":39288,"href":"https:\/\/enerotrade.com\/de\/wp-json\/wp\/v2\/product\/39235\/revisions\/39288"}],"wp:featuredmedia":[{"embeddable":true,"href":"https:\/\/enerotrade.com\/de\/wp-json\/wp\/v2\/media\/39229"}],"wp:attachment":[{"href":"https:\/\/enerotrade.com\/de\/wp-json\/wp\/v2\/media?parent=39235"}],"wp:term":[{"taxonomy":"brand","embeddable":true,"href":"https:\/\/enerotrade.com\/de\/wp-json\/wp\/v2\/etheme_brands?post=39235"},{"taxonomy":"product_brand","embeddable":true,"href":"https:\/\/enerotrade.com\/de\/wp-json\/wp\/v2\/product_brand?post=39235"},{"taxonomy":"product_cat","embeddable":true,"href":"https:\/\/enerotrade.com\/de\/wp-json\/wp\/v2\/product_cat?post=39235"},{"taxonomy":"product_tag","embeddable":true,"href":"https:\/\/enerotrade.com\/de\/wp-json\/wp\/v2\/product_tag?post=39235"}],"curies":[{"name":"wp","href":"https:\/\/api.w.org\/{rel}","templated":true}]}}