{"id":6651,"date":"2018-06-08T09:04:24","date_gmt":"2018-06-08T09:04:24","guid":{"rendered":"https:\/\/xstore.8theme.com\/demos\/2\/marseille02\/?page_id=6651"},"modified":"2026-03-05T18:22:52","modified_gmt":"2026-03-05T18:22:52","slug":"contacto","status":"publish","type":"page","link":"https:\/\/enerotrade.com\/es\/contacto\/","title":{"rendered":"Contacto"},"content":{"rendered":"\t\t<div data-elementor-type=\"wp-page\" data-elementor-id=\"6651\" class=\"elementor elementor-6651\" data-elementor-post-type=\"page\">\n\t\t\t\t\t\t<section class=\"elementor-section elementor-top-section elementor-element elementor-element-3d4f1bd5 elementor-section-stretched elementor-section-content-middle elementor-section-boxed elementor-section-height-default elementor-section-height-default\" data-id=\"3d4f1bd5\" data-element_type=\"section\" data-e-type=\"section\" data-settings=\"{&quot;stretch_section&quot;:&quot;section-stretched&quot;,&quot;background_background&quot;:&quot;classic&quot;}\">\n\t\t\t\t\t\t<div class=\"elementor-container elementor-column-gap-custom\">\n\t\t\t\t\t<div class=\"elementor-column elementor-col-100 elementor-top-column elementor-element elementor-element-305c5b6b\" data-id=\"305c5b6b\" data-element_type=\"column\" data-e-type=\"column\">\n\t\t\t<div class=\"elementor-widget-wrap elementor-element-populated\">\n\t\t\t\t\t\t<div class=\"elementor-element elementor-element-89dba60 elementor-widget elementor-widget-text-editor\" data-id=\"89dba60\" data-element_type=\"widget\" data-e-type=\"widget\" data-widget_type=\"text-editor.default\">\n\t\t\t\t\t\t\t\t\t<div class=\"enero-container\">\n<h1>Cont\u00e1ctanos<\/h1>\n\n<div class=\"enero-highlight\">Estamos disponibles en d\u00edas laborables de <strong>8:00 a 16:00<\/strong>. Normalmente respondemos en un plazo de <strong>1\u20132 d\u00edas laborables<\/strong>.<\/div>\n\n<div class=\"enero-contact-grid cols-2\">\n\n<div>\n\n<div class=\"enero-card\">\n<h3>Atenci\u00f3n al cliente<\/h3>\n\n<div class=\"enero-kvs\">\n<div class=\"enero-ico\">\u260e\ufe0f<\/div>\n<div>\n<div><strong>Tel\u00e9fono:<\/strong> <span style=\"color: #555555; background-color: rgba(0, 0, 0, 0);\">+48 731 785 059<\/span><\/div>\n<div>Lun\u2013Vie 8:00\u201316:00<\/div>\n<\/div>\n<\/div>\n\n<div class=\"enero-kvs\">\n<div class=\"enero-ico\">\u2709\ufe0f<\/div>\n<div>\n<div><strong>E-mail:<\/strong> <span style=\"color: #555555; background-color: rgba(0, 0, 0, 0);\">info@enerotrade.com<\/span><\/div>\n<div>Respondemos a las consultas en el orden en que se reciben<\/div>\n<div><\/div>\n<\/div>\n<\/div>\n\n<\/div>\n\n\n<div class=\"enero-card\">\n\n<h3>Datos de la empresa<\/h3>\n\n<p style=\"font-size: 16px; color: #888888;\">TRENTIX SP\u00d3\u0141KA Z OGRANICZON\u0104 ODPOWIEDZIALNO\u015aCI\u0104<\/p>\n\n<p style=\"font-size: 16px; color: #888888;\">\nAleje Jerozolimskie 109\/70  \n02-011 Warszawa\n<\/p>\n\n<p style=\"font-size: 16px; color: #888888;\">\nKRS: 0001164664  \nNIP: 7011254127  \nREGON: 541369670\n<\/p>\n\n<div><\/div>\n\nRecogida personal <strong>no disponible<\/strong> \u2013 la venta y la atenci\u00f3n al cliente se realizan exclusivamente a distancia.\n\n<div class=\"enero-btns\">\n\n<a class=\"enero-btn\" href=\"https:\/\/enerotrade.com\/es\/reglas-de-la-tienda\/\">T\u00e9rminos y condiciones \/ Reglas de la tienda<\/a>\n\n<a class=\"enero-btn\" href=\"https:\/\/enerotrade.com\/es\/politica-de-privacidad\/\">Privacidad<\/a>\n\n<\/div>\n\n<div><\/div>\n\n<\/div>\n\n<\/div>\n\n\n\n<div>\n\n<div class=\"enero-card\">\n\n<strong>Devoluciones y reclamaciones<\/strong>\n\n<div class=\"enero-divider\"><\/div>\n\n<em>Direcci\u00f3n del almac\u00e9n de env\u00edo y direcci\u00f3n para devoluciones y reclamaciones<\/em> (por env\u00edo):\n\n<p style=\"font-size: 16px; color: #888888;\">TRENTIX SP\u00d3\u0141KA Z OGRANICZON\u0104 ODPOWIEDZIALNO\u015aCI\u0104<\/p>\n\n<p style=\"font-size: 16px; color: #888888;\">02-457 Warszawa, Ul. Czere\u015bniowa 23E, Polska<\/p>\n\n<div class=\"enero-btns\">\n\n<a class=\"enero-btn\" href=\"https:\/\/enerotrade.com\/es\/devoluciones-cambios-y-reclamaciones\/\">Proceso de devoluci\u00f3n<\/a>\n\n<a class=\"enero-btn\" href=\"https:\/\/enerotrade.com\/es\/formulario-de-reclamacion\/\">Formulario de reclamaci\u00f3n<\/a>\n\n<a class=\"enero-btn\" href=\"https:\/\/enerotrade.com\/es\/formulario-de-desistimiento\/\">Formulario de desistimiento \/ devoluci\u00f3n<\/a>\n\n<\/div>\n\n<\/div>\n\n\n<div class=\"enero-card\">\n\n<h3>Horario de atenci\u00f3n al cliente<\/h3>\n\n<div>\n\n<div>Lunes\u2013Viernes<\/div>\n<div><strong>8:00\u201316:00<\/strong><\/div>\n\n<div>S\u00e1bado\u2013Domingo<\/div>\n<div>cerrado<\/div>\n\n<\/div>\n\n<\/div>\n\n<\/div>\n\n<\/div>\n\n\n\n<div id=\"formularz-kontaktowy\" class=\"enero-card\" style=\"margin-top: 16px;\">\n\n<h3>Formulario de contacto<\/h3>\n\nLa forma m\u00e1s c\u00f3moda de contactarnos es a trav\u00e9s del formulario \u2013 enviaremos la respuesta a la direcci\u00f3n de e-mail indicada.\n\n<div class=\"enero-divider\"><\/div>\n\n<!-- UWAGA: shortcode wstaw w BLOKU SHORTCODE (nie w HTML) -->\n\n<div class=\"enero-cf7\">\n<div class=\"wpcf7 no-js\" id=\"wpcf7-f6512-o1\" lang=\"en-US\" dir=\"ltr\" data-wpcf7-id=\"6512\">\n<div class=\"screen-reader-response\"><p role=\"status\" aria-live=\"polite\" aria-atomic=\"true\"><\/p> <ul><\/ul><\/div>\n<form action=\"\/es\/wp-json\/wp\/v2\/pages\/6651#wpcf7-f6512-o1\" method=\"post\" class=\"wpcf7-form init\" aria-label=\"Contact form\" novalidate=\"novalidate\" data-status=\"init\">\n<fieldset class=\"hidden-fields-container\"><input type=\"hidden\" name=\"_wpcf7\" value=\"6512\" \/><input type=\"hidden\" name=\"_wpcf7_version\" value=\"6.1.5\" \/><input type=\"hidden\" name=\"_wpcf7_locale\" value=\"en_US\" \/><input type=\"hidden\" name=\"_wpcf7_unit_tag\" value=\"wpcf7-f6512-o1\" \/><input type=\"hidden\" name=\"_wpcf7_container_post\" value=\"0\" \/><input type=\"hidden\" name=\"_wpcf7_posted_data_hash\" value=\"\" \/>\n<\/fieldset>\n<p><label> Nombre<br \/>\n<span class=\"wpcf7-form-control-wrap\" data-name=\"your-name\"><input size=\"40\" maxlength=\"400\" class=\"wpcf7-form-control wpcf7-text wpcf7-validates-as-required\" aria-required=\"true\" aria-invalid=\"false\" value=\"\" type=\"text\" name=\"your-name\" \/><\/span><br \/>\n<\/label>\n<\/p>\n<p><label> Su correo electr\u00f3nico<br \/>\n<span class=\"wpcf7-form-control-wrap\" data-name=\"your-email\"><input size=\"40\" maxlength=\"400\" class=\"wpcf7-form-control wpcf7-email wpcf7-validates-as-required wpcf7-text wpcf7-validates-as-email\" aria-required=\"true\" aria-invalid=\"false\" value=\"\" type=\"email\" name=\"your-email\" \/><\/span><br \/>\n<\/label>\n<\/p>\n<p><label> Asunto<br \/>\n<span class=\"wpcf7-form-control-wrap\" data-name=\"your-subject\"><input size=\"40\" maxlength=\"400\" class=\"wpcf7-form-control wpcf7-text\" aria-invalid=\"false\" value=\"\" type=\"text\" name=\"your-subject\" \/><\/span><br \/>\n<\/label>\n<\/p>\n<p><label> Mensaje<br \/>\n<span class=\"wpcf7-form-control-wrap\" data-name=\"your-message\"><textarea cols=\"40\" rows=\"10\" maxlength=\"2000\" class=\"wpcf7-form-control wpcf7-textarea\" aria-invalid=\"false\" name=\"your-message\"><\/textarea><\/span><br \/>\n<\/label>\n<\/p>\n<p><span class=\"wpcf7-form-control-wrap\" data-name=\"acceptance-561\"><span class=\"wpcf7-form-control wpcf7-acceptance\"><span class=\"wpcf7-list-item\"><label><input type=\"checkbox\" name=\"acceptance-561\" value=\"1\" aria-invalid=\"false\" \/><span class=\"wpcf7-list-item-label\">He le\u00eddo la \n<a href=\"https:\/\/enerotrade.com\/es\/politica-de-privacidad\/\" target=\"_blank\"><strong>Pol\u00edtica de privacidad<\/strong><\/a> \ny acepto el tratamiento de mis datos personales para gestionar mi consulta.<\/span><\/label><\/span><\/span><\/span>\n<\/p>\n<p><input class=\"wpcf7-form-control wpcf7-submit has-spinner\" type=\"submit\" value=\"Enviar\" \/>\n<\/p><div class=\"wpcf7-response-output\" aria-hidden=\"true\"><\/div>\n<\/form>\n<\/div>\n<\/div>\n\n<\/div>\n\n\n\n<div style=\"margin-top: 16px;\">\n\n<strong>GDPR:<\/strong> El responsable del tratamiento de datos es TRENTIX SP\u00d3\u0141KA Z OGRANICZON\u0104 ODPOWIEDZIALNO\u015aCI\u0104.  \nLos detalles sobre el tratamiento de datos se encuentran en la\n\n<a href=\"https:\/\/enerotrade.com\/es\/politica-de-privacidad\/\">Pol\u00edtica de privacidad<\/a>  \ny en la  \n\n<a href=\"https:\/\/enerotrade.com\/es\/clausula-informativa-gdpr\/\">Cl\u00e1usula informativa GDPR<\/a>.\n\n<\/div>\n\n<\/div>\t\t\t\t\t\t\t\t<\/div>\n\t\t\t\t\t<\/div>\n\t\t<\/div>\n\t\t\t\t\t<\/div>\n\t\t<\/section>\n\t\t\t\t<\/div>\n\t\t","protected":false},"excerpt":{"rendered":"<p>Cont\u00e1ctanos Estamos disponibles en d\u00edas laborables de 8:00 a 16:00. Normalmente respondemos en un plazo de 1\u20132 d\u00edas laborables. Atenci\u00f3n al cliente \u260e\ufe0f Tel\u00e9fono: +48&#8230;<\/p>\n","protected":false},"author":1,"featured_media":0,"parent":0,"menu_order":0,"comment_status":"closed","ping_status":"closed","template":"","meta":{"footnotes":""},"class_list":["post-6651","page","type-page","status-publish","hentry"],"_links":{"self":[{"href":"https:\/\/enerotrade.com\/es\/wp-json\/wp\/v2\/pages\/6651","targetHints":{"allow":["GET"]}}],"collection":[{"href":"https:\/\/enerotrade.com\/es\/wp-json\/wp\/v2\/pages"}],"about":[{"href":"https:\/\/enerotrade.com\/es\/wp-json\/wp\/v2\/types\/page"}],"author":[{"embeddable":true,"href":"https:\/\/enerotrade.com\/es\/wp-json\/wp\/v2\/users\/1"}],"replies":[{"embeddable":true,"href":"https:\/\/enerotrade.com\/es\/wp-json\/wp\/v2\/comments?post=6651"}],"version-history":[{"count":100,"href":"https:\/\/enerotrade.com\/es\/wp-json\/wp\/v2\/pages\/6651\/revisions"}],"predecessor-version":[{"id":34129,"href":"https:\/\/enerotrade.com\/es\/wp-json\/wp\/v2\/pages\/6651\/revisions\/34129"}],"wp:attachment":[{"href":"https:\/\/enerotrade.com\/es\/wp-json\/wp\/v2\/media?parent=6651"}],"curies":[{"name":"wp","href":"https:\/\/api.w.org\/{rel}","templated":true}]}}