{"id":8831,"date":"2025-08-27T06:43:30","date_gmt":"2025-08-27T06:43:30","guid":{"rendered":"https:\/\/grelse.com\/?page_id=8831"},"modified":"2026-03-05T18:29:50","modified_gmt":"2026-03-05T18:29:50","slug":"formulario-de-desistimiento","status":"publish","type":"page","link":"https:\/\/enerotrade.com\/es\/formulario-de-desistimiento\/","title":{"rendered":"Formulario de desistimiento"},"content":{"rendered":"\t\t<div data-elementor-type=\"wp-page\" data-elementor-id=\"8831\" class=\"elementor elementor-8831\" data-elementor-post-type=\"page\">\n\t\t\t\t<div class=\"elementor-element elementor-element-d4442a8 e-flex e-con-boxed e-con e-parent\" data-id=\"d4442a8\" data-element_type=\"container\" data-e-type=\"container\">\n\t\t\t\t\t<div class=\"e-con-inner\">\n\t\t\t\t<div class=\"elementor-element elementor-element-32ef8be elementor-widget elementor-widget-text-editor\" data-id=\"32ef8be\" data-element_type=\"widget\" data-e-type=\"widget\" data-widget_type=\"text-editor.default\">\n\t\t\t\t\t\t\t\t\t<div class=\"enero-container\">\n\n<h1>Formulario de devoluci\u00f3n \/ desistimiento<\/h1>\n\nEste formulario permite \u2014 conforme a los derechos de los consumidores vigentes \u2014 desistir de un contrato celebrado a distancia y devolver los productos comprados en la tienda online <strong>enerotrade.com<\/strong>.\n\n<div class=\"enero-card\">\n\n<h3>Datos del cliente:<\/h3>\n\n<ul>\n \t<li>Nombre y apellidos: &#8230;&#8230;&#8230;&#8230;&#8230;&#8230;&#8230;&#8230;&#8230;&#8230;&#8230;&#8230;&#8230;&#8230;&#8230;&#8230;<\/li>\n \t<li>Direcci\u00f3n: &#8230;&#8230;&#8230;&#8230;&#8230;&#8230;&#8230;&#8230;&#8230;&#8230;&#8230;&#8230;&#8230;&#8230;&#8230;&#8230;&#8230;&#8230;&#8230;&#8230;<\/li>\n \t<li>Direcci\u00f3n de e-mail: &#8230;&#8230;&#8230;&#8230;&#8230;&#8230;&#8230;&#8230;&#8230;&#8230;&#8230;&#8230;&#8230;&#8230;&#8230;&#8230;<\/li>\n \t<li>Tel\u00e9fono de contacto: &#8230;&#8230;&#8230;&#8230;&#8230;&#8230;&#8230;&#8230;&#8230;&#8230;&#8230;&#8230;<\/li>\n<\/ul>\n\n<\/div>\n\n\n<div class=\"enero-card\">\n\n<h3>Datos del pedido:<\/h3>\n\n<ul>\n \t<li>N\u00famero de pedido: &#8230;&#8230;&#8230;&#8230;&#8230;&#8230;&#8230;&#8230;&#8230;&#8230;&#8230;&#8230;&#8230;<\/li>\n \t<li>Fecha del pedido: &#8230;&#8230;&#8230;&#8230;&#8230;&#8230;&#8230;&#8230;&#8230;<\/li>\n \t<li>Fecha de entrega (recepci\u00f3n del producto): &#8230;&#8230;&#8230;&#8230;&#8230;&#8230;&#8230;&#8230;&#8230;&#8230;.<\/li>\n<\/ul>\n\n<\/div>\n\n\n<div class=\"enero-card\">\n\n<h3>Producto \/ productos devueltos:<\/h3>\n\n&#8230;&#8230;&#8230;&#8230;&#8230;&#8230;&#8230;&#8230;&#8230;&#8230;&#8230;&#8230;&#8230;&#8230;&#8230;&#8230;&#8230;&#8230;&#8230;&#8230;&#8230;&#8230;&#8230;&#8230;&#8230;&#8230;&#8230;&#8230;&#8230;&#8230;&#8230;&#8230;&#8230;&#8230;&#8230;&#8230;&#8230;&#8230;&#8230;&#8230;&#8230;&#8230;&#8230;&#8230;&#8230;&#8230;&#8230;&#8230;&#8230;&#8230;&#8230;&#8230;&#8230;&#8230;&#8230;&#8230;&#8230;&#8230;&#8230;&#8230;&#8230;&#8230;&#8230;&#8230;&#8230;&#8230;&#8230;&#8230;..\n\n<\/div>\n\n\n<div class=\"enero-card\">\n\n<h3>Motivo de la devoluci\u00f3n (opcional):<\/h3>\n\n&#8230;&#8230;&#8230;&#8230;&#8230;&#8230;&#8230;&#8230;&#8230;&#8230;&#8230;&#8230;&#8230;&#8230;&#8230;&#8230;&#8230;&#8230;&#8230;&#8230;&#8230;&#8230;&#8230;&#8230;&#8230;&#8230;&#8230;&#8230;&#8230;&#8230;&#8230;&#8230;&#8230;&#8230;&#8230;&#8230;&#8230;&#8230;&#8230;&#8230;&#8230;&#8230;&#8230;&#8230;&#8230;&#8230;&#8230;&#8230;&#8230;&#8230;&#8230;&#8230;&#8230;&#8230;&#8230;&#8230;&#8230;&#8230;&#8230;&#8230;&#8230;&#8230;&#8230;&#8230;&#8230;&#8230;&#8230;&#8230;..\n\n<\/div>\n\n\n<div class=\"enero-highlight\">\n\n<strong>Nota sobre el reembolso:<\/strong> El reembolso se realizar\u00e1, por regla general, mediante el mismo m\u00e9todo de pago utilizado en el pedido (de acuerdo con nuestras pol\u00edticas de pago y devoluci\u00f3n).\n\n<\/div>\n\n\n<div class=\"enero-card\">\n\nPor la presente declaro que desisto del contrato celebrado a distancia y devuelvo el\/los producto(s) mencionado(s) anteriormente.\n\n<br><br>\n\nFecha: &#8230;&#8230;&#8230;&#8230;&#8230;&#8230;&#8230;&#8230;&#8230;&#8230;&#8230;&#8230;&#8230;&#8230;\n\n<br><br>\n\nFirma (si se env\u00eda en formulario en papel): &#8230;&#8230;&#8230;&#8230;&#8230;&#8230;&#8230;&#8230;&#8230;&#8230;&#8230;&#8230;&#8230;&#8230;\n\n<\/div>\n\n<\/div>\t\t\t\t\t\t\t\t<\/div>\n\t\t\t\t\t<\/div>\n\t\t\t\t<\/div>\n\t\t\t\t<\/div>\n\t\t","protected":false},"excerpt":{"rendered":"<p>Formulario de devoluci\u00f3n \/ desistimiento Este formulario permite \u2014 conforme a los derechos de los consumidores vigentes \u2014 desistir de un contrato celebrado a distancia&#8230;<\/p>\n","protected":false},"author":1,"featured_media":0,"parent":0,"menu_order":0,"comment_status":"closed","ping_status":"closed","template":"","meta":{"footnotes":""},"class_list":["post-8831","page","type-page","status-publish","hentry"],"_links":{"self":[{"href":"https:\/\/enerotrade.com\/es\/wp-json\/wp\/v2\/pages\/8831","targetHints":{"allow":["GET"]}}],"collection":[{"href":"https:\/\/enerotrade.com\/es\/wp-json\/wp\/v2\/pages"}],"about":[{"href":"https:\/\/enerotrade.com\/es\/wp-json\/wp\/v2\/types\/page"}],"author":[{"embeddable":true,"href":"https:\/\/enerotrade.com\/es\/wp-json\/wp\/v2\/users\/1"}],"replies":[{"embeddable":true,"href":"https:\/\/enerotrade.com\/es\/wp-json\/wp\/v2\/comments?post=8831"}],"version-history":[{"count":30,"href":"https:\/\/enerotrade.com\/es\/wp-json\/wp\/v2\/pages\/8831\/revisions"}],"predecessor-version":[{"id":34142,"href":"https:\/\/enerotrade.com\/es\/wp-json\/wp\/v2\/pages\/8831\/revisions\/34142"}],"wp:attachment":[{"href":"https:\/\/enerotrade.com\/es\/wp-json\/wp\/v2\/media?parent=8831"}],"curies":[{"name":"wp","href":"https:\/\/api.w.org\/{rel}","templated":true}]}}