{"id":34186,"date":"2026-03-06T04:52:13","date_gmt":"2026-03-06T04:52:13","guid":{"rendered":"https:\/\/enerotrade.com\/es\/?post_type=product&#038;p=34186"},"modified":"2026-03-09T08:21:12","modified_gmt":"2026-03-09T08:21:12","slug":"zapatillas-vaquitas-beige-rosa-mujer-prd-002","status":"publish","type":"product","link":"https:\/\/enerotrade.com\/es\/product\/zapatillas-vaquitas-beige-rosa-mujer-prd-002\/","title":{"rendered":"Zapatillas Vaquitas Beige Rosa Mujer PRD-002"},"content":{"rendered":"<div style=\"padding: 0; font-family: 'Segoe UI',-apple-system,sans-serif;\">\n<p><!-- INTRO --><\/p>\n<div style=\"margin-bottom: 32px; padding-bottom: 32px; border-bottom: 1px solid #ebebeb;\">\n<p style=\"font-size: 14.5px; line-height: 1.85; color: #3a3a3a; margin: 0;\">Las zapatillas de casa con caracter\u00edstico motivo de vaquita combinan funcionalidad con dise\u00f1o divertido. Elaboradas en suave tejido de algod\u00f3n en tonos beige y rosa. La aplicaci\u00f3n representa una cabecita de vaca con hocico rosa, ojitos negros y una peque\u00f1a flor en la oreja.<\/p>\n<\/div>\n<p><!-- SPECYFIKACJA --><\/p>\n<div style=\"margin-bottom: 32px; padding-bottom: 32px; border-bottom: 1px solid #ebebeb;\">\n<div style=\"font-size: 10px; font-weight: bold; letter-spacing: 3px; text-transform: uppercase; color: #bbb; margin-bottom: 14px;\">Especificaciones<\/div>\n<table style=\"width: 100%; border-collapse: collapse;\">\n<tbody>\n<tr>\n<td style=\"padding: 11px 0; border-bottom: 1px solid #ebebeb; font-size: 13px; color: #aaa; font-weight: 500;\">Color<\/td>\n<td style=\"padding: 11px 0; border-bottom: 1px solid #ebebeb; font-size: 13px; color: #1a1a1a; font-weight: 500;\">Beige, rosa<\/td>\n<\/tr>\n<tr>\n<td style=\"padding: 11px 0; border-bottom: 1px solid #ebebeb; font-size: 13px; color: #aaa; font-weight: 500;\">Material<\/td>\n<td style=\"padding: 11px 0; border-bottom: 1px solid #ebebeb; font-size: 13px; color: #1a1a1a; font-weight: 500;\">Tejido de algod\u00f3n<\/td>\n<\/tr>\n<tr>\n<td style=\"padding: 11px 0; border-bottom: 1px solid #ebebeb; font-size: 13px; color: #aaa; font-weight: 500;\">Tallas disponibles<\/td>\n<td style=\"padding: 11px 0; border-bottom: 1px solid #ebebeb; font-size: 13px; color: #1a1a1a; font-weight: 500;\">36, 37, 38, 39, 40<\/td>\n<\/tr>\n<tr>\n<td style=\"padding: 11px 0; border-bottom: 1px solid #ebebeb; font-size: 13px; color: #aaa; font-weight: 500;\">G\u00e9nero<\/td>\n<td style=\"padding: 11px 0; border-bottom: 1px solid #ebebeb; font-size: 13px; color: #1a1a1a; font-weight: 500;\">Mujer<\/td>\n<\/tr>\n<tr>\n<td style=\"padding: 11px 0; border-bottom: 1px solid #ebebeb; font-size: 13px; color: #aaa; font-weight: 500;\">SKU<\/td>\n<td style=\"padding: 11px 0; border-bottom: 1px solid #ebebeb; font-size: 13px; color: #1a1a1a; font-weight: 500;\">PRD-002<\/td>\n<\/tr>\n<\/tbody>\n<\/table>\n<\/div>\n<p><!-- SEKCJA --><\/p>\n<div style=\"align-items: baseline; gap: 16px;\">\n<div style=\"width: 20px; height: 1px; background: #1a1a1a; flex-shrink: 0; margin-top: 10px;\"><\/div>\n<div>\n<div style=\"font-size: 10px; font-weight: bold; letter-spacing: 2.5px; text-transform: uppercase; color: #1a1a1a; margin-bottom: 8px;\">Uso<\/div>\n<p style=\"font-size: 13.5px; line-height: 1.8; color: #666; margin: 0;\">Ideales como calzado de casa para uso diario en el apartamento o hogar. Perfectas durante el descanso despu\u00e9s del trabajo o en las ma\u00f1anas de fin de semana. Pueden servir como regalo original para amantes de los animales o personas que aprecian los complementos divertidos.<\/p>\n<\/div>\n<\/div>\n<\/div>\n","protected":false},"excerpt":{"rendered":"<p>Zapatillas de casa con motivo de vaquita elaboradas en suave tejido de algod\u00f3n. Aplicaci\u00f3n en forma de alegre cabecita de vaca con hocico rosa y florecita. Suela c\u00f3moda que garantiza confort durante el uso en casa.<\/p>\n","protected":false},"featured_media":34182,"template":"","meta":[],"etheme_brands":[],"product_brand":[],"product_cat":[148,234,219],"product_tag":[250,251,253,255,249,254,252,248],"class_list":{"0":"post-34186","1":"product","2":"type-product","3":"status-publish","4":"has-post-thumbnail","6":"product_cat-todos-los-productos","7":"product_cat-zapatillas-de-casa","8":"product_cat-zapatos","9":"product_tag-algodon","10":"product_tag-beige","11":"product_tag-calzado-de-casa","12":"product_tag-comodas","13":"product_tag-motivo-de-vaca","14":"product_tag-mujer","15":"product_tag-rosa","16":"product_tag-zapatillas-de-casa","18":"first","19":"instock","20":"taxable","21":"shipping-taxable","22":"purchasable","23":"product-type-variable","24":"has-default-attributes"},"_links":{"self":[{"href":"https:\/\/enerotrade.com\/es\/wp-json\/wp\/v2\/product\/34186","targetHints":{"allow":["GET"]}}],"collection":[{"href":"https:\/\/enerotrade.com\/es\/wp-json\/wp\/v2\/product"}],"about":[{"href":"https:\/\/enerotrade.com\/es\/wp-json\/wp\/v2\/types\/product"}],"version-history":[{"count":2,"href":"https:\/\/enerotrade.com\/es\/wp-json\/wp\/v2\/product\/34186\/revisions"}],"predecessor-version":[{"id":34978,"href":"https:\/\/enerotrade.com\/es\/wp-json\/wp\/v2\/product\/34186\/revisions\/34978"}],"wp:featuredmedia":[{"embeddable":true,"href":"https:\/\/enerotrade.com\/es\/wp-json\/wp\/v2\/media\/34182"}],"wp:attachment":[{"href":"https:\/\/enerotrade.com\/es\/wp-json\/wp\/v2\/media?parent=34186"}],"wp:term":[{"taxonomy":"brand","embeddable":true,"href":"https:\/\/enerotrade.com\/es\/wp-json\/wp\/v2\/etheme_brands?post=34186"},{"taxonomy":"product_brand","embeddable":true,"href":"https:\/\/enerotrade.com\/es\/wp-json\/wp\/v2\/product_brand?post=34186"},{"taxonomy":"product_cat","embeddable":true,"href":"https:\/\/enerotrade.com\/es\/wp-json\/wp\/v2\/product_cat?post=34186"},{"taxonomy":"product_tag","embeddable":true,"href":"https:\/\/enerotrade.com\/es\/wp-json\/wp\/v2\/product_tag?post=34186"}],"curies":[{"name":"wp","href":"https:\/\/api.w.org\/{rel}","templated":true}]}}