{"id":34350,"date":"2026-03-08T08:20:40","date_gmt":"2026-03-08T08:20:40","guid":{"rendered":"https:\/\/enerotrade.com\/es\/?post_type=product&#038;p=34350"},"modified":"2026-03-09T08:22:54","modified_gmt":"2026-03-09T08:22:54","slug":"bolso-shopper-bag-crema-mujer-bag-001","status":"publish","type":"product","link":"https:\/\/enerotrade.com\/es\/product\/bolso-shopper-bag-crema-mujer-bag-001\/","title":{"rendered":"Bolso Shopper Bag Crema Mujer BAG-001"},"content":{"rendered":"<div style=\"padding: 0; font-family: 'Segoe UI',-apple-system,sans-serif;\">\n<p><!-- INTRO --><\/p>\n<div style=\"margin-bottom: 32px; padding-bottom: 32px; border-bottom: 1px solid #ebebeb;\">\n<p style=\"font-size: 14.5px; line-height: 1.85; color: #3a3a3a; margin: 0;\">Bolso shopper bag trenzado a mano de cord\u00f3n de poli\u00e9ster que combina funcionalidad con dise\u00f1o art\u00edstico. Base crema adornada con elementos multicolores en tonalidades marrones, beiges y naranjas que crean un patr\u00f3n caracter\u00edstico. El cierre con cordones garantiza la seguridad del contenido manteniendo un f\u00e1cil acceso.<\/p>\n<\/div>\n<p><!-- SPECYFIKACJA --><\/p>\n<div style=\"margin-bottom: 32px; padding-bottom: 32px; border-bottom: 1px solid #ebebeb;\">\n<div style=\"font-size: 10px; font-weight: bold; letter-spacing: 3px; text-transform: uppercase; color: #bbb; margin-bottom: 14px;\">Especificaciones<\/div>\n<table style=\"width: 100%; border-collapse: collapse;\">\n<tbody>\n<tr>\n<td style=\"padding: 11px 0; border-bottom: 1px solid #ebebeb; font-size: 13px; color: #aaa; font-weight: 500;\">Color<\/td>\n<td style=\"padding: 11px 0; border-bottom: 1px solid #ebebeb; font-size: 13px; color: #1a1a1a; font-weight: 500;\">Crema<\/td>\n<\/tr>\n<tr>\n<td style=\"padding: 11px 0; border-bottom: 1px solid #ebebeb; font-size: 13px; color: #aaa; font-weight: 500;\">Material<\/td>\n<td style=\"padding: 11px 0; border-bottom: 1px solid #ebebeb; font-size: 13px; color: #1a1a1a; font-weight: 500;\">Poli\u00e9ster<\/td>\n<\/tr>\n<tr>\n<td style=\"padding: 11px 0; border-bottom: 1px solid #ebebeb; font-size: 13px; color: #aaa; font-weight: 500;\">G\u00e9nero<\/td>\n<td style=\"padding: 11px 0; border-bottom: 1px solid #ebebeb; font-size: 13px; color: #1a1a1a; font-weight: 500;\">Mujer<\/td>\n<\/tr>\n<tr>\n<td style=\"padding: 11px 0; border-bottom: 1px solid #ebebeb; font-size: 13px; color: #aaa; font-weight: 500;\">SKU<\/td>\n<td style=\"padding: 11px 0; border-bottom: 1px solid #ebebeb; font-size: 13px; color: #1a1a1a; font-weight: 500;\">BAG-001<\/td>\n<\/tr>\n<\/tbody>\n<\/table>\n<\/div>\n<p><!-- SEKCJA --><\/p>\n<div style=\"align-items: baseline; gap: 16px;\">\n<div style=\"width: 20px; height: 1px; background: #1a1a1a; flex-shrink: 0; margin-top: 10px;\"><\/div>\n<div>\n<div style=\"font-size: 10px; font-weight: bold; letter-spacing: 2.5px; text-transform: uppercase; color: #1a1a1a; margin-bottom: 8px;\">C\u00f3mo llevarlo<\/div>\n<p style=\"font-size: 13.5px; line-height: 1.8; color: #666; margin: 0;\">Ideal para estilismos veraniegos con vestidos de lino y sandalias de suela plana. Funciona como bolso de playa con monos claros y camisetas oversize. Tambi\u00e9n combina con conjuntos casuales con vaqueros y blusas de algod\u00f3n en colores naturales.<\/p>\n<\/div>\n<\/div>\n<\/div>\n","protected":false},"excerpt":{"rendered":"<p>Amplio bolso shopper bag elaborado a mano con cord\u00f3n trenzado de poli\u00e9ster. Colorido crema con elementos decorativos en tonos marrones y beiges. Se cierra con pr\u00e1cticos cordones, dimensiones 30x30x5 cm.<\/p>\n","protected":false},"featured_media":34339,"template":"","meta":[],"etheme_brands":[],"product_brand":[],"product_cat":[245,148],"product_tag":[292,287,290,291,294,288,289,293],"class_list":{"0":"post-34350","1":"product","2":"type-product","3":"status-publish","4":"has-post-thumbnail","6":"product_cat-bolsos","7":"product_cat-todos-los-productos","8":"product_tag-amplio","9":"product_tag-bolso","10":"product_tag-crema","11":"product_tag-hecho-a-mano","12":"product_tag-natural","13":"product_tag-shopper","14":"product_tag-trenzado","15":"product_tag-veraniego","17":"first","18":"instock","19":"taxable","20":"shipping-taxable","21":"purchasable","22":"product-type-simple"},"_links":{"self":[{"href":"https:\/\/enerotrade.com\/es\/wp-json\/wp\/v2\/product\/34350","targetHints":{"allow":["GET"]}}],"collection":[{"href":"https:\/\/enerotrade.com\/es\/wp-json\/wp\/v2\/product"}],"about":[{"href":"https:\/\/enerotrade.com\/es\/wp-json\/wp\/v2\/types\/product"}],"version-history":[{"count":2,"href":"https:\/\/enerotrade.com\/es\/wp-json\/wp\/v2\/product\/34350\/revisions"}],"predecessor-version":[{"id":34970,"href":"https:\/\/enerotrade.com\/es\/wp-json\/wp\/v2\/product\/34350\/revisions\/34970"}],"wp:featuredmedia":[{"embeddable":true,"href":"https:\/\/enerotrade.com\/es\/wp-json\/wp\/v2\/media\/34339"}],"wp:attachment":[{"href":"https:\/\/enerotrade.com\/es\/wp-json\/wp\/v2\/media?parent=34350"}],"wp:term":[{"taxonomy":"brand","embeddable":true,"href":"https:\/\/enerotrade.com\/es\/wp-json\/wp\/v2\/etheme_brands?post=34350"},{"taxonomy":"product_brand","embeddable":true,"href":"https:\/\/enerotrade.com\/es\/wp-json\/wp\/v2\/product_brand?post=34350"},{"taxonomy":"product_cat","embeddable":true,"href":"https:\/\/enerotrade.com\/es\/wp-json\/wp\/v2\/product_cat?post=34350"},{"taxonomy":"product_tag","embeddable":true,"href":"https:\/\/enerotrade.com\/es\/wp-json\/wp\/v2\/product_tag?post=34350"}],"curies":[{"name":"wp","href":"https:\/\/api.w.org\/{rel}","templated":true}]}}