{"id":34386,"date":"2026-03-08T08:23:56","date_gmt":"2026-03-08T08:23:56","guid":{"rendered":"https:\/\/enerotrade.com\/es\/?post_type=product&#038;p=34386"},"modified":"2026-03-11T07:57:19","modified_gmt":"2026-03-11T07:57:19","slug":"mochila-de-cuero-vintage-fjord-backpack-negro-unisex-bck-001","status":"publish","type":"product","link":"https:\/\/enerotrade.com\/es\/product\/mochila-de-cuero-vintage-fjord-backpack-negro-unisex-bck-001\/","title":{"rendered":"Mochila de cuero vintage Fjord Backpack Negro Unisex BCK-001"},"content":{"rendered":"<div style=\"padding: 0; font-family: 'Segoe UI',-apple-system,sans-serif;\">\n<p><!-- INTRO --><\/p>\n<div style=\"margin-bottom: 32px; padding-bottom: 32px; border-bottom: 1px solid #ebebeb;\">\n<p style=\"font-size: 14.5px; line-height: 1.85; color: #3a3a3a; margin: 0;\">Mochila de dimensiones 39x30x13 cm que combina funcionalidad con est\u00e9tica cl\u00e1sica vintage. Fabricada en cuero natural con complementos de poli\u00e9ster ofrece durabilidad y aspecto elegante. El sistema de cierre incluye tanto cremallera como correa con hebilla.<\/p>\n<\/div>\n<p><!-- SPECYFIKACJA --><\/p>\n<div style=\"margin-bottom: 32px; padding-bottom: 32px; border-bottom: 1px solid #ebebeb;\">\n<div style=\"font-size: 10px; font-weight: bold; letter-spacing: 3px; text-transform: uppercase; color: #bbb; margin-bottom: 14px;\">Especificaciones<\/div>\n<table style=\"width: 100%; border-collapse: collapse;\">\n<tbody>\n<tr>\n<td style=\"padding: 11px 0; border-bottom: 1px solid #ebebeb; font-size: 13px; color: #aaa; font-weight: 500;\">Color<\/td>\n<td style=\"padding: 11px 0; border-bottom: 1px solid #ebebeb; font-size: 13px; color: #1a1a1a; font-weight: 500;\">Negro<\/td>\n<\/tr>\n<tr>\n<td style=\"padding: 11px 0; border-bottom: 1px solid #ebebeb; font-size: 13px; color: #aaa; font-weight: 500;\">Material<\/td>\n<td style=\"padding: 11px 0; border-bottom: 1px solid #ebebeb; font-size: 13px; color: #1a1a1a; font-weight: 500;\">Cuero, poli\u00e9ster (complementos)<\/td>\n<\/tr>\n<tr>\n<td style=\"padding: 11px 0; border-bottom: 1px solid #ebebeb; font-size: 13px; color: #aaa; font-weight: 500;\">G\u00e9nero<\/td>\n<td style=\"padding: 11px 0; border-bottom: 1px solid #ebebeb; font-size: 13px; color: #1a1a1a; font-weight: 500;\">Unisex<\/td>\n<\/tr>\n<tr>\n<td style=\"padding: 11px 0; border-bottom: 1px solid #ebebeb; font-size: 13px; color: #aaa; font-weight: 500;\">SKU<\/td>\n<td style=\"padding: 11px 0; border-bottom: 1px solid #ebebeb; font-size: 13px; color: #1a1a1a; font-weight: 500;\">BCK-001<\/td>\n<\/tr>\n<\/tbody>\n<\/table>\n<\/div>\n<p><!-- SEKCJA --><\/p>\n<div style=\"align-items: baseline; gap: 16px;\">\n<div style=\"width: 20px; height: 1px; background: #1a1a1a; flex-shrink: 0; margin-top: 10px;\"><\/div>\n<div>\n<div style=\"font-size: 10px; font-weight: bold; letter-spacing: 2.5px; text-transform: uppercase; color: #1a1a1a; margin-bottom: 8px;\">Aplicaci\u00f3n<\/div>\n<p style=\"font-size: 13.5px; line-height: 1.8; color: #666; margin: 0;\">Se adapta como complemento para estilismos urbanos casuales as\u00ed como outfits de estilo vintage o retro. La capacidad y organizaci\u00f3n del espacio la convierte en una soluci\u00f3n pr\u00e1ctica para el trabajo, estudios o actividades cotidianas. Su car\u00e1cter unisex permite su uso por personas de cualquier g\u00e9nero.<\/p>\n<\/div>\n<\/div>\n<\/div>\n","protected":false},"excerpt":{"rendered":"<p>Mochila de estilo cl\u00e1sico vintage fabricada en cuero natural. Equipada con numerosos bolsillos y compartimentos y sistema de doble cierre con cremallera y correa. Las correas ajustables para los hombros garantizan comodidad al llevarla.<\/p>\n","protected":false},"featured_media":34377,"template":"","meta":[],"etheme_brands":[],"product_brand":[],"product_cat":[246,148],"product_tag":[308,305,304,307,286,262,309,306],"class_list":{"0":"post-34386","1":"product","2":"type-product","3":"status-publish","4":"has-post-thumbnail","6":"product_cat-mochilas","7":"product_cat-todos-los-productos","8":"product_tag-clasico","9":"product_tag-cuero","10":"product_tag-mochila","11":"product_tag-negro","12":"product_tag-retro","13":"product_tag-unisex","14":"product_tag-urbano","15":"product_tag-vintage","17":"first","18":"instock","19":"taxable","20":"shipping-taxable","21":"purchasable","22":"product-type-simple"},"_links":{"self":[{"href":"https:\/\/enerotrade.com\/es\/wp-json\/wp\/v2\/product\/34386","targetHints":{"allow":["GET"]}}],"collection":[{"href":"https:\/\/enerotrade.com\/es\/wp-json\/wp\/v2\/product"}],"about":[{"href":"https:\/\/enerotrade.com\/es\/wp-json\/wp\/v2\/types\/product"}],"version-history":[{"count":3,"href":"https:\/\/enerotrade.com\/es\/wp-json\/wp\/v2\/product\/34386\/revisions"}],"predecessor-version":[{"id":35013,"href":"https:\/\/enerotrade.com\/es\/wp-json\/wp\/v2\/product\/34386\/revisions\/35013"}],"wp:featuredmedia":[{"embeddable":true,"href":"https:\/\/enerotrade.com\/es\/wp-json\/wp\/v2\/media\/34377"}],"wp:attachment":[{"href":"https:\/\/enerotrade.com\/es\/wp-json\/wp\/v2\/media?parent=34386"}],"wp:term":[{"taxonomy":"brand","embeddable":true,"href":"https:\/\/enerotrade.com\/es\/wp-json\/wp\/v2\/etheme_brands?post=34386"},{"taxonomy":"product_brand","embeddable":true,"href":"https:\/\/enerotrade.com\/es\/wp-json\/wp\/v2\/product_brand?post=34386"},{"taxonomy":"product_cat","embeddable":true,"href":"https:\/\/enerotrade.com\/es\/wp-json\/wp\/v2\/product_cat?post=34386"},{"taxonomy":"product_tag","embeddable":true,"href":"https:\/\/enerotrade.com\/es\/wp-json\/wp\/v2\/product_tag?post=34386"}],"curies":[{"name":"wp","href":"https:\/\/api.w.org\/{rel}","templated":true}]}}