{"id":34396,"date":"2026-03-08T08:24:49","date_gmt":"2026-03-08T08:24:49","guid":{"rendered":"https:\/\/enerotrade.com\/es\/?post_type=product&#038;p=34396"},"modified":"2026-03-09T08:24:16","modified_gmt":"2026-03-09T08:24:16","slug":"mochila-de-cuero-vintage-retro-berg-backpack-marron-unisex-bck-002","status":"publish","type":"product","link":"https:\/\/enerotrade.com\/es\/product\/mochila-de-cuero-vintage-retro-berg-backpack-marron-unisex-bck-002\/","title":{"rendered":"Mochila de cuero vintage retro Berg Backpack Marr\u00f3n Unisex BCK-002"},"content":{"rendered":"<div style=\"padding: 0; font-family: 'Segoe UI',-apple-system,sans-serif;\">\n<p><!-- INTRO --><\/p>\n<div style=\"margin-bottom: 32px; padding-bottom: 32px; border-bottom: 1px solid #ebebeb;\">\n<p style=\"font-size: 14.5px; line-height: 1.85; color: #3a3a3a; margin: 0;\">Mochila cl\u00e1sica elaborada en cuero natural en un c\u00e1lido tono marr\u00f3n. Se caracteriza por su dise\u00f1o vintage con cierre tradicional de correa con hebilla met\u00e1lica y cremallera adicional. Equipada con numerosos bolsillos y compartimentos que garantizan una organizaci\u00f3n pr\u00e1ctica del contenido.<\/p>\n<\/div>\n<p><!-- SPECYFIKACJA --><\/p>\n<div style=\"margin-bottom: 32px; padding-bottom: 32px; border-bottom: 1px solid #ebebeb;\">\n<div style=\"font-size: 10px; font-weight: bold; letter-spacing: 3px; text-transform: uppercase; color: #bbb; margin-bottom: 14px;\">Especificaciones<\/div>\n<table style=\"width: 100%; border-collapse: collapse;\">\n<tbody>\n<tr>\n<td style=\"padding: 11px 0; border-bottom: 1px solid #ebebeb; font-size: 13px; color: #aaa; font-weight: 500;\">Color<\/td>\n<td style=\"padding: 11px 0; border-bottom: 1px solid #ebebeb; font-size: 13px; color: #1a1a1a; font-weight: 500;\">Marr\u00f3n<\/td>\n<\/tr>\n<tr>\n<td style=\"padding: 11px 0; border-bottom: 1px solid #ebebeb; font-size: 13px; color: #aaa; font-weight: 500;\">Material<\/td>\n<td style=\"padding: 11px 0; border-bottom: 1px solid #ebebeb; font-size: 13px; color: #1a1a1a; font-weight: 500;\">Cuero, poli\u00e9ster (accesorios)<\/td>\n<\/tr>\n<tr>\n<td style=\"padding: 11px 0; border-bottom: 1px solid #ebebeb; font-size: 13px; color: #aaa; font-weight: 500;\">G\u00e9nero<\/td>\n<td style=\"padding: 11px 0; border-bottom: 1px solid #ebebeb; font-size: 13px; color: #1a1a1a; font-weight: 500;\">Unisex<\/td>\n<\/tr>\n<tr>\n<td style=\"padding: 11px 0; border-bottom: 1px solid #ebebeb; font-size: 13px; color: #aaa; font-weight: 500;\">SKU<\/td>\n<td style=\"padding: 11px 0; border-bottom: 1px solid #ebebeb; font-size: 13px; color: #1a1a1a; font-weight: 500;\">BCK-002<\/td>\n<\/tr>\n<\/tbody>\n<\/table>\n<\/div>\n<p><!-- SEKCJA --><\/p>\n<div style=\"align-items: baseline; gap: 16px;\">\n<div style=\"width: 20px; height: 1px; background: #1a1a1a; flex-shrink: 0; margin-top: 10px;\"><\/div>\n<div>\n<div style=\"font-size: 10px; font-weight: bold; letter-spacing: 2.5px; text-transform: uppercase; color: #1a1a1a; margin-bottom: 8px;\">Uso<\/div>\n<p style=\"font-size: 13.5px; line-height: 1.8; color: #666; margin: 0;\">Elecci\u00f3n ideal para estilismos diarios de estilo casual o smart casual. Combina perfectamente con jeans y camisas, as\u00ed como con conjuntos m\u00e1s elegantes de negocios. Se adapta tanto a paseos por la ciudad como a viajes de trabajo.<\/p>\n<\/div>\n<\/div>\n<\/div>\n","protected":false},"excerpt":{"rendered":"<p>Mochila cl\u00e1sica elaborada en cuero natural en tono marr\u00f3n. Cuenta con tirantes regulables y cierre funcional con cremallera y correa con hebilla. Dimensiones: 39x30x13 cm.<\/p>\n","protected":false},"featured_media":34387,"template":"","meta":[],"etheme_brands":[],"product_brand":[],"product_cat":[246,148],"product_tag":[308,305,296,304,286,262,309,306],"class_list":{"0":"post-34396","1":"product","2":"type-product","3":"status-publish","4":"has-post-thumbnail","6":"product_cat-mochilas","7":"product_cat-todos-los-productos","8":"product_tag-clasico","9":"product_tag-cuero","10":"product_tag-marron","11":"product_tag-mochila","12":"product_tag-retro","13":"product_tag-unisex","14":"product_tag-urbano","15":"product_tag-vintage","17":"first","18":"instock","19":"taxable","20":"shipping-taxable","21":"purchasable","22":"product-type-simple"},"_links":{"self":[{"href":"https:\/\/enerotrade.com\/es\/wp-json\/wp\/v2\/product\/34396","targetHints":{"allow":["GET"]}}],"collection":[{"href":"https:\/\/enerotrade.com\/es\/wp-json\/wp\/v2\/product"}],"about":[{"href":"https:\/\/enerotrade.com\/es\/wp-json\/wp\/v2\/types\/product"}],"version-history":[{"count":2,"href":"https:\/\/enerotrade.com\/es\/wp-json\/wp\/v2\/product\/34396\/revisions"}],"predecessor-version":[{"id":34974,"href":"https:\/\/enerotrade.com\/es\/wp-json\/wp\/v2\/product\/34396\/revisions\/34974"}],"wp:featuredmedia":[{"embeddable":true,"href":"https:\/\/enerotrade.com\/es\/wp-json\/wp\/v2\/media\/34387"}],"wp:attachment":[{"href":"https:\/\/enerotrade.com\/es\/wp-json\/wp\/v2\/media?parent=34396"}],"wp:term":[{"taxonomy":"brand","embeddable":true,"href":"https:\/\/enerotrade.com\/es\/wp-json\/wp\/v2\/etheme_brands?post=34396"},{"taxonomy":"product_brand","embeddable":true,"href":"https:\/\/enerotrade.com\/es\/wp-json\/wp\/v2\/product_brand?post=34396"},{"taxonomy":"product_cat","embeddable":true,"href":"https:\/\/enerotrade.com\/es\/wp-json\/wp\/v2\/product_cat?post=34396"},{"taxonomy":"product_tag","embeddable":true,"href":"https:\/\/enerotrade.com\/es\/wp-json\/wp\/v2\/product_tag?post=34396"}],"curies":[{"name":"wp","href":"https:\/\/api.w.org\/{rel}","templated":true}]}}