{"id":34536,"date":"2026-03-08T08:39:31","date_gmt":"2026-03-08T08:39:31","guid":{"rendered":"https:\/\/enerotrade.com\/es\/?post_type=product&#038;p=34536"},"modified":"2026-03-24T12:31:33","modified_gmt":"2026-03-24T12:31:33","slug":"nike-air-vapormax-plus-metallic-gold-black-gold-zapatillas-negras-doradas-cw7299-001","status":"publish","type":"product","link":"https:\/\/enerotrade.com\/es\/product\/nike-air-vapormax-plus-metallic-gold-black-gold-zapatillas-negras-doradas-cw7299-001\/","title":{"rendered":"Nike Air VaporMax Plus Metallic Gold Black Gold Zapatillas Negras Doradas CW7299-001"},"content":{"rendered":"<div style=\"padding: 0; font-family: 'Segoe UI',-apple-system,sans-serif;\">\n<p><!-- INTRO --><\/p>\n<div style=\"margin-bottom: 32px; padding-bottom: 32px; border-bottom: 1px solid #ebebeb;\">\n<p style=\"font-size: 14.5px; line-height: 1.85; color: #3a3a3a; margin: 0;\">Nike Air VaporMax Plus Metallic Gold son zapatillas deportivas en elegante coloraci\u00f3n negro-dorada. El modelo combina la moderna suela VaporMax con el dise\u00f1o cl\u00e1sico Plus, creando un calzado funcional para actividades cotidianas. Los materiales textiles y elementos de material pl\u00e1stico garantizan durabilidad y comodidad de uso.<\/p>\n<\/div>\n<p><!-- SPECYFIKACJA --><\/p>\n<div style=\"margin-bottom: 32px; padding-bottom: 32px; border-bottom: 1px solid #ebebeb;\">\n<div style=\"font-size: 10px; font-weight: bold; letter-spacing: 3px; text-transform: uppercase; color: #bbb; margin-bottom: 14px;\">Especificaciones<\/div>\n<table style=\"width: 100%; border-collapse: collapse;\">\n<tbody>\n<tr>\n<td style=\"padding: 11px 0; border-top: 1px solid #ebebeb; border-bottom: 1px solid #ebebeb; font-size: 13px; color: #aaa; font-weight: 500;\">Marca<\/td>\n<td style=\"padding: 11px 0; border-top: 1px solid #ebebeb; border-bottom: 1px solid #ebebeb; font-size: 13px; color: #1a1a1a; font-weight: 500;\">NIKE<\/td>\n<\/tr>\n<tr>\n<td style=\"padding: 11px 0; border-bottom: 1px solid #ebebeb; font-size: 13px; color: #aaa; font-weight: 500;\">Color<\/td>\n<td style=\"padding: 11px 0; border-bottom: 1px solid #ebebeb; font-size: 13px; color: #1a1a1a; font-weight: 500;\">Negro, dorado<\/td>\n<\/tr>\n<tr>\n<td style=\"padding: 11px 0; border-bottom: 1px solid #ebebeb; font-size: 13px; color: #aaa; font-weight: 500;\">Material<\/td>\n<td style=\"padding: 11px 0; border-bottom: 1px solid #ebebeb; font-size: 13px; color: #1a1a1a; font-weight: 500;\">Material textil, material pl\u00e1stico<\/td>\n<\/tr>\n<tr>\n<td style=\"padding: 11px 0; border-bottom: 1px solid #ebebeb; font-size: 13px; color: #aaa; font-weight: 500;\">Tallas disponibles<\/td>\n<td style=\"padding: 11px 0; border-bottom: 1px solid #ebebeb; font-size: 13px; color: #1a1a1a; font-weight: 500;\">36, 37, 38, 39, 40, 41, 42, 43, 44, 45<\/td>\n<\/tr>\n<tr>\n<td style=\"padding: 11px 0; border-bottom: 1px solid #ebebeb; font-size: 13px; color: #aaa; font-weight: 500;\">G\u00e9nero<\/td>\n<td style=\"padding: 11px 0; border-bottom: 1px solid #ebebeb; font-size: 13px; color: #1a1a1a; font-weight: 500;\">Unisex<\/td>\n<\/tr>\n<tr>\n<td style=\"padding: 11px 0; border-bottom: 1px solid #ebebeb; font-size: 13px; color: #aaa; font-weight: 500;\">SKU<\/td>\n<td style=\"padding: 11px 0; border-bottom: 1px solid #ebebeb; font-size: 13px; color: #1a1a1a; font-weight: 500;\">CW7299-001<\/td>\n<\/tr>\n<\/tbody>\n<\/table>\n<\/div>\n<p><!-- SEKCJA --><\/p>\n<div style=\"align-items: baseline; gap: 16px;\">\n<div style=\"width: 20px; height: 1px; background: #1a1a1a; flex-shrink: 0; margin-top: 10px;\"><\/div>\n<div>\n<div style=\"font-size: 10px; font-weight: bold; letter-spacing: 2.5px; text-transform: uppercase; color: #1a1a1a; margin-bottom: 8px;\">C\u00f3mo usar<\/div>\n<p style=\"font-size: 13.5px; line-height: 1.8; color: #666; margin: 0;\">Las zapatillas funcionan bien en estilismos casuales con vaqueros y camiseta, as\u00ed como en conjuntos deportivos con ch\u00e1ndales. Los acentos dorados a\u00f1aden car\u00e1cter a outfits sencillos en colores negro, blanco o gris. Se combinan perfectamente con looks urbanos para el d\u00eda a d\u00eda.<\/p>\n<\/div>\n<\/div>\n<\/div>\n","protected":false},"excerpt":{"rendered":"<p>Las zapatillas deportivas Nike Air VaporMax Plus en coloraci\u00f3n negro-dorada combinan la caracter\u00edstica suela Air Max con un dise\u00f1o cl\u00e1sico. Fabricadas con materiales textiles con elementos de material pl\u00e1stico proporcionan comodidad durante el uso diario.<\/p>\n","protected":false},"featured_media":34527,"template":"","meta":[],"etheme_brands":[{"term_id":117,"name":"NIKE","slug":"nike","term_group":0,"term_taxonomy_id":117,"taxonomy":"brand","description":"","parent":0,"count":19,"filter":"raw"}],"product_brand":[],"product_cat":[148,226,219],"product_tag":[324,320,326,283,274,325,327,149,262],"class_list":{"0":"post-34536","1":"product","2":"type-product","3":"status-publish","4":"has-post-thumbnail","6":"brand-nike","7":"product_cat-todos-los-productos","8":"product_cat-zapatillas-deportivas","9":"product_cat-zapatos","10":"product_tag-air-vapormax","11":"product_tag-deportivas","12":"product_tag-doradas","13":"product_tag-negras","14":"product_tag-nike","15":"product_tag-plus","16":"product_tag-textiles","17":"product_tag-top","18":"product_tag-unisex","20":"first","21":"instock","22":"sale","23":"taxable","24":"shipping-taxable","25":"purchasable","26":"product-type-variable","27":"has-default-attributes"},"_links":{"self":[{"href":"https:\/\/enerotrade.com\/es\/wp-json\/wp\/v2\/product\/34536","targetHints":{"allow":["GET"]}}],"collection":[{"href":"https:\/\/enerotrade.com\/es\/wp-json\/wp\/v2\/product"}],"about":[{"href":"https:\/\/enerotrade.com\/es\/wp-json\/wp\/v2\/types\/product"}],"version-history":[{"count":2,"href":"https:\/\/enerotrade.com\/es\/wp-json\/wp\/v2\/product\/34536\/revisions"}],"predecessor-version":[{"id":34988,"href":"https:\/\/enerotrade.com\/es\/wp-json\/wp\/v2\/product\/34536\/revisions\/34988"}],"wp:featuredmedia":[{"embeddable":true,"href":"https:\/\/enerotrade.com\/es\/wp-json\/wp\/v2\/media\/34527"}],"wp:attachment":[{"href":"https:\/\/enerotrade.com\/es\/wp-json\/wp\/v2\/media?parent=34536"}],"wp:term":[{"taxonomy":"brand","embeddable":true,"href":"https:\/\/enerotrade.com\/es\/wp-json\/wp\/v2\/etheme_brands?post=34536"},{"taxonomy":"product_brand","embeddable":true,"href":"https:\/\/enerotrade.com\/es\/wp-json\/wp\/v2\/product_brand?post=34536"},{"taxonomy":"product_cat","embeddable":true,"href":"https:\/\/enerotrade.com\/es\/wp-json\/wp\/v2\/product_cat?post=34536"},{"taxonomy":"product_tag","embeddable":true,"href":"https:\/\/enerotrade.com\/es\/wp-json\/wp\/v2\/product_tag?post=34536"}],"curies":[{"name":"wp","href":"https:\/\/api.w.org\/{rel}","templated":true}]}}