{"id":34918,"date":"2026-03-08T09:23:27","date_gmt":"2026-03-08T09:23:27","guid":{"rendered":"https:\/\/enerotrade.com\/es\/?post_type=product&#038;p=34918"},"modified":"2026-03-09T08:20:03","modified_gmt":"2026-03-09T08:20:03","slug":"gafas-de-sol-steampunk-con-filtro-uv400-fjord-sunglasses-negro-cristales-naranjas-unisex","status":"publish","type":"product","link":"https:\/\/enerotrade.com\/es\/product\/gafas-de-sol-steampunk-con-filtro-uv400-fjord-sunglasses-negro-cristales-naranjas-unisex\/","title":{"rendered":"Gafas de sol steampunk con filtro UV400 FJORD SUNGLASSES Negro, cristales naranjas unisex"},"content":{"rendered":"<div style=\"padding: 0; font-family: 'Segoe UI',-apple-system,sans-serif;\">\n<p><!-- INTRO --><\/p>\n<div style=\"margin-bottom: 32px; padding-bottom: 32px; border-bottom: 1px solid #ebebeb;\">\n<p style=\"font-size: 14.5px; line-height: 1.85; color: #3a3a3a; margin: 0;\">Gafas de sol redondas que combinan forma cl\u00e1sica con dise\u00f1o industrial. Las caracter\u00edsticas protecciones laterales y detalles met\u00e1licos les otorgan un car\u00e1cter distintivo en estilo steampunk. Los cristales naranjas con certificado UV400 filtran la radiaci\u00f3n solar nociva.<\/p>\n<\/div>\n<p><!-- SPECYFIKACJA --><\/p>\n<div style=\"margin-bottom: 32px; padding-bottom: 32px; border-bottom: 1px solid #ebebeb;\">\n<div style=\"font-size: 10px; font-weight: bold; letter-spacing: 3px; text-transform: uppercase; color: #bbb; margin-bottom: 14px;\">Especificaciones<\/div>\n<table style=\"width: 100%; border-collapse: collapse;\">\n<tbody>\n<tr>\n<td style=\"padding: 11px 0; border-bottom: 1px solid #ebebeb; font-size: 13px; color: #aaa; font-weight: 500;\">Color<\/td>\n<td style=\"padding: 11px 0; border-bottom: 1px solid #ebebeb; font-size: 13px; color: #1a1a1a; font-weight: 500;\">Negro, cristales naranjas<\/td>\n<\/tr>\n<tr>\n<td style=\"padding: 11px 0; border-bottom: 1px solid #ebebeb; font-size: 13px; color: #aaa; font-weight: 500;\">Material<\/td>\n<td style=\"padding: 11px 0; border-bottom: 1px solid #ebebeb; font-size: 13px; color: #1a1a1a; font-weight: 500;\">Policarbonato, acero<\/td>\n<\/tr>\n<tr>\n<td style=\"padding: 11px 0; border-bottom: 1px solid #ebebeb; font-size: 13px; color: #aaa; font-weight: 500;\">Dimensiones<\/td>\n<td style=\"padding: 11px 0; border-bottom: 1px solid #ebebeb; font-size: 13px; color: #1a1a1a; font-weight: 500;\">ancho 13.6 cm, alto 5 cm<\/td>\n<\/tr>\n<tr>\n<td style=\"padding: 11px 0; border-bottom: 1px solid #ebebeb; font-size: 13px; color: #aaa; font-weight: 500;\">G\u00e9nero<\/td>\n<td style=\"padding: 11px 0; border-bottom: 1px solid #ebebeb; font-size: 13px; color: #1a1a1a; font-weight: 500;\">Unisex<\/td>\n<\/tr>\n<tr>\n<td style=\"padding: 11px 0; border-bottom: 1px solid #ebebeb; font-size: 13px; color: #aaa; font-weight: 500;\">SKU<\/td>\n<td style=\"padding: 11px 0; border-bottom: 1px solid #ebebeb; font-size: 13px; color: #1a1a1a; font-weight: 500;\">SUN-005<\/td>\n<\/tr>\n<\/tbody>\n<\/table>\n<\/div>\n<p><!-- SEKCJA --><\/p>\n<div style=\"align-items: baseline; gap: 16px;\">\n<div style=\"width: 20px; height: 1px; background: #1a1a1a; flex-shrink: 0; margin-top: 10px;\"><\/div>\n<div>\n<div style=\"font-size: 10px; font-weight: bold; letter-spacing: 2.5px; text-transform: uppercase; color: #1a1a1a; margin-bottom: 8px;\">C\u00f3mo llevar<\/div>\n<p style=\"font-size: 13.5px; line-height: 1.8; color: #666; margin: 0;\">Funcionan perfectamente en estilismos casuales con denim y chaqueta de cuero, acentuando el estilo alternativo. Se combinan excelentemente con prendas en colores tierra &#8211; marrones, khaki y negro. Ideales para festivales de m\u00fasica, conciertos y paseos urbanos.<\/p>\n<\/div>\n<\/div>\n<\/div>\n","protected":false},"excerpt":{"rendered":"<p>Gafas de sol redondas con caracter\u00edsticas protecciones laterales en estilo steampunk. Los cristales naranjas con filtro UV400 proporcionan protecci\u00f3n completa contra la radiaci\u00f3n ultravioleta. La montura de policarbonato y acero garantiza durabilidad.<\/p>\n","protected":false},"featured_media":34910,"template":"","meta":[],"etheme_brands":[],"product_brand":[],"product_cat":[247,148],"product_tag":[392,385,399,398,397,262,386,306],"class_list":{"0":"post-34918","1":"product","2":"type-product","3":"status-publish","4":"has-post-thumbnail","6":"product_cat-gafas","7":"product_cat-todos-los-productos","8":"product_tag-cristales-naranjas","9":"product_tag-gafas-de-sol","10":"product_tag-metal","11":"product_tag-redondas","12":"product_tag-steampunk","13":"product_tag-unisex","14":"product_tag-uv400","15":"product_tag-vintage","17":"first","18":"instock","19":"taxable","20":"shipping-taxable","21":"purchasable","22":"product-type-simple"},"_links":{"self":[{"href":"https:\/\/enerotrade.com\/es\/wp-json\/wp\/v2\/product\/34918","targetHints":{"allow":["GET"]}}],"collection":[{"href":"https:\/\/enerotrade.com\/es\/wp-json\/wp\/v2\/product"}],"about":[{"href":"https:\/\/enerotrade.com\/es\/wp-json\/wp\/v2\/types\/product"}],"version-history":[{"count":2,"href":"https:\/\/enerotrade.com\/es\/wp-json\/wp\/v2\/product\/34918\/revisions"}],"predecessor-version":[{"id":35003,"href":"https:\/\/enerotrade.com\/es\/wp-json\/wp\/v2\/product\/34918\/revisions\/35003"}],"wp:featuredmedia":[{"embeddable":true,"href":"https:\/\/enerotrade.com\/es\/wp-json\/wp\/v2\/media\/34910"}],"wp:attachment":[{"href":"https:\/\/enerotrade.com\/es\/wp-json\/wp\/v2\/media?parent=34918"}],"wp:term":[{"taxonomy":"brand","embeddable":true,"href":"https:\/\/enerotrade.com\/es\/wp-json\/wp\/v2\/etheme_brands?post=34918"},{"taxonomy":"product_brand","embeddable":true,"href":"https:\/\/enerotrade.com\/es\/wp-json\/wp\/v2\/product_brand?post=34918"},{"taxonomy":"product_cat","embeddable":true,"href":"https:\/\/enerotrade.com\/es\/wp-json\/wp\/v2\/product_cat?post=34918"},{"taxonomy":"product_tag","embeddable":true,"href":"https:\/\/enerotrade.com\/es\/wp-json\/wp\/v2\/product_tag?post=34918"}],"curies":[{"name":"wp","href":"https:\/\/api.w.org\/{rel}","templated":true}]}}