{"id":35473,"date":"2026-03-12T09:28:15","date_gmt":"2026-03-12T09:28:15","guid":{"rendered":"https:\/\/enerotrade.com\/es\/?post_type=product&#038;p=35473"},"modified":"2026-03-24T12:36:33","modified_gmt":"2026-03-24T12:36:33","slug":"zapatillas-zapatillas-deportivas-para-running-hoka-bondi-9-negro-unisex","status":"publish","type":"product","link":"https:\/\/enerotrade.com\/es\/product\/zapatillas-zapatillas-deportivas-para-running-hoka-bondi-9-negro-unisex\/","title":{"rendered":"Zapatillas deportivas para running HOKA Bondi 9 Negro unisex"},"content":{"rendered":"<div style=\"padding: 0; font-family: 'Segoe UI',-apple-system,sans-serif;\">\n<p><!-- INTRO --><\/p>\n<div style=\"margin-bottom: 32px; padding-bottom: 32px; border-bottom: 1px solid #ebebeb;\">\n<p style=\"font-size: 14.5px; line-height: 1.85; color: #3a3a3a; margin: 0;\">Las HOKA Bondi 9 son zapatillas de running dise\u00f1adas para corredores que buscan m\u00e1xima amortiguaci\u00f3n. Se caracterizan por una suela media gruesa que absorbe eficazmente los impactos contra el suelo. La parte superior fabricada en malla mesh transpirable combinada con elementos sint\u00e9ticos proporciona estabilidad y ventilaci\u00f3n del pie.<\/p>\n<\/div>\n<p><!-- SPECYFIKACJA --><\/p>\n<div style=\"margin-bottom: 32px; padding-bottom: 32px; border-bottom: 1px solid #ebebeb;\">\n<div style=\"font-size: 10px; font-weight: bold; letter-spacing: 3px; text-transform: uppercase; color: #bbb; margin-bottom: 14px;\">Especificaciones<\/div>\n<table style=\"width: 100%; border-collapse: collapse;\">\n<tbody>\n<tr>\n<td style=\"padding: 11px 0; border-top: 1px solid #ebebeb; border-bottom: 1px solid #ebebeb; font-size: 13px; color: #aaa; font-weight: 500;\">Marca<\/td>\n<td style=\"padding: 11px 0; border-top: 1px solid #ebebeb; border-bottom: 1px solid #ebebeb; font-size: 13px; color: #1a1a1a; font-weight: 500;\">HOKA<\/td>\n<\/tr>\n<tr>\n<td style=\"padding: 11px 0; border-bottom: 1px solid #ebebeb; font-size: 13px; color: #aaa; font-weight: 500;\">Color<\/td>\n<td style=\"padding: 11px 0; border-bottom: 1px solid #ebebeb; font-size: 13px; color: #1a1a1a; font-weight: 500;\">Negro<\/td>\n<\/tr>\n<tr>\n<td style=\"padding: 11px 0; border-bottom: 1px solid #ebebeb; font-size: 13px; color: #aaa; font-weight: 500;\">Material<\/td>\n<td style=\"padding: 11px 0; border-bottom: 1px solid #ebebeb; font-size: 13px; color: #1a1a1a; font-weight: 500;\">Material textil, sint\u00e9tico<\/td>\n<\/tr>\n<tr>\n<td style=\"padding: 11px 0; border-bottom: 1px solid #ebebeb; font-size: 13px; color: #aaa; font-weight: 500;\">Tallas disponibles<\/td>\n<td style=\"padding: 11px 0; border-bottom: 1px solid #ebebeb; font-size: 13px; color: #1a1a1a; font-weight: 500;\">36, 37, 38, 39, 40, 41, 42, 43, 44, 45<\/td>\n<\/tr>\n<tr>\n<td style=\"padding: 11px 0; border-bottom: 1px solid #ebebeb; font-size: 13px; color: #aaa; font-weight: 500;\">G\u00e9nero<\/td>\n<td style=\"padding: 11px 0; border-bottom: 1px solid #ebebeb; font-size: 13px; color: #1a1a1a; font-weight: 500;\">Unisex<\/td>\n<\/tr>\n<tr>\n<td style=\"padding: 11px 0; border-bottom: 1px solid #ebebeb; font-size: 13px; color: #aaa; font-weight: 500;\">SKU<\/td>\n<td style=\"padding: 11px 0; border-bottom: 1px solid #ebebeb; font-size: 13px; color: #1a1a1a; font-weight: 500;\">1162011DBBLC<\/td>\n<\/tr>\n<\/tbody>\n<\/table>\n<\/div>\n<p><!-- SEKCJA --><\/p>\n<div style=\"align-items: baseline; gap: 16px;\">\n<div style=\"width: 20px; height: 1px; background: #1a1a1a; flex-shrink: 0; margin-top: 10px;\"><\/div>\n<div>\n<div style=\"font-size: 10px; font-weight: bold; letter-spacing: 2.5px; text-transform: uppercase; color: #1a1a1a; margin-bottom: 8px;\">C\u00f3mo llevar<\/div>\n<p style=\"font-size: 13.5px; line-height: 1.8; color: #666; margin: 0;\">Funcionan perfectamente durante carreras largas de entrenamiento y entrenamientos diarios en diferentes superficies. Se combinan excelentemente con leggings de running y camisetas t\u00e9cnicas. La coloraci\u00f3n completamente negra facilita el ajuste a estilismos deportivos.<\/p>\n<\/div>\n<\/div>\n<\/div>\n","protected":false},"excerpt":{"rendered":"<p>Zapatillas de running HOKA Bondi 9 con tecnolog\u00eda de m\u00e1xima amortiguaci\u00f3n. La parte superior de malla mesh proporciona transpirabilidad durante entrenamientos intensos. La suela media gruesa absorbe los impactos y aumenta la comodidad al correr.<\/p>\n","protected":false},"featured_media":36115,"template":"","meta":[],"etheme_brands":[{"term_id":502,"name":"HOKA","slug":"hoka","term_group":0,"term_taxonomy_id":502,"taxonomy":"brand","description":"","parent":0,"count":8,"filter":"raw"}],"product_brand":[],"product_cat":[148,226,219],"product_tag":[320,467,461,471,472,283,149,262,496],"class_list":{"0":"post-35473","1":"product","2":"type-product","3":"status-publish","4":"has-post-thumbnail","6":"brand-hoka","7":"product_cat-todos-los-productos","8":"product_cat-zapatillas-deportivas","9":"product_cat-zapatos","10":"product_tag-deportivas","11":"product_tag-entrenamiento","12":"product_tag-hoka","13":"product_tag-maxima-amortiguacion","14":"product_tag-mesh","15":"product_tag-negras","16":"product_tag-top","17":"product_tag-unisex","18":"product_tag-zapatillas-de-running","20":"first","21":"instock","22":"sale","23":"taxable","24":"shipping-taxable","25":"purchasable","26":"product-type-variable","27":"has-default-attributes"},"_links":{"self":[{"href":"https:\/\/enerotrade.com\/es\/wp-json\/wp\/v2\/product\/35473","targetHints":{"allow":["GET"]}}],"collection":[{"href":"https:\/\/enerotrade.com\/es\/wp-json\/wp\/v2\/product"}],"about":[{"href":"https:\/\/enerotrade.com\/es\/wp-json\/wp\/v2\/types\/product"}],"version-history":[{"count":3,"href":"https:\/\/enerotrade.com\/es\/wp-json\/wp\/v2\/product\/35473\/revisions"}],"predecessor-version":[{"id":36465,"href":"https:\/\/enerotrade.com\/es\/wp-json\/wp\/v2\/product\/35473\/revisions\/36465"}],"wp:featuredmedia":[{"embeddable":true,"href":"https:\/\/enerotrade.com\/es\/wp-json\/wp\/v2\/media\/36115"}],"wp:attachment":[{"href":"https:\/\/enerotrade.com\/es\/wp-json\/wp\/v2\/media?parent=35473"}],"wp:term":[{"taxonomy":"brand","embeddable":true,"href":"https:\/\/enerotrade.com\/es\/wp-json\/wp\/v2\/etheme_brands?post=35473"},{"taxonomy":"product_brand","embeddable":true,"href":"https:\/\/enerotrade.com\/es\/wp-json\/wp\/v2\/product_brand?post=35473"},{"taxonomy":"product_cat","embeddable":true,"href":"https:\/\/enerotrade.com\/es\/wp-json\/wp\/v2\/product_cat?post=35473"},{"taxonomy":"product_tag","embeddable":true,"href":"https:\/\/enerotrade.com\/es\/wp-json\/wp\/v2\/product_tag?post=35473"}],"curies":[{"name":"wp","href":"https:\/\/api.w.org\/{rel}","templated":true}]}}