{"id":35679,"date":"2026-03-12T09:28:14","date_gmt":"2026-03-12T09:28:14","guid":{"rendered":"https:\/\/enerotrade.com\/es\/?post_type=product&#038;p=35679"},"modified":"2026-03-24T12:35:11","modified_gmt":"2026-03-24T12:35:11","slug":"zapatillas-adidas-superstar-ii-w-alumina-beige-ih4145","status":"publish","type":"product","link":"https:\/\/enerotrade.com\/es\/product\/zapatillas-adidas-superstar-ii-w-alumina-beige-ih4145\/","title":{"rendered":"Zapatillas ADIDAS Superstar II W Alumina beige IH4145"},"content":{"rendered":"<div style=\"padding:0;font-family:'Segoe UI',-apple-system,sans-serif\">\n<p>  <!-- INTRO --><\/p>\n<div style=\"margin-bottom:32px;padding-bottom:32px;border-bottom:1px solid #ebebeb\">\n<p style=\"font-size:14.5px;line-height:1.85;color:#3a3a3a;margin:0\">ADIDAS Superstar II W en versi\u00f3n color\u00edstica Alumina es una mirada contempor\u00e1nea al dise\u00f1o cl\u00e1sico de los a\u00f1os 70. El cuero beige del corte contrasta con las rayas crema Three Stripes y la suela en el mismo tono. La caracter\u00edstica puntera tipo concha y la suela de goma con textura natural completan el aspecto ic\u00f3nico de este modelo.<\/p>\n<\/p><\/div>\n<p>  <!-- SPECYFIKACJA --><\/p>\n<div style=\"margin-bottom:32px;padding-bottom:32px;border-bottom:1px solid #ebebeb\">\n<div style=\"font-size:10px;font-weight:700;letter-spacing:3px;text-transform:uppercase;color:#bbb;margin-bottom:14px\">Especificaciones<\/div>\n<table style=\"width:100%;border-collapse:collapse\">\n<tr>\n<td style=\"padding:11px 0;border-top:1px solid #ebebeb;border-bottom:1px solid #ebebeb;font-size:13px;color:#aaa;font-weight:500\">Marca<\/td>\n<td style=\"padding:11px 0;border-top:1px solid #ebebeb;border-bottom:1px solid #ebebeb;font-size:13px;color:#1a1a1a;font-weight:500\">Adidas<\/td>\n<\/tr>\n<tr>\n<td style=\"padding:11px 0;border-bottom:1px solid #ebebeb;font-size:13px;color:#aaa;font-weight:500\">Color<\/td>\n<td style=\"padding:11px 0;border-bottom:1px solid #ebebeb;font-size:13px;color:#1a1a1a;font-weight:500\">Beige<\/td>\n<\/tr>\n<tr>\n<td style=\"padding:11px 0;border-bottom:1px solid #ebebeb;font-size:13px;color:#aaa;font-weight:500\">Material<\/td>\n<td style=\"padding:11px 0;border-bottom:1px solid #ebebeb;font-size:13px;color:#1a1a1a;font-weight:500\">Cuero, material textil<\/td>\n<\/tr>\n<tr>\n<td style=\"padding:11px 0;border-bottom:1px solid #ebebeb;font-size:13px;color:#aaa;font-weight:500\">Tallas disponibles<\/td>\n<td style=\"padding:11px 0;border-bottom:1px solid #ebebeb;font-size:13px;color:#1a1a1a;font-weight:500\">36, 36 2\/3, 37 1\/3, 38, 38 2\/3, 39 1\/3, 40, 40 2\/3, 41 1\/3, 42, 42 2\/3, 43 1\/3, 44, 44 2\/3, 45 1\/3<\/td>\n<\/tr>\n<tr>\n<td style=\"padding:11px 0;border-bottom:1px solid #ebebeb;font-size:13px;color:#aaa;font-weight:500\">G\u00e9nero<\/td>\n<td style=\"padding:11px 0;border-bottom:1px solid #ebebeb;font-size:13px;color:#1a1a1a;font-weight:500\">Unisex<\/td>\n<\/tr>\n<tr>\n<td style=\"padding:11px 0;border-bottom:1px solid #ebebeb;font-size:13px;color:#aaa;font-weight:500\">SKU<\/td>\n<td style=\"padding:11px 0;border-bottom:1px solid #ebebeb;font-size:13px;color:#1a1a1a;font-weight:500\">IH4145<\/td>\n<\/tr>\n<\/table><\/div>\n<p>  <!-- SEKCJA --><\/p>\n<div style=\"align-items:baseline;gap:16px\">\n<div style=\"width:20px;height:1px;background:#1a1a1a;flex-shrink:0;margin-top:10px\"><\/div>\n<div>\n<div style=\"font-size:10px;font-weight:700;letter-spacing:2.5px;text-transform:uppercase;color:#1a1a1a;margin-bottom:8px\">C\u00f3mo llevar<\/div>\n<p style=\"font-size:13.5px;line-height:1.8;color:#666;margin:0\">El tono neutro Alumina se combina con vaqueros de cualquier corte y pantalones chino en tonos caqui y azul marino. Encaja con estilismos casuales con sudaderas oversize y chaquetas bomber cortas. Tambi\u00e9n funciona en conjunto con vestidos midi y faldas plisadas para contrastar acentos deportivo-elegantes.<\/p>\n<\/p><\/div>\n<\/p><\/div>\n<\/div>\n","protected":false},"excerpt":{"rendered":"<p>Ic\u00f3nicas sneakers ADIDAS Superstar II W en color Alumina combinan cuero beige con acentos crema. Caracter\u00edstica puntera tipo concha y suela de goma con textura natural. Modelo unisex disponible en amplia gama de tallas.<\/p>\n","protected":false},"featured_media":35673,"template":"","meta":[],"etheme_brands":[{"term_id":106,"name":"Adidas","slug":"adidas","term_group":0,"term_taxonomy_id":106,"taxonomy":"brand","description":"","parent":0,"count":7,"filter":"raw"}],"product_brand":[],"product_cat":[148,226,219],"product_tag":[351,251,334,305,286,278,479,149,262],"class_list":{"0":"post-35679","1":"product","2":"type-product","3":"status-publish","4":"has-post-thumbnail","6":"brand-adidas","7":"product_cat-todos-los-productos","8":"product_cat-zapatillas-deportivas","9":"product_cat-zapatos","10":"product_tag-adidas","11":"product_tag-beige","12":"product_tag-clasicas","13":"product_tag-cuero","14":"product_tag-retro","15":"product_tag-sneakers","16":"product_tag-superstar","17":"product_tag-top","18":"product_tag-unisex","20":"first","21":"instock","22":"sale","23":"taxable","24":"shipping-taxable","25":"purchasable","26":"product-type-variable","27":"has-default-attributes"},"_links":{"self":[{"href":"https:\/\/enerotrade.com\/es\/wp-json\/wp\/v2\/product\/35679","targetHints":{"allow":["GET"]}}],"collection":[{"href":"https:\/\/enerotrade.com\/es\/wp-json\/wp\/v2\/product"}],"about":[{"href":"https:\/\/enerotrade.com\/es\/wp-json\/wp\/v2\/types\/product"}],"version-history":[{"count":1,"href":"https:\/\/enerotrade.com\/es\/wp-json\/wp\/v2\/product\/35679\/revisions"}],"predecessor-version":[{"id":36433,"href":"https:\/\/enerotrade.com\/es\/wp-json\/wp\/v2\/product\/35679\/revisions\/36433"}],"wp:featuredmedia":[{"embeddable":true,"href":"https:\/\/enerotrade.com\/es\/wp-json\/wp\/v2\/media\/35673"}],"wp:attachment":[{"href":"https:\/\/enerotrade.com\/es\/wp-json\/wp\/v2\/media?parent=35679"}],"wp:term":[{"taxonomy":"brand","embeddable":true,"href":"https:\/\/enerotrade.com\/es\/wp-json\/wp\/v2\/etheme_brands?post=35679"},{"taxonomy":"product_brand","embeddable":true,"href":"https:\/\/enerotrade.com\/es\/wp-json\/wp\/v2\/product_brand?post=35679"},{"taxonomy":"product_cat","embeddable":true,"href":"https:\/\/enerotrade.com\/es\/wp-json\/wp\/v2\/product_cat?post=35679"},{"taxonomy":"product_tag","embeddable":true,"href":"https:\/\/enerotrade.com\/es\/wp-json\/wp\/v2\/product_tag?post=35679"}],"curies":[{"name":"wp","href":"https:\/\/api.w.org\/{rel}","templated":true}]}}