{"id":36008,"date":"2026-03-12T09:28:14","date_gmt":"2026-03-12T09:28:14","guid":{"rendered":"https:\/\/enerotrade.com\/es\/?post_type=product&#038;p=36008"},"modified":"2026-03-24T12:38:23","modified_gmt":"2026-03-24T12:38:23","slug":"zapatillas-deportivas-asics-gel-nyc-beige-rosa-unisex","status":"publish","type":"product","link":"https:\/\/enerotrade.com\/es\/product\/zapatillas-deportivas-asics-gel-nyc-beige-rosa-unisex\/","title":{"rendered":"Zapatillas deportivas Asics Gel-NYC Beige, rosa unisex"},"content":{"rendered":"<div style=\"padding:0;font-family:'Segoe UI',-apple-system,sans-serif\">\n<p>  <!-- INTRO --><\/p>\n<div style=\"margin-bottom:32px;padding-bottom:32px;border-bottom:1px solid #ebebeb\">\n<p style=\"font-size:14.5px;line-height:1.85;color:#3a3a3a;margin:0\">Las ASICS Gel-NYC son zapatillas deportivas inspiradas en los modelos de running de los a\u00f1os 2000. La combinaci\u00f3n de colores cream, mineral beige y pink crea una composici\u00f3n armoniosa de tonos neutros y vibrantes. La parte superior combina materiales textiles con paneles sint\u00e9ticos e insertos de ante.<\/p>\n<\/p><\/div>\n<p>  <!-- SPECYFIKACJA --><\/p>\n<div style=\"margin-bottom:32px;padding-bottom:32px;border-bottom:1px solid #ebebeb\">\n<div style=\"font-size:10px;font-weight:700;letter-spacing:3px;text-transform:uppercase;color:#bbb;margin-bottom:14px\">Especificaciones<\/div>\n<table style=\"width:100%;border-collapse:collapse\">\n<tr>\n<td style=\"padding:11px 0;border-top:1px solid #ebebeb;border-bottom:1px solid #ebebeb;font-size:13px;color:#aaa;font-weight:500\">Marca<\/td>\n<td style=\"padding:11px 0;border-top:1px solid #ebebeb;border-bottom:1px solid #ebebeb;font-size:13px;color:#1a1a1a;font-weight:500\">Asics<\/td>\n<\/tr>\n<tr>\n<td style=\"padding:11px 0;border-bottom:1px solid #ebebeb;font-size:13px;color:#aaa;font-weight:500\">Color<\/td>\n<td style=\"padding:11px 0;border-bottom:1px solid #ebebeb;font-size:13px;color:#1a1a1a;font-weight:500\">Beige, rosa<\/td>\n<\/tr>\n<tr>\n<td style=\"padding:11px 0;border-bottom:1px solid #ebebeb;font-size:13px;color:#aaa;font-weight:500\">Material<\/td>\n<td style=\"padding:11px 0;border-bottom:1px solid #ebebeb;font-size:13px;color:#1a1a1a;font-weight:500\">Material textil, sint\u00e9tico<\/td>\n<\/tr>\n<tr>\n<td style=\"padding:11px 0;border-bottom:1px solid #ebebeb;font-size:13px;color:#aaa;font-weight:500\">Tallas disponibles<\/td>\n<td style=\"padding:11px 0;border-bottom:1px solid #ebebeb;font-size:13px;color:#1a1a1a;font-weight:500\">36, 37, 38, 39, 40, 41, 42, 43, 44, 45<\/td>\n<\/tr>\n<tr>\n<td style=\"padding:11px 0;border-bottom:1px solid #ebebeb;font-size:13px;color:#aaa;font-weight:500\">G\u00e9nero<\/td>\n<td style=\"padding:11px 0;border-bottom:1px solid #ebebeb;font-size:13px;color:#1a1a1a;font-weight:500\">Unisex<\/td>\n<\/tr>\n<tr>\n<td style=\"padding:11px 0;border-bottom:1px solid #ebebeb;font-size:13px;color:#aaa;font-weight:500\">SKU<\/td>\n<td style=\"padding:11px 0;border-bottom:1px solid #ebebeb;font-size:13px;color:#1a1a1a;font-weight:500\">1203A383-104<\/td>\n<\/tr>\n<\/table><\/div>\n<p>  <!-- SEKCJA --><\/p>\n<div style=\"align-items:baseline;gap:16px\">\n<div style=\"width:20px;height:1px;background:#1a1a1a;flex-shrink:0;margin-top:10px\"><\/div>\n<div>\n<div style=\"font-size:10px;font-weight:700;letter-spacing:2.5px;text-transform:uppercase;color:#1a1a1a;margin-bottom:8px\">C\u00f3mo llevar<\/div>\n<p style=\"font-size:13.5px;line-height:1.8;color:#666;margin:0\">Estas zapatillas combinan con estilismos casuales con vaqueros, ch\u00e1ndales o pantalones cortos. Los acentos rosas se combinan bien con elementos blancos, beige y grises del armario. Funcionan como complemento tanto para outfits deportivos como urbanos.<\/p>\n<\/p><\/div>\n<\/p><\/div>\n<\/div>\n","protected":false},"excerpt":{"rendered":"<p>Zapatillas deportivas ASICS Gel-NYC en colores cream, mineral beige y pink. Construcci\u00f3n que combina materiales textiles con insertos sint\u00e9ticos. Suela masiva con sistema de amortiguaci\u00f3n Gel que proporciona comodidad durante el uso.<\/p>\n","protected":false},"featured_media":36391,"template":"","meta":[],"etheme_brands":[{"term_id":500,"name":"Asics","slug":"asics","term_group":0,"term_taxonomy_id":500,"taxonomy":"brand","description":"","parent":0,"count":6,"filter":"raw"}],"product_brand":[],"product_cat":[148,226,219],"product_tag":[285,490,251,491,252,278,149,262,282],"class_list":{"0":"post-36008","1":"product","2":"type-product","3":"status-publish","4":"has-post-thumbnail","6":"brand-asics","7":"product_cat-todos-los-productos","8":"product_cat-zapatillas-deportivas","9":"product_cat-zapatos","10":"product_tag-amortiguacion","11":"product_tag-asics","12":"product_tag-beige","13":"product_tag-gel-nyc","14":"product_tag-rosa","15":"product_tag-sneakers","16":"product_tag-top","17":"product_tag-unisex","18":"product_tag-zapatillas-deportivas","20":"first","21":"instock","22":"sale","23":"taxable","24":"shipping-taxable","25":"purchasable","26":"product-type-variable","27":"has-default-attributes"},"_links":{"self":[{"href":"https:\/\/enerotrade.com\/es\/wp-json\/wp\/v2\/product\/36008","targetHints":{"allow":["GET"]}}],"collection":[{"href":"https:\/\/enerotrade.com\/es\/wp-json\/wp\/v2\/product"}],"about":[{"href":"https:\/\/enerotrade.com\/es\/wp-json\/wp\/v2\/types\/product"}],"version-history":[{"count":1,"href":"https:\/\/enerotrade.com\/es\/wp-json\/wp\/v2\/product\/36008\/revisions"}],"predecessor-version":[{"id":36399,"href":"https:\/\/enerotrade.com\/es\/wp-json\/wp\/v2\/product\/36008\/revisions\/36399"}],"wp:featuredmedia":[{"embeddable":true,"href":"https:\/\/enerotrade.com\/es\/wp-json\/wp\/v2\/media\/36391"}],"wp:attachment":[{"href":"https:\/\/enerotrade.com\/es\/wp-json\/wp\/v2\/media?parent=36008"}],"wp:term":[{"taxonomy":"brand","embeddable":true,"href":"https:\/\/enerotrade.com\/es\/wp-json\/wp\/v2\/etheme_brands?post=36008"},{"taxonomy":"product_brand","embeddable":true,"href":"https:\/\/enerotrade.com\/es\/wp-json\/wp\/v2\/product_brand?post=36008"},{"taxonomy":"product_cat","embeddable":true,"href":"https:\/\/enerotrade.com\/es\/wp-json\/wp\/v2\/product_cat?post=36008"},{"taxonomy":"product_tag","embeddable":true,"href":"https:\/\/enerotrade.com\/es\/wp-json\/wp\/v2\/product_tag?post=36008"}],"curies":[{"name":"wp","href":"https:\/\/api.w.org\/{rel}","templated":true}]}}