{"id":6651,"date":"2018-06-08T09:04:24","date_gmt":"2018-06-08T09:04:24","guid":{"rendered":"https:\/\/xstore.8theme.com\/demos\/2\/marseille02\/?page_id=6651"},"modified":"2026-03-05T16:50:02","modified_gmt":"2026-03-05T16:50:02","slug":"contact","status":"publish","type":"page","link":"https:\/\/enerotrade.com\/fr\/contact\/","title":{"rendered":"Contact"},"content":{"rendered":"\t\t<div data-elementor-type=\"wp-page\" data-elementor-id=\"6651\" class=\"elementor elementor-6651\" data-elementor-post-type=\"page\">\n\t\t\t\t\t\t<section class=\"elementor-section elementor-top-section elementor-element elementor-element-3d4f1bd5 elementor-section-stretched elementor-section-content-middle elementor-section-boxed elementor-section-height-default elementor-section-height-default\" data-id=\"3d4f1bd5\" data-element_type=\"section\" data-e-type=\"section\" data-settings=\"{&quot;stretch_section&quot;:&quot;section-stretched&quot;,&quot;background_background&quot;:&quot;classic&quot;}\">\n\t\t\t\t\t\t<div class=\"elementor-container elementor-column-gap-custom\">\n\t\t\t\t\t<div class=\"elementor-column elementor-col-100 elementor-top-column elementor-element elementor-element-305c5b6b\" data-id=\"305c5b6b\" data-element_type=\"column\" data-e-type=\"column\">\n\t\t\t<div class=\"elementor-widget-wrap elementor-element-populated\">\n\t\t\t\t\t\t<div class=\"elementor-element elementor-element-89dba60 elementor-widget elementor-widget-text-editor\" data-id=\"89dba60\" data-element_type=\"widget\" data-e-type=\"widget\" data-widget_type=\"text-editor.default\">\n\t\t\t\t\t\t\t\t\t<div class=\"enero-container\">\n<h1>Contactez-nous<\/h1>\n<div class=\"enero-highlight\">Nous sommes disponibles les jours ouvrables de <strong>8:00 \u00e0 16:00<\/strong>. Nous r\u00e9pondons g\u00e9n\u00e9ralement sous <strong>1 \u00e0 2 jours ouvrables<\/strong>.<\/div>\n<div class=\"enero-contact-grid cols-2\">\n<div>\n<div class=\"enero-card\">\n<h3>Service client<\/h3>\n<div class=\"enero-kvs\">\n<div class=\"enero-ico\">\u260e\ufe0f<\/div>\n<div>\n<div><strong>T\u00e9l\u00e9phone :<\/strong> <span style=\"color: #555555; background-color: rgba(0, 0, 0, 0);\">+48 731 785 059<\/span><\/div>\n<div>Lun\u2013Ven 8:00\u201316:00<\/div>\n<\/div>\n<\/div>\n<div class=\"enero-kvs\">\n<div class=\"enero-ico\">\u2709\ufe0f<\/div>\n<div>\n<div><strong>E-mail :<\/strong> <span style=\"color: #555555; background-color: rgba(0, 0, 0, 0);\">info@enerotrade.com<\/span><\/div>\n<div>Nous r\u00e9pondons aux demandes dans l\u2019ordre de leur r\u00e9ception<\/div>\n<div><\/div>\n<\/div>\n<\/div>\n<\/div>\n<div class=\"enero-card\">\n<h3>Informations sur l\u2019entreprise<\/h3>\n<p style=\"font-size: 16px; color: #888888;\">TRENTIX SP\u00d3\u0141KA Z OGRANICZON\u0104 ODPOWIEDZIALNO\u015aCI\u0104<\/p>\n<p style=\"font-size: 16px; color: #888888;\">Aleje Jerozolimskie 109\/70\n02-011 Warszawa<\/p>\n<p style=\"font-size: 16px; color: #888888;\">KRS: 0001164664\nNIP: 7011254127\nREGON: 541369670<\/p>\n\n<div><\/div>\nRetrait en personne <strong>non disponible<\/strong> \u2013 la vente et le service client sont assur\u00e9s exclusivement \u00e0 distance.\n<div class=\"enero-btns\"><a class=\"enero-btn\" href=\"https:\/\/enerotrade.com\/fr\/regles-de-la-boutique\/\">CGV \/ R\u00e8gles de la boutique<\/a>\n<a class=\"enero-btn\" href=\"https:\/\/enerotrade.com\/fr\/politique-de-confidentialite\/\">Confidentialit\u00e9<\/a><\/div>\n<div><\/div>\n<\/div>\n<\/div>\n<div>\n<div class=\"enero-card\">\n\n<strong>Retours et r\u00e9clamations<\/strong>\n<div class=\"enero-divider\"><\/div>\n<em>Adresse de l\u2019entrep\u00f4t d\u2019exp\u00e9dition ainsi que l\u2019adresse de retour et de r\u00e9clamation<\/em> (par envoi) :\n<p style=\"font-size: 16px; color: #888888;\">TRENTIX SP\u00d3\u0141KA Z OGRANICZON\u0104 ODPOWIEDZIALNO\u015aCI\u0104<\/p>\n<p style=\"font-size: 16px; color: #888888;\">02-457 Warszawa, Ul. Czere\u015bniowa 23E, Polska<\/p>\n\n<div class=\"enero-btns\"><a class=\"enero-btn\" href=\"https:\/\/enerotrade.com\/fr\/retours-echanges-et-reclamations\/\">Proc\u00e9dure de retour<\/a>\n<a class=\"enero-btn\" href=\"https:\/\/enerotrade.com\/fr\/formulaire-de-reclamation\/\">Formulaire de r\u00e9clamation<\/a>\n<a class=\"enero-btn\" href=\"https:\/\/enerotrade.com\/fr\/formulaire-de-retractation\/\">Formulaire de retour \/ r\u00e9tractation<\/a><\/div>\n<\/div>\n<div class=\"enero-card\">\n<h3>Horaires du service client<\/h3>\n<div>\n<div>Lundi\u2013Vendredi<\/div>\n<div><strong>8:00\u201316:00<\/strong><\/div>\n<div>Samedi\u2013Dimanche<\/div>\n<div>ferm\u00e9<\/div>\n<\/div>\n<\/div>\n<\/div>\n<\/div>\n<div id=\"formularz-kontaktowy\" class=\"enero-card\" style=\"margin-top: 16px;\">\n<h3>Formulaire de contact<\/h3>\nLe moyen le plus simple de nous joindre est via le formulaire \u2013 nous enverrons la r\u00e9ponse \u00e0 l\u2019adresse e-mail indiqu\u00e9e.\n<div class=\"enero-divider\"><\/div>\n<!-- UWAGA: shortcode wstaw w BLOKU SHORTCODE (nie w HTML) -->\n<div class=\"enero-cf7\">\n<div class=\"wpcf7 no-js\" id=\"wpcf7-f6512-o1\" lang=\"en-US\" dir=\"ltr\" data-wpcf7-id=\"6512\">\n<div class=\"screen-reader-response\"><p role=\"status\" aria-live=\"polite\" aria-atomic=\"true\"><\/p> <ul><\/ul><\/div>\n<form action=\"\/fr\/wp-json\/wp\/v2\/pages\/6651#wpcf7-f6512-o1\" method=\"post\" class=\"wpcf7-form init\" aria-label=\"Contact form\" novalidate=\"novalidate\" data-status=\"init\">\n<fieldset class=\"hidden-fields-container\"><input type=\"hidden\" name=\"_wpcf7\" value=\"6512\" \/><input type=\"hidden\" name=\"_wpcf7_version\" value=\"6.1.5\" \/><input type=\"hidden\" name=\"_wpcf7_locale\" value=\"en_US\" \/><input type=\"hidden\" name=\"_wpcf7_unit_tag\" value=\"wpcf7-f6512-o1\" \/><input type=\"hidden\" name=\"_wpcf7_container_post\" value=\"0\" \/><input type=\"hidden\" name=\"_wpcf7_posted_data_hash\" value=\"\" \/>\n<\/fieldset>\n<p><label> Nom<br \/>\n<span class=\"wpcf7-form-control-wrap\" data-name=\"your-name\"><input size=\"40\" maxlength=\"400\" class=\"wpcf7-form-control wpcf7-text wpcf7-validates-as-required\" aria-required=\"true\" aria-invalid=\"false\" value=\"\" type=\"text\" name=\"your-name\" \/><\/span><br \/>\n<\/label>\n<\/p>\n<p><label> Adresse e-mail<br \/>\n<span class=\"wpcf7-form-control-wrap\" data-name=\"your-email\"><input size=\"40\" maxlength=\"400\" class=\"wpcf7-form-control wpcf7-email wpcf7-validates-as-required wpcf7-text wpcf7-validates-as-email\" aria-required=\"true\" aria-invalid=\"false\" value=\"\" type=\"email\" name=\"your-email\" \/><\/span><br \/>\n<\/label>\n<\/p>\n<p><label> Objet<br \/>\n<span class=\"wpcf7-form-control-wrap\" data-name=\"your-subject\"><input size=\"40\" maxlength=\"400\" class=\"wpcf7-form-control wpcf7-text\" aria-invalid=\"false\" value=\"\" type=\"text\" name=\"your-subject\" \/><\/span><br \/>\n<\/label>\n<\/p>\n<p><label> Message<br \/>\n<span class=\"wpcf7-form-control-wrap\" data-name=\"your-message\"><textarea cols=\"40\" rows=\"10\" maxlength=\"2000\" class=\"wpcf7-form-control wpcf7-textarea\" aria-invalid=\"false\" name=\"your-message\"><\/textarea><\/span><br \/>\n<\/label>\n<\/p>\n<p><span class=\"wpcf7-form-control-wrap\" data-name=\"acceptance-561\"><span class=\"wpcf7-form-control wpcf7-acceptance\"><span class=\"wpcf7-list-item\"><label><input type=\"checkbox\" name=\"acceptance-561\" value=\"1\" aria-invalid=\"false\" \/><span class=\"wpcf7-list-item-label\">J\u2019ai lu et j\u2019accepte la \n<a href=\"https:\/\/enerotrade.com\/fr\/politique-de-confidentialite\/\" target=\"_blank\"><strong>Politique de confidentialit\u00e9<\/strong><\/a>, \net je consens au traitement de mes donn\u00e9es personnelles pour r\u00e9pondre \u00e0 ma demande.<\/span><\/label><\/span><\/span><\/span>\n<\/p>\n<p><input class=\"wpcf7-form-control wpcf7-submit has-spinner\" type=\"submit\" value=\"Envoyer\" \/>\n<\/p><div class=\"wpcf7-response-output\" aria-hidden=\"true\"><\/div>\n<\/form>\n<\/div>\n<\/div>\n<\/div>\n<div style=\"margin-top: 16px;\"><strong>GDPR :<\/strong> Le responsable du traitement des donn\u00e9es est TRENTIX SP\u00d3\u0141KA Z OGRANICZON\u0104 ODPOWIEDZIALNO\u015aCI\u0104. Vous trouverez les d\u00e9tails du traitement des donn\u00e9es dans la\n<a href=\"https:\/\/enerotrade.com\/fr\/politique-de-confidentialite\/\">Politique de confidentialit\u00e9<\/a> ainsi que dans la\n<a href=\"https:\/\/enerotrade.com\/fr\/clause-dinformation-gdpr\/\">Clause d\u2019information GDPR<\/a>.<\/div>\n<\/div>\t\t\t\t\t\t\t\t<\/div>\n\t\t\t\t\t<\/div>\n\t\t<\/div>\n\t\t\t\t\t<\/div>\n\t\t<\/section>\n\t\t\t\t<\/div>\n\t\t","protected":false},"excerpt":{"rendered":"<p>Contactez-nous Nous sommes disponibles les jours ouvrables de 8:00 \u00e0 16:00. Nous r\u00e9pondons g\u00e9n\u00e9ralement sous 1 \u00e0 2 jours ouvrables. Service client \u260e\ufe0f T\u00e9l\u00e9phone :&#8230;<\/p>\n","protected":false},"author":1,"featured_media":0,"parent":0,"menu_order":0,"comment_status":"closed","ping_status":"closed","template":"","meta":{"footnotes":""},"class_list":["post-6651","page","type-page","status-publish","hentry"],"_links":{"self":[{"href":"https:\/\/enerotrade.com\/fr\/wp-json\/wp\/v2\/pages\/6651","targetHints":{"allow":["GET"]}}],"collection":[{"href":"https:\/\/enerotrade.com\/fr\/wp-json\/wp\/v2\/pages"}],"about":[{"href":"https:\/\/enerotrade.com\/fr\/wp-json\/wp\/v2\/types\/page"}],"author":[{"embeddable":true,"href":"https:\/\/enerotrade.com\/fr\/wp-json\/wp\/v2\/users\/1"}],"replies":[{"embeddable":true,"href":"https:\/\/enerotrade.com\/fr\/wp-json\/wp\/v2\/comments?post=6651"}],"version-history":[{"count":97,"href":"https:\/\/enerotrade.com\/fr\/wp-json\/wp\/v2\/pages\/6651\/revisions"}],"predecessor-version":[{"id":34408,"href":"https:\/\/enerotrade.com\/fr\/wp-json\/wp\/v2\/pages\/6651\/revisions\/34408"}],"wp:attachment":[{"href":"https:\/\/enerotrade.com\/fr\/wp-json\/wp\/v2\/media?parent=6651"}],"curies":[{"name":"wp","href":"https:\/\/api.w.org\/{rel}","templated":true}]}}