{"id":8831,"date":"2025-08-27T06:43:30","date_gmt":"2025-08-27T06:43:30","guid":{"rendered":"https:\/\/grelse.com\/?page_id=8831"},"modified":"2026-03-05T16:51:43","modified_gmt":"2026-03-05T16:51:43","slug":"formulaire-de-retractation","status":"publish","type":"page","link":"https:\/\/enerotrade.com\/fr\/formulaire-de-retractation\/","title":{"rendered":"Formulaire de r\u00e9tractation"},"content":{"rendered":"\t\t<div data-elementor-type=\"wp-page\" data-elementor-id=\"8831\" class=\"elementor elementor-8831\" data-elementor-post-type=\"page\">\n\t\t\t\t<div class=\"elementor-element elementor-element-d4442a8 e-flex e-con-boxed e-con e-parent\" data-id=\"d4442a8\" data-element_type=\"container\" data-e-type=\"container\">\n\t\t\t\t\t<div class=\"e-con-inner\">\n\t\t\t\t<div class=\"elementor-element elementor-element-32ef8be elementor-widget elementor-widget-text-editor\" data-id=\"32ef8be\" data-element_type=\"widget\" data-e-type=\"widget\" data-widget_type=\"text-editor.default\">\n\t\t\t\t\t\t\t\t\t<div class=\"enero-container\">\n<h1>Formulaire de retour \/ r\u00e9tractation<\/h1>\nCe formulaire permet \u2013 conform\u00e9ment aux droits des consommateurs en vigueur \u2013 d\u2019exercer le droit de r\u00e9tractation d\u2019un contrat conclu \u00e0 distance et de retourner les produits achet\u00e9s dans la boutique en ligne <strong>enerotrade.com<\/strong>.\n<div class=\"enero-card\">\n<h3>Donn\u00e9es du client :<\/h3>\n<ul>\n \t<li>Nom et pr\u00e9nom : &#8230;&#8230;&#8230;&#8230;&#8230;&#8230;&#8230;&#8230;&#8230;&#8230;&#8230;&#8230;&#8230;&#8230;&#8230;&#8230;<\/li>\n \t<li>Adresse : &#8230;&#8230;&#8230;&#8230;&#8230;&#8230;&#8230;&#8230;&#8230;&#8230;&#8230;&#8230;&#8230;&#8230;&#8230;&#8230;&#8230;&#8230;&#8230;&#8230;<\/li>\n \t<li>Adresse e-mail : &#8230;&#8230;&#8230;&#8230;&#8230;&#8230;&#8230;&#8230;&#8230;&#8230;&#8230;&#8230;&#8230;&#8230;&#8230;&#8230;<\/li>\n \t<li>T\u00e9l\u00e9phone de contact : &#8230;&#8230;&#8230;&#8230;&#8230;&#8230;&#8230;&#8230;&#8230;&#8230;&#8230;&#8230;<\/li>\n<\/ul>\n<\/div>\n<div class=\"enero-card\">\n<h3>D\u00e9tails de la commande :<\/h3>\n<ul>\n \t<li>Num\u00e9ro de commande : &#8230;&#8230;&#8230;&#8230;&#8230;&#8230;&#8230;&#8230;&#8230;&#8230;&#8230;&#8230;&#8230;<\/li>\n \t<li>Date de commande : &#8230;&#8230;&#8230;&#8230;&#8230;&#8230;&#8230;&#8230;&#8230;<\/li>\n \t<li>Date de livraison (r\u00e9ception du produit) : &#8230;&#8230;&#8230;&#8230;&#8230;&#8230;&#8230;&#8230;&#8230;&#8230;.<\/li>\n<\/ul>\n<\/div>\n<div class=\"enero-card\">\n<h3>Produit(s) retourn\u00e9(s) :<\/h3>\n&#8230;&#8230;&#8230;&#8230;&#8230;&#8230;&#8230;&#8230;&#8230;&#8230;&#8230;&#8230;&#8230;&#8230;&#8230;&#8230;&#8230;&#8230;&#8230;&#8230;&#8230;&#8230;&#8230;&#8230;&#8230;&#8230;&#8230;&#8230;&#8230;&#8230;&#8230;&#8230;&#8230;&#8230;&#8230;&#8230;&#8230;&#8230;&#8230;&#8230;&#8230;&#8230;&#8230;&#8230;&#8230;&#8230;&#8230;&#8230;&#8230;&#8230;&#8230;&#8230;&#8230;&#8230;&#8230;&#8230;&#8230;&#8230;&#8230;&#8230;&#8230;&#8230;&#8230;&#8230;&#8230;&#8230;&#8230;&#8230;..\n\n<\/div>\n<div class=\"enero-card\">\n<h3>Motif du retour (facultatif) :<\/h3>\n&#8230;&#8230;&#8230;&#8230;&#8230;&#8230;&#8230;&#8230;&#8230;&#8230;&#8230;&#8230;&#8230;&#8230;&#8230;&#8230;&#8230;&#8230;&#8230;&#8230;&#8230;&#8230;&#8230;&#8230;&#8230;&#8230;&#8230;&#8230;&#8230;&#8230;&#8230;&#8230;&#8230;&#8230;&#8230;&#8230;&#8230;&#8230;&#8230;&#8230;&#8230;&#8230;&#8230;&#8230;&#8230;&#8230;&#8230;&#8230;&#8230;&#8230;&#8230;&#8230;&#8230;&#8230;&#8230;&#8230;&#8230;&#8230;&#8230;&#8230;&#8230;&#8230;&#8230;&#8230;&#8230;&#8230;&#8230;&#8230;..\n\n<\/div>\n<div class=\"enero-highlight\"><strong>Information concernant le remboursement :<\/strong> Le remboursement est en principe effectu\u00e9 via le m\u00eame moyen de paiement que celui utilis\u00e9 lors de la commande (conform\u00e9ment \u00e0 nos conditions de paiement et de retour).<\/div>\n<div class=\"enero-card\">\n\nJe d\u00e9clare par la pr\u00e9sente me r\u00e9tracter du contrat conclu \u00e0 distance et retourner les produits mentionn\u00e9s ci-dessus.\n\nDate : &#8230;&#8230;&#8230;&#8230;&#8230;&#8230;&#8230;&#8230;&#8230;&#8230;&#8230;&#8230;&#8230;&#8230;\n\nSignature (si formulaire papier) : &#8230;&#8230;&#8230;&#8230;&#8230;&#8230;&#8230;&#8230;&#8230;&#8230;&#8230;&#8230;&#8230;&#8230;\n\n<\/div>\n<\/div>\t\t\t\t\t\t\t\t<\/div>\n\t\t\t\t\t<\/div>\n\t\t\t\t<\/div>\n\t\t\t\t<\/div>\n\t\t","protected":false},"excerpt":{"rendered":"<p>Formulaire de retour \/ r\u00e9tractation Ce formulaire permet \u2013 conform\u00e9ment aux droits des consommateurs en vigueur \u2013 d\u2019exercer le droit de r\u00e9tractation d\u2019un contrat conclu&#8230;<\/p>\n","protected":false},"author":1,"featured_media":0,"parent":0,"menu_order":0,"comment_status":"closed","ping_status":"closed","template":"","meta":{"footnotes":""},"class_list":["post-8831","page","type-page","status-publish","hentry"],"_links":{"self":[{"href":"https:\/\/enerotrade.com\/fr\/wp-json\/wp\/v2\/pages\/8831","targetHints":{"allow":["GET"]}}],"collection":[{"href":"https:\/\/enerotrade.com\/fr\/wp-json\/wp\/v2\/pages"}],"about":[{"href":"https:\/\/enerotrade.com\/fr\/wp-json\/wp\/v2\/types\/page"}],"author":[{"embeddable":true,"href":"https:\/\/enerotrade.com\/fr\/wp-json\/wp\/v2\/users\/1"}],"replies":[{"embeddable":true,"href":"https:\/\/enerotrade.com\/fr\/wp-json\/wp\/v2\/comments?post=8831"}],"version-history":[{"count":28,"href":"https:\/\/enerotrade.com\/fr\/wp-json\/wp\/v2\/pages\/8831\/revisions"}],"predecessor-version":[{"id":34414,"href":"https:\/\/enerotrade.com\/fr\/wp-json\/wp\/v2\/pages\/8831\/revisions\/34414"}],"wp:attachment":[{"href":"https:\/\/enerotrade.com\/fr\/wp-json\/wp\/v2\/media?parent=8831"}],"curies":[{"name":"wp","href":"https:\/\/api.w.org\/{rel}","templated":true}]}}