{"id":8839,"date":"2025-08-27T06:48:34","date_gmt":"2025-08-27T06:48:34","guid":{"rendered":"https:\/\/grelse.com\/?page_id=8839"},"modified":"2026-03-05T17:08:17","modified_gmt":"2026-03-05T17:08:17","slug":"retours-echanges-et-reclamations","status":"publish","type":"page","link":"https:\/\/enerotrade.com\/fr\/retours-echanges-et-reclamations\/","title":{"rendered":"Retours, \u00e9changes et r\u00e9clamations"},"content":{"rendered":"\t\t<div data-elementor-type=\"wp-page\" data-elementor-id=\"8839\" class=\"elementor elementor-8839\" data-elementor-post-type=\"page\">\n\t\t\t\t<div class=\"elementor-element elementor-element-c7e3518 e-flex e-con-boxed e-con e-parent\" data-id=\"c7e3518\" data-element_type=\"container\" data-e-type=\"container\">\n\t\t\t\t\t<div class=\"e-con-inner\">\n\t\t\t\t<div class=\"elementor-element elementor-element-4fcd088 elementor-widget elementor-widget-text-editor\" data-id=\"4fcd088\" data-element_type=\"widget\" data-e-type=\"widget\" data-widget_type=\"text-editor.default\">\n\t\t\t\t\t\t\t\t\t<div class=\"enero-container\">\n<h1>RETOURS, \u00c9CHANGES ET R\u00c9CLAMATIONS<\/h1>\n\n<div class=\"enero-card\">\n<h2>1. Contact (obligatoire avant tout retour) et informations g\u00e9n\u00e9rales<\/h2>\n<strong>Vendeur :<\/strong> TRENTIX SP\u00d3\u0141KA Z OGRANICZON\u0104 ODPOWIEDZIALNO\u015aCI\u0104, Aleje Jerozolimskie 109\/70, 02-011 Varsovie, Pologne \u2013 KRS : 0001164664 \u2013 NIP : 7011254127 \u2013 REGON : 541369670<br \/>\n<strong>E-mail :<\/strong> <a href=\"mailto:info@enerotrade.com\">info@enerotrade.com<\/a> \u2013 <strong>T\u00e9l. :<\/strong> <a href=\"tel:+48731785059\">+48 731 785 059<\/a> (service g\u00e9n\u00e9ralement lun\u2013ven 8:00\u201316:00)\n\n<br \/><br \/>\n<strong>Information importante :<\/strong> merci de contacter notre service client <strong>avant tout retour<\/strong> (retour\/r\u00e9tractation ou r\u00e9clamation) afin d\u2019obtenir <strong>l\u2019adresse de retour correcte<\/strong> et la marche \u00e0 suivre. Les retours envoy\u00e9s \u00e0 une autre adresse que celle que nous vous communiquons sont consid\u00e9r\u00e9s comme <strong>invalides<\/strong> et ne donnent pas droit \u00e0 remboursement.\n<\/div>\n\n<hr \/>\n\n<div class=\"enero-card\">\n<h2>2. Droit de r\u00e9tractation (l\u00e9gal 14 jours)<\/h2>\nLes consommateurs et les entrepreneurs b\u00e9n\u00e9ficiant de droits similaires disposent d\u2019un <strong>droit l\u00e9gal de r\u00e9tractation de 14 jours<\/strong> (vente \u00e0 distance). Les d\u00e9tails figurent dans les <a href=\"https:\/\/enerotrade.com\/fr\/regles-de-la-boutique\/\">informations sur la r\u00e9tractation<\/a> et sur la page <a href=\"https:\/\/enerotrade.com\/fr\/formulaire-de-retractation\/\">formulaire de r\u00e9tractation<\/a>.\n\n<br \/><br \/>\n<strong>Remarque :<\/strong> pour la logistique de retour, les exigences suivantes s\u2019appliquent \u00e9galement : retour uniquement apr\u00e8s contact, Track &amp; Trace, frais de retour \u00e0 la charge du client, \u00e9tiquette organis\u00e9e par le client \u2013 sauf si des dispositions l\u00e9gales imp\u00e9ratives pr\u00e9voient autrement dans un cas particulier.\n<\/div>\n\n<hr \/>\n\n<div class=\"enero-card\">\n<h2>3. \u00c9change<\/h2>\n<strong>Nous ne proposons pas d\u2019\u00e9change.<\/strong>\n<\/div>\n\n<hr \/>\n\n<div class=\"enero-card\">\n<h2>4. R\u00e9clamations (article d\u00e9fectueux \/ mauvais article \/ non-conformit\u00e9)<\/h2>\n\n<h3>4.1 Article d\u00e9fectueux<\/h3>\n<ul>\n \t<li>Veuillez contacter notre support \u00e0 <a href=\"mailto:info@enerotrade.com\">info@enerotrade.com<\/a> en indiquant les informations de commande et en joignant des <strong>photo(s)<\/strong> comme preuve.<\/li>\n \t<li>Le signalement doit \u00eatre effectu\u00e9 <strong>dans les 5 jours ouvrables<\/strong> suivant la livraison.<\/li>\n<\/ul>\n\n<h3>4.2 Mauvais article re\u00e7u<\/h3>\n<ul>\n \t<li>Veuillez contacter notre support \u00e0 <a href=\"mailto:info@enerotrade.com\">info@enerotrade.com<\/a> en indiquant les informations de commande et en joignant des <strong>photo(s)<\/strong> comme preuve.<\/li>\n<\/ul>\n\n<h3>4.3 Adresse de retour et exp\u00e9dition en cas de r\u00e9clamation<\/h3>\nEn cas de r\u00e9clamation \u00e9galement : merci de nous contacter d\u2019abord afin que nous vous communiquions l\u2019adresse de retour correcte et la proc\u00e9dure. Les envois \u00e0 d\u2019autres adresses sont consid\u00e9r\u00e9s comme invalides.\n\n<h3>4.4 Traitement et solution<\/h3>\n<ul>\n \t<li>Nous analysons le dossier et vous informons de la suite \u00e0 donner.<\/li>\n \t<li>Selon le r\u00e9sultat, la solution peut inclure r\u00e9paration\/remplacement, r\u00e9duction de prix ou remboursement \u2013 conform\u00e9ment aux dispositions l\u00e9gales applicables.<\/li>\n<\/ul>\n<\/div>\n\n<hr \/>\n\n<div class=\"enero-card\">\n<h2>5. Conseils pratiques d\u2019emballage<\/h2>\n<ul>\n \t<li><strong>Emballage s\u00e9curis\u00e9 :<\/strong> merci d\u2019emballer l\u2019article de mani\u00e8re adapt\u00e9e au transport (de pr\u00e9f\u00e9rence dans l\u2019emballage d\u2019origine, avec une protection suppl\u00e9mentaire).<\/li>\n \t<li><strong>\u00c0 joindre :<\/strong> num\u00e9ro de commande et br\u00e8ve description (retour ou r\u00e9clamation).<\/li>\n \t<li><strong>Pas de contre-remboursement :<\/strong> nous n\u2019acceptons pas les colis en contre-remboursement.<\/li>\n<\/ul>\n<\/div>\n\n<hr \/>\n\n<div class=\"enero-card\">\n<h2>6. D\u00e9lai de r\u00e9ponse<\/h2>\nNous r\u00e9pondons g\u00e9n\u00e9ralement sous 1 \u00e0 2 jours ouvrables. Pour les retours ou r\u00e9clamations formels, nous \u00e9changeons avec vous jusqu\u2019\u00e0 la cl\u00f4ture du dossier.\n<\/div>\n\n<hr \/>\n\n<div class=\"enero-card\">\n<h2>7. Documents et renvois<\/h2>\n<ul>\n \t<li>Cette page compl\u00e8te les <a href=\"https:\/\/enerotrade.com\/fr\/regles-de-la-boutique\/\">r\u00e8gles de la boutique<\/a> et doit \u00eatre lue avec : <a href=\"https:\/\/enerotrade.com\/fr\/livraison-et-expedition\/\">livraison et exp\u00e9dition<\/a>, <a href=\"https:\/\/enerotrade.com\/fr\/paiements\/\">moyens de paiement<\/a>, <a href=\"https:\/\/enerotrade.com\/fr\/politique-de-confidentialite\/\">politique de confidentialit\u00e9<\/a>.<\/li>\n \t<li>Ces dispositions ne limitent pas les droits des consommateurs pr\u00e9vus par des dispositions l\u00e9gales imp\u00e9ratives.<\/li>\n<\/ul>\n<\/div>\n\n<hr \/>\n\nQuick links :\n<a href=\"https:\/\/enerotrade.com\/fr\/formulaire-de-retractation\/\">Formulaire de r\u00e9tractation<\/a>\n<a href=\"https:\/\/enerotrade.com\/fr\/livraison-et-expedition\/\">Livraison et exp\u00e9dition<\/a>\n<a href=\"https:\/\/enerotrade.com\/fr\/paiements\/\">Moyens de paiement<\/a>\n<a href=\"https:\/\/enerotrade.com\/fr\/mon-compte\/\">Mon compte<\/a>\n<a href=\"https:\/\/enerotrade.com\/fr\/contact\/\">Contact<\/a>\n\n<\/div>\t\t\t\t\t\t\t\t<\/div>\n\t\t\t\t\t<\/div>\n\t\t\t\t<\/div>\n\t\t\t\t<\/div>\n\t\t","protected":false},"excerpt":{"rendered":"<p>RETOURS, \u00c9CHANGES ET R\u00c9CLAMATIONS 1. Contact (obligatoire avant tout retour) et informations g\u00e9n\u00e9rales Vendeur : TRENTIX SP\u00d3\u0141KA Z OGRANICZON\u0104 ODPOWIEDZIALNO\u015aCI\u0104, Aleje Jerozolimskie 109\/70, 02-011 Varsovie,&#8230;<\/p>\n","protected":false},"author":1,"featured_media":0,"parent":0,"menu_order":0,"comment_status":"closed","ping_status":"closed","template":"","meta":{"footnotes":""},"class_list":["post-8839","page","type-page","status-publish","hentry"],"_links":{"self":[{"href":"https:\/\/enerotrade.com\/fr\/wp-json\/wp\/v2\/pages\/8839","targetHints":{"allow":["GET"]}}],"collection":[{"href":"https:\/\/enerotrade.com\/fr\/wp-json\/wp\/v2\/pages"}],"about":[{"href":"https:\/\/enerotrade.com\/fr\/wp-json\/wp\/v2\/types\/page"}],"author":[{"embeddable":true,"href":"https:\/\/enerotrade.com\/fr\/wp-json\/wp\/v2\/users\/1"}],"replies":[{"embeddable":true,"href":"https:\/\/enerotrade.com\/fr\/wp-json\/wp\/v2\/comments?post=8839"}],"version-history":[{"count":76,"href":"https:\/\/enerotrade.com\/fr\/wp-json\/wp\/v2\/pages\/8839\/revisions"}],"predecessor-version":[{"id":34455,"href":"https:\/\/enerotrade.com\/fr\/wp-json\/wp\/v2\/pages\/8839\/revisions\/34455"}],"wp:attachment":[{"href":"https:\/\/enerotrade.com\/fr\/wp-json\/wp\/v2\/media?parent=8839"}],"curies":[{"name":"wp","href":"https:\/\/api.w.org\/{rel}","templated":true}]}}