{"id":34522,"date":"2026-03-08T08:10:28","date_gmt":"2026-03-08T08:10:28","guid":{"rendered":"https:\/\/enerotrade.com\/fr\/?post_type=product&#038;p=34522"},"modified":"2026-03-22T12:25:01","modified_gmt":"2026-03-22T12:25:01","slug":"mules-birkenstock-boston-sfb-black-noires-0660473","status":"publish","type":"product","link":"https:\/\/enerotrade.com\/fr\/product\/mules-birkenstock-boston-sfb-black-noires-0660473\/","title":{"rendered":"Mules BIRKENSTOCK Boston SFB Black noires 0660473"},"content":{"rendered":"<div style=\"padding: 0; font-family: 'Segoe UI',-apple-system,sans-serif;\">\n<p><!-- INTRO --><\/p>\n<div style=\"margin-bottom: 32px; padding-bottom: 32px; border-bottom: 1px solid #ebebeb;\">\n<p style=\"font-size: 14.5px; line-height: 1.85; color: #3a3a3a; margin: 0;\">Les mules Boston SFB comptent parmi les mod\u00e8les les plus reconnaissables de la marque Birkenstock. Confectionn\u00e9es en cuir daim de haute qualit\u00e9 dans un noir profond, \u00e9quip\u00e9es d&rsquo;une boucle m\u00e9tallique r\u00e9glable. La semelle anatomique en li\u00e8ge naturel avec latex s&rsquo;adapte \u00e0 la forme du pied.<\/p>\n<\/div>\n<p><!-- SPECYFIKACJA --><\/p>\n<div style=\"margin-bottom: 32px; padding-bottom: 32px; border-bottom: 1px solid #ebebeb;\">\n<div style=\"font-size: 10px; font-weight: bold; letter-spacing: 3px; text-transform: uppercase; color: #bbb; margin-bottom: 14px;\">Sp\u00e9cifications<\/div>\n<table style=\"width: 100%; border-collapse: collapse;\">\n<tbody>\n<tr>\n<td style=\"padding: 11px 0; border-top: 1px solid #ebebeb; border-bottom: 1px solid #ebebeb; font-size: 13px; color: #aaa; font-weight: 500;\">Marque<\/td>\n<td style=\"padding: 11px 0; border-top: 1px solid #ebebeb; border-bottom: 1px solid #ebebeb; font-size: 13px; color: #1a1a1a; font-weight: 500;\">Birkenstock<\/td>\n<\/tr>\n<tr>\n<td style=\"padding: 11px 0; border-bottom: 1px solid #ebebeb; font-size: 13px; color: #aaa; font-weight: 500;\">Couleur<\/td>\n<td style=\"padding: 11px 0; border-bottom: 1px solid #ebebeb; font-size: 13px; color: #1a1a1a; font-weight: 500;\">Noir<\/td>\n<\/tr>\n<tr>\n<td style=\"padding: 11px 0; border-bottom: 1px solid #ebebeb; font-size: 13px; color: #aaa; font-weight: 500;\">Mati\u00e8re<\/td>\n<td style=\"padding: 11px 0; border-bottom: 1px solid #ebebeb; font-size: 13px; color: #1a1a1a; font-weight: 500;\">Daim, cuir<\/td>\n<\/tr>\n<tr>\n<td style=\"padding: 11px 0; border-bottom: 1px solid #ebebeb; font-size: 13px; color: #aaa; font-weight: 500;\">Tailles disponibles<\/td>\n<td style=\"padding: 11px 0; border-bottom: 1px solid #ebebeb; font-size: 13px; color: #1a1a1a; font-weight: 500;\">35, 36, 37, 38, 39, 40, 41, 42, 43, 44, 45, 46<\/td>\n<\/tr>\n<tr>\n<td style=\"padding: 11px 0; border-bottom: 1px solid #ebebeb; font-size: 13px; color: #aaa; font-weight: 500;\">Genre<\/td>\n<td style=\"padding: 11px 0; border-bottom: 1px solid #ebebeb; font-size: 13px; color: #1a1a1a; font-weight: 500;\">Unisexe<\/td>\n<\/tr>\n<tr>\n<td style=\"padding: 11px 0; border-bottom: 1px solid #ebebeb; font-size: 13px; color: #aaa; font-weight: 500;\">SKU<\/td>\n<td style=\"padding: 11px 0; border-bottom: 1px solid #ebebeb; font-size: 13px; color: #1a1a1a; font-weight: 500;\">0660473<\/td>\n<\/tr>\n<\/tbody>\n<\/table>\n<\/div>\n<p><!-- SEKCJA --><\/p>\n<div style=\"align-items: baseline; gap: 16px;\">\n<div style=\"width: 20px; height: 1px; background: #1a1a1a; flex-shrink: 0; margin-top: 10px;\"><\/div>\n<div>\n<div style=\"font-size: 10px; font-weight: bold; letter-spacing: 2.5px; text-transform: uppercase; color: #1a1a1a; margin-bottom: 8px;\">Comment les porter<\/div>\n<p style=\"font-size: 13.5px; line-height: 1.8; color: #666; margin: 0;\">Parfaites pour les tenues quotidiennes &#8211; du jean d\u00e9contract\u00e9 aux robes jusqu&rsquo;aux ensembles smart casual plus \u00e9l\u00e9gants. Elles conviennent comme chaussures d&rsquo;int\u00e9rieur et pour porter \u00e0 l&rsquo;ext\u00e9rieur. S&rsquo;accordent aux tenues minimalistes, scandinaves et contemporaines.<\/p>\n<\/div>\n<\/div>\n<\/div>\n","protected":false},"excerpt":{"rendered":"<p>Mules en daim Boston SFB noires avec boucle r\u00e9glable. Semelle anatomique en li\u00e8ge assurant un confort toute la journ\u00e9e. Mod\u00e8le unisexe au design caract\u00e9ristique.<\/p>\n","protected":false},"featured_media":34513,"template":"","meta":[],"etheme_brands":[{"term_id":495,"name":"Birkenstock","slug":"birkenstock","term_group":0,"term_taxonomy_id":495,"taxonomy":"brand","description":"","parent":0,"count":6,"filter":"raw"}],"product_brand":[],"product_cat":[219,233,148],"product_tag":[261,257,266,265,272,270,271,149,268],"class_list":{"0":"post-34522","1":"product","2":"type-product","3":"status-publish","4":"has-post-thumbnail","6":"brand-birkenstock","7":"product_cat-chaussures","8":"product_cat-mules-et-sandales","9":"product_cat-tous-les-produits","10":"product_tag-anatomiques","11":"product_tag-birkenstock","12":"product_tag-boston","13":"product_tag-daim","14":"product_tag-liege","15":"product_tag-mules","16":"product_tag-noires","17":"product_tag-top","18":"product_tag-unisexe","20":"first","21":"instock","22":"sale","23":"taxable","24":"shipping-taxable","25":"purchasable","26":"product-type-variable","27":"has-default-attributes"},"_links":{"self":[{"href":"https:\/\/enerotrade.com\/fr\/wp-json\/wp\/v2\/product\/34522","targetHints":{"allow":["GET"]}}],"collection":[{"href":"https:\/\/enerotrade.com\/fr\/wp-json\/wp\/v2\/product"}],"about":[{"href":"https:\/\/enerotrade.com\/fr\/wp-json\/wp\/v2\/types\/product"}],"version-history":[{"count":1,"href":"https:\/\/enerotrade.com\/fr\/wp-json\/wp\/v2\/product\/34522\/revisions"}],"predecessor-version":[{"id":35239,"href":"https:\/\/enerotrade.com\/fr\/wp-json\/wp\/v2\/product\/34522\/revisions\/35239"}],"wp:featuredmedia":[{"embeddable":true,"href":"https:\/\/enerotrade.com\/fr\/wp-json\/wp\/v2\/media\/34513"}],"wp:attachment":[{"href":"https:\/\/enerotrade.com\/fr\/wp-json\/wp\/v2\/media?parent=34522"}],"wp:term":[{"taxonomy":"brand","embeddable":true,"href":"https:\/\/enerotrade.com\/fr\/wp-json\/wp\/v2\/etheme_brands?post=34522"},{"taxonomy":"product_brand","embeddable":true,"href":"https:\/\/enerotrade.com\/fr\/wp-json\/wp\/v2\/product_brand?post=34522"},{"taxonomy":"product_cat","embeddable":true,"href":"https:\/\/enerotrade.com\/fr\/wp-json\/wp\/v2\/product_cat?post=34522"},{"taxonomy":"product_tag","embeddable":true,"href":"https:\/\/enerotrade.com\/fr\/wp-json\/wp\/v2\/product_tag?post=34522"}],"curies":[{"name":"wp","href":"https:\/\/api.w.org\/{rel}","templated":true}]}}