{"id":34629,"date":"2026-03-08T08:20:28","date_gmt":"2026-03-08T08:20:28","guid":{"rendered":"https:\/\/enerotrade.com\/fr\/?post_type=product&#038;p=34629"},"modified":"2026-03-09T07:34:17","modified_gmt":"2026-03-09T07:34:17","slug":"sac-shopper-bag-creme-femme-bag-001","status":"publish","type":"product","link":"https:\/\/enerotrade.com\/fr\/product\/sac-shopper-bag-creme-femme-bag-001\/","title":{"rendered":"Sac Shopper Bag Cr\u00e8me Femme BAG-001"},"content":{"rendered":"<div style=\"padding: 0; font-family: 'Segoe UI',-apple-system,sans-serif;\">\n<p><!-- INTRO --><\/p>\n<div style=\"margin-bottom: 32px; padding-bottom: 32px; border-bottom: 1px solid #ebebeb;\">\n<p style=\"font-size: 14.5px; line-height: 1.85; color: #3a3a3a; margin: 0;\">Ce sac shopper tress\u00e9 \u00e0 la main en corde de polyester allie fonctionnalit\u00e9 et design artistique. La base cr\u00e8me orn\u00e9e d&rsquo;\u00e9l\u00e9ments multicolores dans les tons bruns, beiges et oranges cr\u00e9e un motif caract\u00e9ristique. La fermeture par cordons assure la s\u00e9curit\u00e9 du contenu tout en maintenant un acc\u00e8s facile.<\/p>\n<\/div>\n<p><!-- SPECYFIKACJA --><\/p>\n<div style=\"margin-bottom: 32px; padding-bottom: 32px; border-bottom: 1px solid #ebebeb;\">\n<div style=\"font-size: 10px; font-weight: bold; letter-spacing: 3px; text-transform: uppercase; color: #bbb; margin-bottom: 14px;\">Sp\u00e9cifications<\/div>\n<table style=\"width: 100%; border-collapse: collapse;\">\n<tbody>\n<tr>\n<td style=\"padding: 11px 0; border-bottom: 1px solid #ebebeb; font-size: 13px; color: #aaa; font-weight: 500;\">Couleur<\/td>\n<td style=\"padding: 11px 0; border-bottom: 1px solid #ebebeb; font-size: 13px; color: #1a1a1a; font-weight: 500;\">Cr\u00e8me<\/td>\n<\/tr>\n<tr>\n<td style=\"padding: 11px 0; border-bottom: 1px solid #ebebeb; font-size: 13px; color: #aaa; font-weight: 500;\">Mati\u00e8re<\/td>\n<td style=\"padding: 11px 0; border-bottom: 1px solid #ebebeb; font-size: 13px; color: #1a1a1a; font-weight: 500;\">Polyester<\/td>\n<\/tr>\n<tr>\n<td style=\"padding: 11px 0; border-bottom: 1px solid #ebebeb; font-size: 13px; color: #aaa; font-weight: 500;\">Genre<\/td>\n<td style=\"padding: 11px 0; border-bottom: 1px solid #ebebeb; font-size: 13px; color: #1a1a1a; font-weight: 500;\">Femme<\/td>\n<\/tr>\n<tr>\n<td style=\"padding: 11px 0; border-bottom: 1px solid #ebebeb; font-size: 13px; color: #aaa; font-weight: 500;\">SKU<\/td>\n<td style=\"padding: 11px 0; border-bottom: 1px solid #ebebeb; font-size: 13px; color: #1a1a1a; font-weight: 500;\">BAG-001<\/td>\n<\/tr>\n<\/tbody>\n<\/table>\n<\/div>\n<p><!-- SEKCJA --><\/p>\n<div style=\"align-items: baseline; gap: 16px;\">\n<div style=\"width: 20px; height: 1px; background: #1a1a1a; flex-shrink: 0; margin-top: 10px;\"><\/div>\n<div>\n<div style=\"font-size: 10px; font-weight: bold; letter-spacing: 2.5px; text-transform: uppercase; color: #1a1a1a; margin-bottom: 8px;\">Comment le porter<\/div>\n<p style=\"font-size: 13.5px; line-height: 1.8; color: #666; margin: 0;\">Id\u00e9al pour les tenues estivales avec des robes en lin et des sandales plates. Parfait comme sac de plage avec des combinaisons claires et des t-shirts oversize. S&rsquo;accorde \u00e9galement aux ensembles d\u00e9contract\u00e9s avec jeans et blouses en coton dans des couleurs naturelles.<\/p>\n<\/div>\n<\/div>\n<\/div>\n","protected":false},"excerpt":{"rendered":"<p>Sac shopper spacieux fabriqu\u00e9 \u00e0 la main en corde de polyester tress\u00e9e. Coloris cr\u00e8me avec des \u00e9l\u00e9ments d\u00e9coratifs dans les tons bruns et beiges. Fermeture par cordons pratiques, dimensions 30x30x5 cm.<\/p>\n","protected":false},"featured_media":34618,"template":"","meta":[],"etheme_brands":[],"product_brand":[],"product_cat":[248,148],"product_tag":[291,294,292,295,288,289,293,290],"class_list":{"0":"post-34629","1":"product","2":"type-product","3":"status-publish","4":"has-post-thumbnail","6":"product_cat-sacs-a-main","7":"product_cat-tous-les-produits","8":"product_tag-creme","9":"product_tag-estival","10":"product_tag-fait-main","11":"product_tag-naturel","12":"product_tag-sac","13":"product_tag-shopper","14":"product_tag-spacieux","15":"product_tag-tresse","17":"first","18":"instock","19":"taxable","20":"shipping-taxable","21":"purchasable","22":"product-type-simple"},"_links":{"self":[{"href":"https:\/\/enerotrade.com\/fr\/wp-json\/wp\/v2\/product\/34629","targetHints":{"allow":["GET"]}}],"collection":[{"href":"https:\/\/enerotrade.com\/fr\/wp-json\/wp\/v2\/product"}],"about":[{"href":"https:\/\/enerotrade.com\/fr\/wp-json\/wp\/v2\/types\/product"}],"version-history":[{"count":1,"href":"https:\/\/enerotrade.com\/fr\/wp-json\/wp\/v2\/product\/34629\/revisions"}],"predecessor-version":[{"id":35234,"href":"https:\/\/enerotrade.com\/fr\/wp-json\/wp\/v2\/product\/34629\/revisions\/35234"}],"wp:featuredmedia":[{"embeddable":true,"href":"https:\/\/enerotrade.com\/fr\/wp-json\/wp\/v2\/media\/34618"}],"wp:attachment":[{"href":"https:\/\/enerotrade.com\/fr\/wp-json\/wp\/v2\/media?parent=34629"}],"wp:term":[{"taxonomy":"brand","embeddable":true,"href":"https:\/\/enerotrade.com\/fr\/wp-json\/wp\/v2\/etheme_brands?post=34629"},{"taxonomy":"product_brand","embeddable":true,"href":"https:\/\/enerotrade.com\/fr\/wp-json\/wp\/v2\/product_brand?post=34629"},{"taxonomy":"product_cat","embeddable":true,"href":"https:\/\/enerotrade.com\/fr\/wp-json\/wp\/v2\/product_cat?post=34629"},{"taxonomy":"product_tag","embeddable":true,"href":"https:\/\/enerotrade.com\/fr\/wp-json\/wp\/v2\/product_tag?post=34629"}],"curies":[{"name":"wp","href":"https:\/\/api.w.org\/{rel}","templated":true}]}}