{"id":34711,"date":"2026-03-08T08:27:15","date_gmt":"2026-03-08T08:27:15","guid":{"rendered":"https:\/\/enerotrade.com\/fr\/?post_type=product&#038;p=34711"},"modified":"2026-03-09T07:33:55","modified_gmt":"2026-03-09T07:33:55","slug":"sac-a-dos-vintage-en-cuir-avec-compartiments-noir-backpack-marron-unisexe","status":"publish","type":"product","link":"https:\/\/enerotrade.com\/fr\/product\/sac-a-dos-vintage-en-cuir-avec-compartiments-noir-backpack-marron-unisexe\/","title":{"rendered":"Sac \u00e0 dos vintage en cuir avec compartiments NOIR BACKPACK Marron unisexe"},"content":{"rendered":"<div style=\"padding: 0; font-family: 'Segoe UI',-apple-system,sans-serif;\">\n<p><!-- INTRO --><\/p>\n<div style=\"margin-bottom: 32px; padding-bottom: 32px; border-bottom: 1px solid #ebebeb;\">\n<p style=\"font-size: 14.5px; line-height: 1.85; color: #3a3a3a; margin: 0;\">Le sac \u00e0 dos de style vintage se caract\u00e9rise par un design classique et une fonctionnalit\u00e9 r\u00e9fl\u00e9chie. Fabriqu\u00e9 en cuir naturel dans une couleur marron chaleureuse, il poss\u00e8de de nombreuses poches et compartiments facilitant l&rsquo;organisation du contenu. Les bretelles r\u00e9glables et la fermeture \u00e9clair solide assurent confort et s\u00e9curit\u00e9 d&rsquo;utilisation.<\/p>\n<\/div>\n<p><!-- SPECYFIKACJA --><\/p>\n<div style=\"margin-bottom: 32px; padding-bottom: 32px; border-bottom: 1px solid #ebebeb;\">\n<div style=\"font-size: 10px; font-weight: bold; letter-spacing: 3px; text-transform: uppercase; color: #bbb; margin-bottom: 14px;\">Sp\u00e9cifications<\/div>\n<table style=\"width: 100%; border-collapse: collapse;\">\n<tbody>\n<tr>\n<td style=\"padding: 11px 0; border-bottom: 1px solid #ebebeb; font-size: 13px; color: #aaa; font-weight: 500;\">Couleur<\/td>\n<td style=\"padding: 11px 0; border-bottom: 1px solid #ebebeb; font-size: 13px; color: #1a1a1a; font-weight: 500;\">Marron<\/td>\n<\/tr>\n<tr>\n<td style=\"padding: 11px 0; border-bottom: 1px solid #ebebeb; font-size: 13px; color: #aaa; font-weight: 500;\">Dimensions<\/td>\n<td style=\"padding: 11px 0; border-bottom: 1px solid #ebebeb; font-size: 13px; color: #1a1a1a; font-weight: 500;\">largeur 30 cm, hauteur 40 cm, profondeur 13 cm<\/td>\n<\/tr>\n<tr>\n<td style=\"padding: 11px 0; border-bottom: 1px solid #ebebeb; font-size: 13px; color: #aaa; font-weight: 500;\">Genre<\/td>\n<td style=\"padding: 11px 0; border-bottom: 1px solid #ebebeb; font-size: 13px; color: #1a1a1a; font-weight: 500;\">Unisexe<\/td>\n<\/tr>\n<tr>\n<td style=\"padding: 11px 0; border-bottom: 1px solid #ebebeb; font-size: 13px; color: #aaa; font-weight: 500;\">SKU<\/td>\n<td style=\"padding: 11px 0; border-bottom: 1px solid #ebebeb; font-size: 13px; color: #1a1a1a; font-weight: 500;\">BCK-005<\/td>\n<\/tr>\n<\/tbody>\n<\/table>\n<\/div>\n<p><!-- SEKCJA --><\/p>\n<div style=\"align-items: baseline; gap: 16px;\">\n<div style=\"width: 20px; height: 1px; background: #1a1a1a; flex-shrink: 0; margin-top: 10px;\"><\/div>\n<div>\n<div style=\"font-size: 10px; font-weight: bold; letter-spacing: 2.5px; text-transform: uppercase; color: #1a1a1a; margin-bottom: 8px;\">Utilisation<\/div>\n<p style=\"font-size: 13.5px; line-height: 1.8; color: #666; margin: 0;\">Id\u00e9al pour les tenues quotidiennes casual et smart casual, s&rsquo;accorde avec les jeans, chinos ainsi qu&rsquo;avec des ensembles plus \u00e9l\u00e9gants avec veste. Parfait au travail, \u00e0 l&rsquo;universit\u00e9 ainsi que lors des sorties de week-end \u00e0 la campagne. Le design intemporel en fait un accessoire universel pour la garde-robe des femmes comme des hommes appr\u00e9ciant l&rsquo;\u00e9l\u00e9gance classique.<\/p>\n<\/div>\n<\/div>\n<\/div>\n","protected":false},"excerpt":{"rendered":"<p>Sac \u00e0 dos r\u00e9alis\u00e9 dans un style vintage classique en cuir naturel de haute qualit\u00e9. \u00c9quip\u00e9 de nombreuses poches et compartiments, ferm\u00e9 par fermeture \u00e9clair avec bretelles r\u00e9glables. Le design fonctionnel allie \u00e9l\u00e9gance et praticit\u00e9 pour un usage quotidien.<\/p>\n","protected":false},"featured_media":34700,"template":"","meta":[],"etheme_brands":[],"product_brand":[],"product_cat":[246,148],"product_tag":[310,313,307,300,297,306,268,308],"class_list":{"0":"post-34711","1":"product","2":"type-product","3":"status-publish","4":"has-post-thumbnail","6":"product_cat-sacs-a-dos","7":"product_cat-tous-les-produits","8":"product_tag-classique","9":"product_tag-compartiments","10":"product_tag-cuir","11":"product_tag-fermeture-eclair","12":"product_tag-marron","13":"product_tag-sac-a-dos","14":"product_tag-unisexe","15":"product_tag-vintage","17":"first","18":"instock","19":"taxable","20":"shipping-taxable","21":"purchasable","22":"product-type-simple"},"_links":{"self":[{"href":"https:\/\/enerotrade.com\/fr\/wp-json\/wp\/v2\/product\/34711","targetHints":{"allow":["GET"]}}],"collection":[{"href":"https:\/\/enerotrade.com\/fr\/wp-json\/wp\/v2\/product"}],"about":[{"href":"https:\/\/enerotrade.com\/fr\/wp-json\/wp\/v2\/types\/product"}],"version-history":[{"count":1,"href":"https:\/\/enerotrade.com\/fr\/wp-json\/wp\/v2\/product\/34711\/revisions"}],"predecessor-version":[{"id":35227,"href":"https:\/\/enerotrade.com\/fr\/wp-json\/wp\/v2\/product\/34711\/revisions\/35227"}],"wp:featuredmedia":[{"embeddable":true,"href":"https:\/\/enerotrade.com\/fr\/wp-json\/wp\/v2\/media\/34700"}],"wp:attachment":[{"href":"https:\/\/enerotrade.com\/fr\/wp-json\/wp\/v2\/media?parent=34711"}],"wp:term":[{"taxonomy":"brand","embeddable":true,"href":"https:\/\/enerotrade.com\/fr\/wp-json\/wp\/v2\/etheme_brands?post=34711"},{"taxonomy":"product_brand","embeddable":true,"href":"https:\/\/enerotrade.com\/fr\/wp-json\/wp\/v2\/product_brand?post=34711"},{"taxonomy":"product_cat","embeddable":true,"href":"https:\/\/enerotrade.com\/fr\/wp-json\/wp\/v2\/product_cat?post=34711"},{"taxonomy":"product_tag","embeddable":true,"href":"https:\/\/enerotrade.com\/fr\/wp-json\/wp\/v2\/product_tag?post=34711"}],"curies":[{"name":"wp","href":"https:\/\/api.w.org\/{rel}","templated":true}]}}