{"id":34795,"date":"2026-03-08T08:36:59","date_gmt":"2026-03-08T08:36:59","guid":{"rendered":"https:\/\/enerotrade.com\/fr\/?post_type=product&#038;p=34795"},"modified":"2026-03-22T12:26:14","modified_gmt":"2026-03-22T12:26:14","slug":"chaussures-nike-air-max-plus-tn-triple-white-blanches-cw7044-100","status":"publish","type":"product","link":"https:\/\/enerotrade.com\/fr\/product\/chaussures-nike-air-max-plus-tn-triple-white-blanches-cw7044-100\/","title":{"rendered":"Chaussures NIKE Air Max Plus TN Triple White blanches CW7044-100"},"content":{"rendered":"<div style=\"padding: 0; font-family: 'Segoe UI',-apple-system,sans-serif;\">\n<p><!-- INTRO --><\/p>\n<div style=\"margin-bottom: 32px; padding-bottom: 32px; border-bottom: 1px solid #ebebeb;\">\n<p style=\"font-size: 14.5px; line-height: 1.85; color: #3a3a3a; margin: 0;\">La Nike Air Max Plus TN version Triple White est un mod\u00e8le caract\u00e9ris\u00e9 par des lignes fluides sur la tige inspir\u00e9es de l&rsquo;anatomie du pied. La semelle \u00e9quip\u00e9e du syst\u00e8me d&rsquo;amortissement Air Max avec chambres d&rsquo;air visibles assure le confort lors du port. Le coloris monochromatique blanc couvre toute la construction de la chaussure.<\/p>\n<\/div>\n<p><!-- SPECYFIKACJA --><\/p>\n<div style=\"margin-bottom: 32px; padding-bottom: 32px; border-bottom: 1px solid #ebebeb;\">\n<div style=\"font-size: 10px; font-weight: bold; letter-spacing: 3px; text-transform: uppercase; color: #bbb; margin-bottom: 14px;\">Sp\u00e9cifications<\/div>\n<table style=\"width: 100%; border-collapse: collapse;\">\n<tbody>\n<tr>\n<td style=\"padding: 11px 0; border-top: 1px solid #ebebeb; border-bottom: 1px solid #ebebeb; font-size: 13px; color: #aaa; font-weight: 500;\">Marque<\/td>\n<td style=\"padding: 11px 0; border-top: 1px solid #ebebeb; border-bottom: 1px solid #ebebeb; font-size: 13px; color: #1a1a1a; font-weight: 500;\">NIKE<\/td>\n<\/tr>\n<tr>\n<td style=\"padding: 11px 0; border-bottom: 1px solid #ebebeb; font-size: 13px; color: #aaa; font-weight: 500;\">Couleur<\/td>\n<td style=\"padding: 11px 0; border-bottom: 1px solid #ebebeb; font-size: 13px; color: #1a1a1a; font-weight: 500;\">Blanc<\/td>\n<\/tr>\n<tr>\n<td style=\"padding: 11px 0; border-bottom: 1px solid #ebebeb; font-size: 13px; color: #aaa; font-weight: 500;\">Mati\u00e8re<\/td>\n<td style=\"padding: 11px 0; border-bottom: 1px solid #ebebeb; font-size: 13px; color: #1a1a1a; font-weight: 500;\">Mat\u00e9riau textile, mati\u00e8re plastique<\/td>\n<\/tr>\n<tr>\n<td style=\"padding: 11px 0; border-bottom: 1px solid #ebebeb; font-size: 13px; color: #aaa; font-weight: 500;\">Tailles disponibles<\/td>\n<td style=\"padding: 11px 0; border-bottom: 1px solid #ebebeb; font-size: 13px; color: #1a1a1a; font-weight: 500;\">36, 37, 38, 39, 40, 41, 42, 43, 44, 45<\/td>\n<\/tr>\n<tr>\n<td style=\"padding: 11px 0; border-bottom: 1px solid #ebebeb; font-size: 13px; color: #aaa; font-weight: 500;\">Genre<\/td>\n<td style=\"padding: 11px 0; border-bottom: 1px solid #ebebeb; font-size: 13px; color: #1a1a1a; font-weight: 500;\">Unisexe<\/td>\n<\/tr>\n<tr>\n<td style=\"padding: 11px 0; border-bottom: 1px solid #ebebeb; font-size: 13px; color: #aaa; font-weight: 500;\">SKU<\/td>\n<td style=\"padding: 11px 0; border-bottom: 1px solid #ebebeb; font-size: 13px; color: #1a1a1a; font-weight: 500;\">CW7044-100<\/td>\n<\/tr>\n<\/tbody>\n<\/table>\n<\/div>\n<p><!-- SEKCJA --><\/p>\n<div style=\"align-items: baseline; gap: 16px;\">\n<div style=\"width: 20px; height: 1px; background: #1a1a1a; flex-shrink: 0; margin-top: 10px;\"><\/div>\n<div>\n<div style=\"font-size: 10px; font-weight: bold; letter-spacing: 2.5px; text-transform: uppercase; color: #1a1a1a; margin-bottom: 8px;\">Comment les porter<\/div>\n<p style=\"font-size: 13.5px; line-height: 1.8; color: #666; margin: 0;\">Le mod\u00e8le se marie parfaitement avec les tenues d\u00e9contract\u00e9es &#8211; du jean aux ensembles de surv\u00eatement. Le coloris blanc universel permet un accord facile avec diverses tenues urbaines. Il convient aussi bien aux looks quotidiens qu&rsquo;aux ensembles sportifs.<\/p>\n<\/div>\n<\/div>\n<\/div>\n","protected":false},"excerpt":{"rendered":"<p>Chaussures iconiques Nike Air Max Plus en coloris enti\u00e8rement blanc Triple White. Lignes de flux caract\u00e9ristiques sur la tige et semelle avec syst\u00e8me d&rsquo;amortissement Air Max. Fabriqu\u00e9es \u00e0 partir d&rsquo;une combinaison de mat\u00e9riau textile et de mati\u00e8res plastiques.<\/p>\n","protected":false},"featured_media":34786,"template":"","meta":[],"etheme_brands":[{"term_id":117,"name":"NIKE","slug":"nike","term_group":0,"term_taxonomy_id":117,"taxonomy":"brand","description":"","parent":0,"count":19,"filter":"raw"}],"product_brand":[],"product_cat":[219,226,148],"product_tag":[278,322,277,321,279,149,323,268,324],"class_list":{"0":"post-34795","1":"product","2":"type-product","3":"status-publish","4":"has-post-thumbnail","6":"brand-nike","7":"product_cat-chaussures","8":"product_cat-chaussures-de-sport","9":"product_cat-tous-les-produits","10":"product_tag-air-max-plus","11":"product_tag-blanches","12":"product_tag-nike","13":"product_tag-sportives","14":"product_tag-tn","15":"product_tag-top","16":"product_tag-triple-white","17":"product_tag-unisexe","18":"product_tag-urbaines","20":"first","21":"instock","22":"sale","23":"taxable","24":"shipping-taxable","25":"purchasable","26":"product-type-variable","27":"has-default-attributes"},"_links":{"self":[{"href":"https:\/\/enerotrade.com\/fr\/wp-json\/wp\/v2\/product\/34795","targetHints":{"allow":["GET"]}}],"collection":[{"href":"https:\/\/enerotrade.com\/fr\/wp-json\/wp\/v2\/product"}],"about":[{"href":"https:\/\/enerotrade.com\/fr\/wp-json\/wp\/v2\/types\/product"}],"version-history":[{"count":1,"href":"https:\/\/enerotrade.com\/fr\/wp-json\/wp\/v2\/product\/34795\/revisions"}],"predecessor-version":[{"id":35222,"href":"https:\/\/enerotrade.com\/fr\/wp-json\/wp\/v2\/product\/34795\/revisions\/35222"}],"wp:featuredmedia":[{"embeddable":true,"href":"https:\/\/enerotrade.com\/fr\/wp-json\/wp\/v2\/media\/34786"}],"wp:attachment":[{"href":"https:\/\/enerotrade.com\/fr\/wp-json\/wp\/v2\/media?parent=34795"}],"wp:term":[{"taxonomy":"brand","embeddable":true,"href":"https:\/\/enerotrade.com\/fr\/wp-json\/wp\/v2\/etheme_brands?post=34795"},{"taxonomy":"product_brand","embeddable":true,"href":"https:\/\/enerotrade.com\/fr\/wp-json\/wp\/v2\/product_brand?post=34795"},{"taxonomy":"product_cat","embeddable":true,"href":"https:\/\/enerotrade.com\/fr\/wp-json\/wp\/v2\/product_cat?post=34795"},{"taxonomy":"product_tag","embeddable":true,"href":"https:\/\/enerotrade.com\/fr\/wp-json\/wp\/v2\/product_tag?post=34795"}],"curies":[{"name":"wp","href":"https:\/\/api.w.org\/{rel}","templated":true}]}}