{"id":34858,"date":"2026-03-08T08:43:32","date_gmt":"2026-03-08T08:43:32","guid":{"rendered":"https:\/\/enerotrade.com\/fr\/?post_type=product&#038;p=34858"},"modified":"2026-03-22T12:26:42","modified_gmt":"2026-03-22T12:26:42","slug":"chaussures-nike-air-max-plus-black-metallic-silver-gris-argent-dm0032-003","status":"publish","type":"product","link":"https:\/\/enerotrade.com\/fr\/product\/chaussures-nike-air-max-plus-black-metallic-silver-gris-argent-dm0032-003\/","title":{"rendered":"Chaussures NIKE Air Max Plus Black Metallic Silver gris-argent DM0032-003"},"content":{"rendered":"<div style=\"padding: 0; font-family: 'Segoe UI',-apple-system,sans-serif;\">\n<p><!-- INTRO --><\/p>\n<div style=\"margin-bottom: 32px; padding-bottom: 32px; border-bottom: 1px solid #ebebeb;\">\n<p style=\"font-size: 14.5px; line-height: 1.85; color: #3a3a3a; margin: 0;\">La Nike Air Max Plus DM0032-003 allie un design classique avec une fonctionnalit\u00e9 moderne. La tige r\u00e9alis\u00e9e en mat\u00e9riaux textiles de haute qualit\u00e9 et en mati\u00e8re plastique pr\u00e9sente le motif caract\u00e9ristique de lignes ondul\u00e9es dans les nuances de gris et d&rsquo;argent. La semelle \u00e9quip\u00e9e de la technologie Air Max assure un excellent amorti et un confort lors de l&rsquo;usage quotidien.<\/p>\n<\/div>\n<p><!-- SPECYFIKACJA --><\/p>\n<div style=\"margin-bottom: 32px; padding-bottom: 32px; border-bottom: 1px solid #ebebeb;\">\n<div style=\"font-size: 10px; font-weight: bold; letter-spacing: 3px; text-transform: uppercase; color: #bbb; margin-bottom: 14px;\">Sp\u00e9cifications<\/div>\n<table style=\"width: 100%; border-collapse: collapse;\">\n<tbody>\n<tr>\n<td style=\"padding: 11px 0; border-top: 1px solid #ebebeb; border-bottom: 1px solid #ebebeb; font-size: 13px; color: #aaa; font-weight: 500;\">Marque<\/td>\n<td style=\"padding: 11px 0; border-top: 1px solid #ebebeb; border-bottom: 1px solid #ebebeb; font-size: 13px; color: #1a1a1a; font-weight: 500;\">NIKE<\/td>\n<\/tr>\n<tr>\n<td style=\"padding: 11px 0; border-bottom: 1px solid #ebebeb; font-size: 13px; color: #aaa; font-weight: 500;\">Couleur<\/td>\n<td style=\"padding: 11px 0; border-bottom: 1px solid #ebebeb; font-size: 13px; color: #1a1a1a; font-weight: 500;\">Gris, argent<\/td>\n<\/tr>\n<tr>\n<td style=\"padding: 11px 0; border-bottom: 1px solid #ebebeb; font-size: 13px; color: #aaa; font-weight: 500;\">Mati\u00e8re<\/td>\n<td style=\"padding: 11px 0; border-bottom: 1px solid #ebebeb; font-size: 13px; color: #1a1a1a; font-weight: 500;\">Mat\u00e9riau textile, mati\u00e8re plastique<\/td>\n<\/tr>\n<tr>\n<td style=\"padding: 11px 0; border-bottom: 1px solid #ebebeb; font-size: 13px; color: #aaa; font-weight: 500;\">Tailles disponibles<\/td>\n<td style=\"padding: 11px 0; border-bottom: 1px solid #ebebeb; font-size: 13px; color: #1a1a1a; font-weight: 500;\">36, 37, 38, 39, 40, 41, 42, 43, 44, 45<\/td>\n<\/tr>\n<tr>\n<td style=\"padding: 11px 0; border-bottom: 1px solid #ebebeb; font-size: 13px; color: #aaa; font-weight: 500;\">Genre<\/td>\n<td style=\"padding: 11px 0; border-bottom: 1px solid #ebebeb; font-size: 13px; color: #1a1a1a; font-weight: 500;\">Unisexe<\/td>\n<\/tr>\n<tr>\n<td style=\"padding: 11px 0; border-bottom: 1px solid #ebebeb; font-size: 13px; color: #aaa; font-weight: 500;\">SKU<\/td>\n<td style=\"padding: 11px 0; border-bottom: 1px solid #ebebeb; font-size: 13px; color: #1a1a1a; font-weight: 500;\">DM0032-003<\/td>\n<\/tr>\n<\/tbody>\n<\/table>\n<\/div>\n<p><!-- SEKCJA --><\/p>\n<div style=\"align-items: baseline; gap: 16px;\">\n<div style=\"width: 20px; height: 1px; background: #1a1a1a; flex-shrink: 0; margin-top: 10px;\"><\/div>\n<div>\n<div style=\"font-size: 10px; font-weight: bold; letter-spacing: 2.5px; text-transform: uppercase; color: #1a1a1a; margin-bottom: 8px;\">Comment les porter<\/div>\n<p style=\"font-size: 13.5px; line-height: 1.8; color: #666; margin: 0;\">Les Air Max Plus se marient parfaitement avec les tenues d\u00e9contract\u00e9es &#8211; des ensembles de jogging aux jeans avec un t-shirt ample. La palette gris-argent s&rsquo;harmonise avec les tenues monochromatiques et constitue un accent int\u00e9ressant en association avec le noir ou le blanc. Ce mod\u00e8le convient aussi bien lors d&rsquo;activit\u00e9s sportives que dans les tenues urbaines quotidiennes.<\/p>\n<\/div>\n<\/div>\n<\/div>\n","protected":false},"excerpt":{"rendered":"<p>Chaussures de sport cultes Nike Air Max Plus dans une palette gris-argent avec le motif caract\u00e9ristique de lignes ondul\u00e9es. La combinaison de mat\u00e9riaux textiles et de mati\u00e8re plastique assure durabilit\u00e9 et confort. La semelle distinctive avec la technologie Air Max garantit un amorti \u00e0 chaque pas.<\/p>\n","protected":false},"featured_media":34854,"template":"","meta":[],"etheme_brands":[{"term_id":117,"name":"NIKE","slug":"nike","term_group":0,"term_taxonomy_id":117,"taxonomy":"brand","description":"","parent":0,"count":19,"filter":"raw"}],"product_brand":[],"product_cat":[219,226,148],"product_tag":[278,334,282,312,333,277,316,149,268],"class_list":{"0":"post-34858","1":"product","2":"type-product","3":"status-publish","4":"has-post-thumbnail","6":"brand-nike","7":"product_cat-chaussures","8":"product_cat-chaussures-de-sport","9":"product_cat-tous-les-produits","10":"product_tag-air-max-plus","11":"product_tag-argent","12":"product_tag-chaussures-de-sport","13":"product_tag-decontracte","14":"product_tag-gris","15":"product_tag-nike","16":"product_tag-streetwear","17":"product_tag-top","18":"product_tag-unisexe","20":"first","21":"instock","22":"sale","23":"taxable","24":"shipping-taxable","25":"purchasable","26":"product-type-variable","27":"has-default-attributes"},"_links":{"self":[{"href":"https:\/\/enerotrade.com\/fr\/wp-json\/wp\/v2\/product\/34858","targetHints":{"allow":["GET"]}}],"collection":[{"href":"https:\/\/enerotrade.com\/fr\/wp-json\/wp\/v2\/product"}],"about":[{"href":"https:\/\/enerotrade.com\/fr\/wp-json\/wp\/v2\/types\/product"}],"version-history":[{"count":1,"href":"https:\/\/enerotrade.com\/fr\/wp-json\/wp\/v2\/product\/34858\/revisions"}],"predecessor-version":[{"id":35219,"href":"https:\/\/enerotrade.com\/fr\/wp-json\/wp\/v2\/product\/34858\/revisions\/35219"}],"wp:featuredmedia":[{"embeddable":true,"href":"https:\/\/enerotrade.com\/fr\/wp-json\/wp\/v2\/media\/34854"}],"wp:attachment":[{"href":"https:\/\/enerotrade.com\/fr\/wp-json\/wp\/v2\/media?parent=34858"}],"wp:term":[{"taxonomy":"brand","embeddable":true,"href":"https:\/\/enerotrade.com\/fr\/wp-json\/wp\/v2\/etheme_brands?post=34858"},{"taxonomy":"product_brand","embeddable":true,"href":"https:\/\/enerotrade.com\/fr\/wp-json\/wp\/v2\/product_brand?post=34858"},{"taxonomy":"product_cat","embeddable":true,"href":"https:\/\/enerotrade.com\/fr\/wp-json\/wp\/v2\/product_cat?post=34858"},{"taxonomy":"product_tag","embeddable":true,"href":"https:\/\/enerotrade.com\/fr\/wp-json\/wp\/v2\/product_tag?post=34858"}],"curies":[{"name":"wp","href":"https:\/\/api.w.org\/{rel}","templated":true}]}}