{"id":34934,"date":"2026-03-08T08:52:19","date_gmt":"2026-03-08T08:52:19","guid":{"rendered":"https:\/\/enerotrade.com\/fr\/?post_type=product&#038;p=34934"},"modified":"2026-03-22T12:27:18","modified_gmt":"2026-03-22T12:27:18","slug":"nike-air-jordan-4-retro-white-cement-blanc-chaussures-fv5029-100","status":"publish","type":"product","link":"https:\/\/enerotrade.com\/fr\/product\/nike-air-jordan-4-retro-white-cement-blanc-chaussures-fv5029-100\/","title":{"rendered":"Nike Air Jordan 4 Retro White Cement Blanc Chaussures FV5029-100"},"content":{"rendered":"<div style=\"padding: 0; font-family: 'Segoe UI',-apple-system,sans-serif;\">\n<p><!-- INTRO --><\/p>\n<div style=\"margin-bottom: 32px; padding-bottom: 32px; border-bottom: 1px solid #ebebeb;\">\n<p style=\"font-size: 14.5px; line-height: 1.85; color: #3a3a3a; margin: 0;\">La Nike Air Jordan 4 Retro White Cement est un mod\u00e8le culte de la collection Jordan Brand, apparu pour la premi\u00e8re fois en 1989. Le coloris caract\u00e9ristique associe le cuir blanc avec des accents gris cement sur la semelle interm\u00e9diaire et les ailes. Le mod\u00e8le est \u00e9quip\u00e9 de la technologie Air-Sole pour un excellent amorti et d&rsquo;une semelle en caoutchouc durable.<\/p>\n<\/div>\n<p><!-- SPECYFIKACJA --><\/p>\n<div style=\"margin-bottom: 32px; padding-bottom: 32px; border-bottom: 1px solid #ebebeb;\">\n<div style=\"font-size: 10px; font-weight: bold; letter-spacing: 3px; text-transform: uppercase; color: #bbb; margin-bottom: 14px;\">Sp\u00e9cifications<\/div>\n<table style=\"width: 100%; border-collapse: collapse;\">\n<tbody>\n<tr>\n<td style=\"padding: 11px 0; border-top: 1px solid #ebebeb; border-bottom: 1px solid #ebebeb; font-size: 13px; color: #aaa; font-weight: 500;\">Marque<\/td>\n<td style=\"padding: 11px 0; border-top: 1px solid #ebebeb; border-bottom: 1px solid #ebebeb; font-size: 13px; color: #1a1a1a; font-weight: 500;\">NIKE<\/td>\n<\/tr>\n<tr>\n<td style=\"padding: 11px 0; border-bottom: 1px solid #ebebeb; font-size: 13px; color: #aaa; font-weight: 500;\">Couleur<\/td>\n<td style=\"padding: 11px 0; border-bottom: 1px solid #ebebeb; font-size: 13px; color: #1a1a1a; font-weight: 500;\">Blanc<\/td>\n<\/tr>\n<tr>\n<td style=\"padding: 11px 0; border-bottom: 1px solid #ebebeb; font-size: 13px; color: #aaa; font-weight: 500;\">Mati\u00e8re<\/td>\n<td style=\"padding: 11px 0; border-bottom: 1px solid #ebebeb; font-size: 13px; color: #1a1a1a; font-weight: 500;\">Cuir, mati\u00e8re textile, mati\u00e8re synth\u00e9tique<\/td>\n<\/tr>\n<tr>\n<td style=\"padding: 11px 0; border-bottom: 1px solid #ebebeb; font-size: 13px; color: #aaa; font-weight: 500;\">Tailles disponibles<\/td>\n<td style=\"padding: 11px 0; border-bottom: 1px solid #ebebeb; font-size: 13px; color: #1a1a1a; font-weight: 500;\">36, 37, 38, 39, 40, 41, 42, 43, 44, 45<\/td>\n<\/tr>\n<tr>\n<td style=\"padding: 11px 0; border-bottom: 1px solid #ebebeb; font-size: 13px; color: #aaa; font-weight: 500;\">Genre<\/td>\n<td style=\"padding: 11px 0; border-bottom: 1px solid #ebebeb; font-size: 13px; color: #1a1a1a; font-weight: 500;\">Unisexe<\/td>\n<\/tr>\n<tr>\n<td style=\"padding: 11px 0; border-bottom: 1px solid #ebebeb; font-size: 13px; color: #aaa; font-weight: 500;\">SKU<\/td>\n<td style=\"padding: 11px 0; border-bottom: 1px solid #ebebeb; font-size: 13px; color: #1a1a1a; font-weight: 500;\">FV5029-100<\/td>\n<\/tr>\n<\/tbody>\n<\/table>\n<\/div>\n<p><!-- SEKCJA --><\/p>\n<div style=\"align-items: baseline; gap: 16px;\">\n<div style=\"width: 20px; height: 1px; background: #1a1a1a; flex-shrink: 0; margin-top: 10px;\"><\/div>\n<div>\n<div style=\"font-size: 10px; font-weight: bold; letter-spacing: 2.5px; text-transform: uppercase; color: #1a1a1a; margin-bottom: 8px;\">Comment les porter<\/div>\n<p style=\"font-size: 13.5px; line-height: 1.8; color: #666; margin: 0;\">Les Air Jordan 4 White Cement se marient parfaitement avec des jeans, des surv\u00eatements et des tenues casual. Le coloris universel permet de les associer avec la plupart des couleurs de la garde-robe. Le mod\u00e8le convient aussi bien pour les sorties quotidiennes que comme \u00e9l\u00e9ment d&rsquo;ensembles streetwear avec des sweats \u00e0 capuche et des bombers.<\/p>\n<\/div>\n<\/div>\n<\/div>\n","protected":false},"excerpt":{"rendered":"<p>Chaussures classiques Nike Air Jordan 4 Retro dans le coloris White Cement avec des \u00e9l\u00e9ments gris cement caract\u00e9ristiques. Fabriqu\u00e9es en cuir de haute qualit\u00e9 avec des empi\u00e8cements textiles et une semelle en caoutchouc avec technologie Air pour un amorti optimal.<\/p>\n","protected":false},"featured_media":34926,"template":"","meta":[],"etheme_brands":[{"term_id":117,"name":"NIKE","slug":"nike","term_group":0,"term_taxonomy_id":117,"taxonomy":"brand","description":"","parent":0,"count":19,"filter":"raw"}],"product_brand":[],"product_cat":[219,226,148],"product_tag":[331,342,343,337,341,277,287,316,149],"class_list":{"0":"post-34934","1":"product","2":"type-product","3":"status-publish","4":"has-post-thumbnail","6":"brand-nike","7":"product_cat-chaussures","8":"product_cat-chaussures-de-sport","9":"product_cat-tous-les-produits","10":"product_tag-basketball","11":"product_tag-blanc","12":"product_tag-cement","13":"product_tag-classiques","14":"product_tag-jordan","15":"product_tag-nike","16":"product_tag-retro","17":"product_tag-streetwear","18":"product_tag-top","20":"first","21":"instock","22":"sale","23":"taxable","24":"shipping-taxable","25":"purchasable","26":"product-type-variable","27":"has-default-attributes"},"_links":{"self":[{"href":"https:\/\/enerotrade.com\/fr\/wp-json\/wp\/v2\/product\/34934","targetHints":{"allow":["GET"]}}],"collection":[{"href":"https:\/\/enerotrade.com\/fr\/wp-json\/wp\/v2\/product"}],"about":[{"href":"https:\/\/enerotrade.com\/fr\/wp-json\/wp\/v2\/types\/product"}],"version-history":[{"count":1,"href":"https:\/\/enerotrade.com\/fr\/wp-json\/wp\/v2\/product\/34934\/revisions"}],"predecessor-version":[{"id":35215,"href":"https:\/\/enerotrade.com\/fr\/wp-json\/wp\/v2\/product\/34934\/revisions\/35215"}],"wp:featuredmedia":[{"embeddable":true,"href":"https:\/\/enerotrade.com\/fr\/wp-json\/wp\/v2\/media\/34926"}],"wp:attachment":[{"href":"https:\/\/enerotrade.com\/fr\/wp-json\/wp\/v2\/media?parent=34934"}],"wp:term":[{"taxonomy":"brand","embeddable":true,"href":"https:\/\/enerotrade.com\/fr\/wp-json\/wp\/v2\/etheme_brands?post=34934"},{"taxonomy":"product_brand","embeddable":true,"href":"https:\/\/enerotrade.com\/fr\/wp-json\/wp\/v2\/product_brand?post=34934"},{"taxonomy":"product_cat","embeddable":true,"href":"https:\/\/enerotrade.com\/fr\/wp-json\/wp\/v2\/product_cat?post=34934"},{"taxonomy":"product_tag","embeddable":true,"href":"https:\/\/enerotrade.com\/fr\/wp-json\/wp\/v2\/product_tag?post=34934"}],"curies":[{"name":"wp","href":"https:\/\/api.w.org\/{rel}","templated":true}]}}