{"id":35154,"date":"2026-03-08T09:18:47","date_gmt":"2026-03-08T09:18:47","guid":{"rendered":"https:\/\/enerotrade.com\/fr\/?post_type=product&#038;p=35154"},"modified":"2026-03-22T12:28:45","modified_gmt":"2026-03-22T12:28:45","slug":"sabots-birkenstock-boston-sfb-grey-gris-sho-003","status":"publish","type":"product","link":"https:\/\/enerotrade.com\/fr\/product\/sabots-birkenstock-boston-sfb-grey-gris-sho-003\/","title":{"rendered":"Sabots BIRKENSTOCK Boston SFB Grey gris SHO-003"},"content":{"rendered":"<div style=\"padding: 0; font-family: 'Segoe UI',-apple-system,sans-serif;\">\n<p><!-- INTRO --><\/p>\n<div style=\"margin-bottom: 32px; padding-bottom: 32px; border-bottom: 1px solid #ebebeb;\">\n<p style=\"font-size: 14.5px; line-height: 1.85; color: #3a3a3a; margin: 0;\">Les sabots Boston SFB allient design minimaliste et fonctionnalit\u00e9 du bout ferm\u00e9. Confectionn\u00e9s en daim souple dans une teinte grise, \u00e9quip\u00e9s d&rsquo;une boucle m\u00e9tallique r\u00e9glable et de la semelle caract\u00e9ristique en li\u00e8ge naturel. Le mod\u00e8le offre un confort de port gr\u00e2ce \u00e0 la semelle anatomiquement profil\u00e9e qui s&rsquo;adapte \u00e0 la forme du pied.<\/p>\n<\/div>\n<p><!-- SPECYFIKACJA --><\/p>\n<div style=\"margin-bottom: 32px; padding-bottom: 32px; border-bottom: 1px solid #ebebeb;\">\n<div style=\"font-size: 10px; font-weight: bold; letter-spacing: 3px; text-transform: uppercase; color: #bbb; margin-bottom: 14px;\">Sp\u00e9cifications<\/div>\n<table style=\"width: 100%; border-collapse: collapse;\">\n<tbody>\n<tr>\n<td style=\"padding: 11px 0; border-top: 1px solid #ebebeb; border-bottom: 1px solid #ebebeb; font-size: 13px; color: #aaa; font-weight: 500;\">Marque<\/td>\n<td style=\"padding: 11px 0; border-top: 1px solid #ebebeb; border-bottom: 1px solid #ebebeb; font-size: 13px; color: #1a1a1a; font-weight: 500;\">Birkenstock<\/td>\n<\/tr>\n<tr>\n<td style=\"padding: 11px 0; border-bottom: 1px solid #ebebeb; font-size: 13px; color: #aaa; font-weight: 500;\">Couleur<\/td>\n<td style=\"padding: 11px 0; border-bottom: 1px solid #ebebeb; font-size: 13px; color: #1a1a1a; font-weight: 500;\">Gris<\/td>\n<\/tr>\n<tr>\n<td style=\"padding: 11px 0; border-bottom: 1px solid #ebebeb; font-size: 13px; color: #aaa; font-weight: 500;\">Mati\u00e8re<\/td>\n<td style=\"padding: 11px 0; border-bottom: 1px solid #ebebeb; font-size: 13px; color: #1a1a1a; font-weight: 500;\">Daim, cuir<\/td>\n<\/tr>\n<tr>\n<td style=\"padding: 11px 0; border-bottom: 1px solid #ebebeb; font-size: 13px; color: #aaa; font-weight: 500;\">Tailles disponibles<\/td>\n<td style=\"padding: 11px 0; border-bottom: 1px solid #ebebeb; font-size: 13px; color: #1a1a1a; font-weight: 500;\">35, 36, 37, 38, 39, 40, 41, 42, 43, 44, 45, 46<\/td>\n<\/tr>\n<tr>\n<td style=\"padding: 11px 0; border-bottom: 1px solid #ebebeb; font-size: 13px; color: #aaa; font-weight: 500;\">Genre<\/td>\n<td style=\"padding: 11px 0; border-bottom: 1px solid #ebebeb; font-size: 13px; color: #1a1a1a; font-weight: 500;\">Unisexe<\/td>\n<\/tr>\n<tr>\n<td style=\"padding: 11px 0; border-bottom: 1px solid #ebebeb; font-size: 13px; color: #aaa; font-weight: 500;\">SKU<\/td>\n<td style=\"padding: 11px 0; border-bottom: 1px solid #ebebeb; font-size: 13px; color: #1a1a1a; font-weight: 500;\">SHO-003<\/td>\n<\/tr>\n<\/tbody>\n<\/table>\n<\/div>\n<p><!-- SEKCJA --><\/p>\n<div style=\"align-items: baseline; gap: 16px;\">\n<div style=\"width: 20px; height: 1px; background: #1a1a1a; flex-shrink: 0; margin-top: 10px;\"><\/div>\n<div>\n<div style=\"font-size: 10px; font-weight: bold; letter-spacing: 2.5px; text-transform: uppercase; color: #1a1a1a; margin-bottom: 8px;\">Comment les porter<\/div>\n<p style=\"font-size: 13.5px; line-height: 1.8; color: #666; margin: 0;\">Ils constituent une alternative aux chaussures classiques dans les tenues d\u00e9contract\u00e9es. S&rsquo;accordent parfaitement avec des jeans, pantalons en lin ou robes de style boh\u00e8me. Par temps plus frais, ils se portent avec des chaussettes chaudes, cr\u00e9ant un look caract\u00e9ristique alliant confort et style urbain.<\/p>\n<\/div>\n<\/div>\n<\/div>\n","protected":false},"excerpt":{"rendered":"<p>Sabots en daim Boston SFB coloris gris avec boucle caract\u00e9ristique et semelle souple en li\u00e8ge. Semelle anatomiquement profil\u00e9e qui accompagne la marche naturelle. Mod\u00e8le unisexe disponible en pointures 35-46.<\/p>\n","protected":false},"featured_media":35145,"template":"","meta":[],"etheme_brands":[{"term_id":495,"name":"Birkenstock","slug":"birkenstock","term_group":0,"term_taxonomy_id":495,"taxonomy":"brand","description":"","parent":0,"count":6,"filter":"raw"}],"product_brand":[],"product_cat":[219,233,148],"product_tag":[385,257,266,265,333,272,258,149,268],"class_list":{"0":"post-35154","1":"product","2":"type-product","3":"status-publish","4":"has-post-thumbnail","6":"brand-birkenstock","7":"product_cat-chaussures","8":"product_cat-mules-et-sandales","9":"product_cat-tous-les-produits","10":"product_tag-anatomique","11":"product_tag-birkenstock","12":"product_tag-boston","13":"product_tag-daim","14":"product_tag-gris","15":"product_tag-liege","16":"product_tag-sabots","17":"product_tag-top","18":"product_tag-unisexe","20":"first","21":"instock","22":"sale","23":"taxable","24":"shipping-taxable","25":"purchasable","26":"product-type-variable","27":"has-default-attributes"},"_links":{"self":[{"href":"https:\/\/enerotrade.com\/fr\/wp-json\/wp\/v2\/product\/35154","targetHints":{"allow":["GET"]}}],"collection":[{"href":"https:\/\/enerotrade.com\/fr\/wp-json\/wp\/v2\/product"}],"about":[{"href":"https:\/\/enerotrade.com\/fr\/wp-json\/wp\/v2\/types\/product"}],"version-history":[{"count":1,"href":"https:\/\/enerotrade.com\/fr\/wp-json\/wp\/v2\/product\/35154\/revisions"}],"predecessor-version":[{"id":35207,"href":"https:\/\/enerotrade.com\/fr\/wp-json\/wp\/v2\/product\/35154\/revisions\/35207"}],"wp:featuredmedia":[{"embeddable":true,"href":"https:\/\/enerotrade.com\/fr\/wp-json\/wp\/v2\/media\/35145"}],"wp:attachment":[{"href":"https:\/\/enerotrade.com\/fr\/wp-json\/wp\/v2\/media?parent=35154"}],"wp:term":[{"taxonomy":"brand","embeddable":true,"href":"https:\/\/enerotrade.com\/fr\/wp-json\/wp\/v2\/etheme_brands?post=35154"},{"taxonomy":"product_brand","embeddable":true,"href":"https:\/\/enerotrade.com\/fr\/wp-json\/wp\/v2\/product_brand?post=35154"},{"taxonomy":"product_cat","embeddable":true,"href":"https:\/\/enerotrade.com\/fr\/wp-json\/wp\/v2\/product_cat?post=35154"},{"taxonomy":"product_tag","embeddable":true,"href":"https:\/\/enerotrade.com\/fr\/wp-json\/wp\/v2\/product_tag?post=35154"}],"curies":[{"name":"wp","href":"https:\/\/api.w.org\/{rel}","templated":true}]}}