{"id":35174,"date":"2026-03-08T09:20:28","date_gmt":"2026-03-08T09:20:28","guid":{"rendered":"https:\/\/enerotrade.com\/fr\/?post_type=product&#038;p=35174"},"modified":"2026-03-09T07:28:19","modified_gmt":"2026-03-09T07:28:19","slug":"lunettes-de-soleil-avec-filtre-uv400-berg-sunglasses-noir-verres-orange-unisexe","status":"publish","type":"product","link":"https:\/\/enerotrade.com\/fr\/product\/lunettes-de-soleil-avec-filtre-uv400-berg-sunglasses-noir-verres-orange-unisexe\/","title":{"rendered":"Lunettes de soleil avec filtre UV400 BERG SUNGLASSES Noir, verres orange unisexe"},"content":{"rendered":"<div style=\"padding: 0; font-family: 'Segoe UI',-apple-system,sans-serif;\">\n<p><!-- INTRO --><\/p>\n<div style=\"margin-bottom: 32px; padding-bottom: 32px; border-bottom: 1px solid #ebebeb;\">\n<p style=\"font-size: 14.5px; line-height: 1.85; color: #3a3a3a; margin: 0;\">Lunettes de soleil aux verres orange caract\u00e9ristiques avec filtre UV400 offrant une protection compl\u00e8te contre les rayons ultraviolets. Monture en polycarbonate r\u00e9sistant avec finition noir mat, compl\u00e9t\u00e9e par des branches d\u00e9grad\u00e9es dans les tons orange. La forme carr\u00e9e des verres conf\u00e8re au mod\u00e8le un caract\u00e8re moderne et g\u00e9om\u00e9trique.<\/p>\n<\/div>\n<p><!-- SPECYFIKACJA --><\/p>\n<div style=\"margin-bottom: 32px; padding-bottom: 32px; border-bottom: 1px solid #ebebeb;\">\n<div style=\"font-size: 10px; font-weight: bold; letter-spacing: 3px; text-transform: uppercase; color: #bbb; margin-bottom: 14px;\">Sp\u00e9cifications<\/div>\n<table style=\"width: 100%; border-collapse: collapse;\">\n<tbody>\n<tr>\n<td style=\"padding: 11px 0; border-bottom: 1px solid #ebebeb; font-size: 13px; color: #aaa; font-weight: 500;\">Couleur<\/td>\n<td style=\"padding: 11px 0; border-bottom: 1px solid #ebebeb; font-size: 13px; color: #1a1a1a; font-weight: 500;\">Noir, verres orange<\/td>\n<\/tr>\n<tr>\n<td style=\"padding: 11px 0; border-bottom: 1px solid #ebebeb; font-size: 13px; color: #aaa; font-weight: 500;\">Mati\u00e8re<\/td>\n<td style=\"padding: 11px 0; border-bottom: 1px solid #ebebeb; font-size: 13px; color: #1a1a1a; font-weight: 500;\">Polycarbonate<\/td>\n<\/tr>\n<tr>\n<td style=\"padding: 11px 0; border-bottom: 1px solid #ebebeb; font-size: 13px; color: #aaa; font-weight: 500;\">Dimensions<\/td>\n<td style=\"padding: 11px 0; border-bottom: 1px solid #ebebeb; font-size: 13px; color: #1a1a1a; font-weight: 500;\">largeur 14.5 cm, hauteur 5 cm<\/td>\n<\/tr>\n<tr>\n<td style=\"padding: 11px 0; border-bottom: 1px solid #ebebeb; font-size: 13px; color: #aaa; font-weight: 500;\">Genre<\/td>\n<td style=\"padding: 11px 0; border-bottom: 1px solid #ebebeb; font-size: 13px; color: #1a1a1a; font-weight: 500;\">Unisexe<\/td>\n<\/tr>\n<tr>\n<td style=\"padding: 11px 0; border-bottom: 1px solid #ebebeb; font-size: 13px; color: #aaa; font-weight: 500;\">SKU<\/td>\n<td style=\"padding: 11px 0; border-bottom: 1px solid #ebebeb; font-size: 13px; color: #1a1a1a; font-weight: 500;\">SUN-002<\/td>\n<\/tr>\n<\/tbody>\n<\/table>\n<\/div>\n<p><!-- SEKCJA --><\/p>\n<div style=\"align-items: baseline; gap: 16px;\">\n<div style=\"width: 20px; height: 1px; background: #1a1a1a; flex-shrink: 0; margin-top: 10px;\"><\/div>\n<div>\n<div style=\"font-size: 10px; font-weight: bold; letter-spacing: 2.5px; text-transform: uppercase; color: #1a1a1a; margin-bottom: 8px;\">Comment les porter<\/div>\n<p style=\"font-size: 13.5px; line-height: 1.8; color: #666; margin: 0;\">Le mod\u00e8le se marie parfaitement avec les tenues d\u00e9contract\u00e9es dans les tons de noir, blanc et terre. Les accents orange s&rsquo;harmonisent avec une palette de couleurs chaudes &#8211; beiges, bruns et caramels. La forme carr\u00e9e des verres se pr\u00e9sente particuli\u00e8rement bien sur les visages ronds et ovales.<\/p>\n<\/div>\n<\/div>\n<\/div>\n","protected":false},"excerpt":{"rendered":"<p>Lunettes de soleil avec verres orange et filtre UV400. Monture en polycarbonate noir avec \u00e9l\u00e9ments orange contrastants sur les branches. La forme carr\u00e9e des verres assure une protection compl\u00e8te des yeux.<\/p>\n","protected":false},"featured_media":35167,"template":"","meta":[],"etheme_brands":[],"product_brand":[],"product_cat":[247,148],"product_tag":[390,301,386,271,388,268,387,389],"class_list":{"0":"post-35174","1":"product","2":"type-product","3":"status-publish","4":"has-post-thumbnail","6":"product_cat-lunettes","7":"product_cat-tous-les-produits","8":"product_tag-carrees","9":"product_tag-design","10":"product_tag-lunettes-de-soleil","11":"product_tag-noires","12":"product_tag-polycarbonate","13":"product_tag-unisexe","14":"product_tag-uv400","15":"product_tag-verres-orange","17":"first","18":"instock","19":"taxable","20":"shipping-taxable","21":"purchasable","22":"product-type-simple"},"_links":{"self":[{"href":"https:\/\/enerotrade.com\/fr\/wp-json\/wp\/v2\/product\/35174","targetHints":{"allow":["GET"]}}],"collection":[{"href":"https:\/\/enerotrade.com\/fr\/wp-json\/wp\/v2\/product"}],"about":[{"href":"https:\/\/enerotrade.com\/fr\/wp-json\/wp\/v2\/types\/product"}],"version-history":[{"count":1,"href":"https:\/\/enerotrade.com\/fr\/wp-json\/wp\/v2\/product\/35174\/revisions"}],"predecessor-version":[{"id":35208,"href":"https:\/\/enerotrade.com\/fr\/wp-json\/wp\/v2\/product\/35174\/revisions\/35208"}],"wp:featuredmedia":[{"embeddable":true,"href":"https:\/\/enerotrade.com\/fr\/wp-json\/wp\/v2\/media\/35167"}],"wp:attachment":[{"href":"https:\/\/enerotrade.com\/fr\/wp-json\/wp\/v2\/media?parent=35174"}],"wp:term":[{"taxonomy":"brand","embeddable":true,"href":"https:\/\/enerotrade.com\/fr\/wp-json\/wp\/v2\/etheme_brands?post=35174"},{"taxonomy":"product_brand","embeddable":true,"href":"https:\/\/enerotrade.com\/fr\/wp-json\/wp\/v2\/product_brand?post=35174"},{"taxonomy":"product_cat","embeddable":true,"href":"https:\/\/enerotrade.com\/fr\/wp-json\/wp\/v2\/product_cat?post=35174"},{"taxonomy":"product_tag","embeddable":true,"href":"https:\/\/enerotrade.com\/fr\/wp-json\/wp\/v2\/product_tag?post=35174"}],"curies":[{"name":"wp","href":"https:\/\/api.w.org\/{rel}","templated":true}]}}