{"id":35386,"date":"2026-03-12T09:16:11","date_gmt":"2026-03-12T09:16:11","guid":{"rendered":"https:\/\/enerotrade.com\/fr\/?post_type=product&#038;p=35386"},"modified":"2026-03-22T12:29:20","modified_gmt":"2026-03-22T12:29:20","slug":"nike-shox-tl-chrome-pure-platinum-argentees-ar3566-003","status":"publish","type":"product","link":"https:\/\/enerotrade.com\/fr\/product\/nike-shox-tl-chrome-pure-platinum-argentees-ar3566-003\/","title":{"rendered":"Nike Shox TL Chrome Pure Platinum Argent\u00e9es AR3566-003"},"content":{"rendered":"<div style=\"padding:0;font-family:'Segoe UI',-apple-system,sans-serif\">\n<p>  <!-- INTRO --><\/p>\n<div style=\"margin-bottom:32px;padding-bottom:32px;border-bottom:1px solid #ebebeb\">\n<p style=\"font-size:14.5px;line-height:1.85;color:#3a3a3a;margin:0\">La Nike Shox TL Chrome Pure Platinum est une chaussure de sport au design futuriste et \u00e0 la technologie d&rsquo;amortissement avanc\u00e9e. Les colonnes Shox caract\u00e9ristiques dans la semelle interm\u00e9diaire assurent un amortissement efficace des chocs \u00e0 chaque pas. Le coloris m\u00e9tallique conf\u00e8re au mod\u00e8le un caract\u00e8re moderne.<\/p>\n<\/p><\/div>\n<p>  <!-- SPECYFIKACJA --><\/p>\n<div style=\"margin-bottom:32px;padding-bottom:32px;border-bottom:1px solid #ebebeb\">\n<div style=\"font-size:10px;font-weight:700;letter-spacing:3px;text-transform:uppercase;color:#bbb;margin-bottom:14px\">Sp\u00e9cifications<\/div>\n<table style=\"width:100%;border-collapse:collapse\">\n<tr>\n<td style=\"padding:11px 0;border-top:1px solid #ebebeb;border-bottom:1px solid #ebebeb;font-size:13px;color:#aaa;font-weight:500\">Marque<\/td>\n<td style=\"padding:11px 0;border-top:1px solid #ebebeb;border-bottom:1px solid #ebebeb;font-size:13px;color:#1a1a1a;font-weight:500\">NIKE<\/td>\n<\/tr>\n<tr>\n<td style=\"padding:11px 0;border-bottom:1px solid #ebebeb;font-size:13px;color:#aaa;font-weight:500\">Couleur<\/td>\n<td style=\"padding:11px 0;border-bottom:1px solid #ebebeb;font-size:13px;color:#1a1a1a;font-weight:500\">Argent\u00e9<\/td>\n<\/tr>\n<tr>\n<td style=\"padding:11px 0;border-bottom:1px solid #ebebeb;font-size:13px;color:#aaa;font-weight:500\">Mati\u00e8re<\/td>\n<td style=\"padding:11px 0;border-bottom:1px solid #ebebeb;font-size:13px;color:#1a1a1a;font-weight:500\">Mati\u00e8re plastique, mat\u00e9riau textile<\/td>\n<\/tr>\n<tr>\n<td style=\"padding:11px 0;border-bottom:1px solid #ebebeb;font-size:13px;color:#aaa;font-weight:500\">Tailles disponibles<\/td>\n<td style=\"padding:11px 0;border-bottom:1px solid #ebebeb;font-size:13px;color:#1a1a1a;font-weight:500\">36, 37, 38, 39, 40, 41, 42, 43, 44, 45<\/td>\n<\/tr>\n<tr>\n<td style=\"padding:11px 0;border-bottom:1px solid #ebebeb;font-size:13px;color:#aaa;font-weight:500\">Genre<\/td>\n<td style=\"padding:11px 0;border-bottom:1px solid #ebebeb;font-size:13px;color:#1a1a1a;font-weight:500\">Unisexe<\/td>\n<\/tr>\n<tr>\n<td style=\"padding:11px 0;border-bottom:1px solid #ebebeb;font-size:13px;color:#aaa;font-weight:500\">SKU<\/td>\n<td style=\"padding:11px 0;border-bottom:1px solid #ebebeb;font-size:13px;color:#1a1a1a;font-weight:500\">AR3566-003<\/td>\n<\/tr>\n<\/table><\/div>\n<p>  <!-- SEKCJA --><\/p>\n<div style=\"align-items:baseline;gap:16px\">\n<div style=\"width:20px;height:1px;background:#1a1a1a;flex-shrink:0;margin-top:10px\"><\/div>\n<div>\n<div style=\"font-size:10px;font-weight:700;letter-spacing:2.5px;text-transform:uppercase;color:#1a1a1a;margin-bottom:8px\">Comment porter<\/div>\n<p style=\"font-size:13.5px;line-height:1.8;color:#666;margin:0\">Id\u00e9ales pour les tenues sportives avec surv\u00eatements, joggers ou shorts. La finition m\u00e9tallique se marie parfaitement avec les couleurs unies &#8211; noir, blanc ou gris. Elles conviennent aussi bien pour l&rsquo;entra\u00eenement que dans les tenues urbaines quotidiennes de style streetwear.<\/p>\n<\/p><\/div>\n<\/p><\/div>\n<\/div>\n","protected":false},"excerpt":{"rendered":"<p>Chaussures de sport Nike Shox TL dans la coloris Chrome Pure Platinum. La semelle caract\u00e9ristique Shox avec colonnes amortissantes assure un confort optimal durant l&rsquo;activit\u00e9. Fabriqu\u00e9es en mati\u00e8re plastique durable et mat\u00e9riaux textiles.<\/p>\n","protected":false},"featured_media":35817,"template":"","meta":[],"etheme_brands":[{"term_id":117,"name":"NIKE","slug":"nike","term_group":0,"term_taxonomy_id":117,"taxonomy":"brand","description":"","parent":0,"count":19,"filter":"raw"}],"product_brand":[],"product_cat":[219,226,148],"product_tag":[286,420,421,277,422,284,321,149,268],"class_list":{"0":"post-35386","1":"product","2":"type-product","3":"status-publish","4":"has-post-thumbnail","6":"brand-nike","7":"product_cat-chaussures","8":"product_cat-chaussures-de-sport","9":"product_cat-tous-les-produits","10":"product_tag-amortissement","11":"product_tag-argentees","12":"product_tag-chrome","13":"product_tag-nike","14":"product_tag-platinum","15":"product_tag-shox","16":"product_tag-sportives","17":"product_tag-top","18":"product_tag-unisexe","20":"first","21":"instock","22":"sale","23":"taxable","24":"shipping-taxable","25":"purchasable","26":"product-type-variable","27":"has-default-attributes"},"_links":{"self":[{"href":"https:\/\/enerotrade.com\/fr\/wp-json\/wp\/v2\/product\/35386","targetHints":{"allow":["GET"]}}],"collection":[{"href":"https:\/\/enerotrade.com\/fr\/wp-json\/wp\/v2\/product"}],"about":[{"href":"https:\/\/enerotrade.com\/fr\/wp-json\/wp\/v2\/types\/product"}],"version-history":[{"count":1,"href":"https:\/\/enerotrade.com\/fr\/wp-json\/wp\/v2\/product\/35386\/revisions"}],"predecessor-version":[{"id":35577,"href":"https:\/\/enerotrade.com\/fr\/wp-json\/wp\/v2\/product\/35386\/revisions\/35577"}],"wp:featuredmedia":[{"embeddable":true,"href":"https:\/\/enerotrade.com\/fr\/wp-json\/wp\/v2\/media\/35817"}],"wp:attachment":[{"href":"https:\/\/enerotrade.com\/fr\/wp-json\/wp\/v2\/media?parent=35386"}],"wp:term":[{"taxonomy":"brand","embeddable":true,"href":"https:\/\/enerotrade.com\/fr\/wp-json\/wp\/v2\/etheme_brands?post=35386"},{"taxonomy":"product_brand","embeddable":true,"href":"https:\/\/enerotrade.com\/fr\/wp-json\/wp\/v2\/product_brand?post=35386"},{"taxonomy":"product_cat","embeddable":true,"href":"https:\/\/enerotrade.com\/fr\/wp-json\/wp\/v2\/product_cat?post=35386"},{"taxonomy":"product_tag","embeddable":true,"href":"https:\/\/enerotrade.com\/fr\/wp-json\/wp\/v2\/product_tag?post=35386"}],"curies":[{"name":"wp","href":"https:\/\/api.w.org\/{rel}","templated":true}]}}