{"id":35478,"date":"2026-03-12T09:16:12","date_gmt":"2026-03-12T09:16:12","guid":{"rendered":"https:\/\/enerotrade.com\/fr\/?post_type=product&#038;p=35478"},"modified":"2026-03-22T12:31:08","modified_gmt":"2026-03-22T12:31:08","slug":"new-balance-u9060jgr-silver-metallic-gris-u9060jgr","status":"publish","type":"product","link":"https:\/\/enerotrade.com\/fr\/product\/new-balance-u9060jgr-silver-metallic-gris-u9060jgr\/","title":{"rendered":"New Balance U9060JGR Silver Metallic Gris"},"content":{"rendered":"<div style=\"padding: 0; font-family: 'Segoe UI',-apple-system,sans-serif;\">\n<p><!-- INTRO --><\/p>\n<div style=\"margin-bottom: 32px; padding-bottom: 32px; border-bottom: 1px solid #ebebeb;\">\n<p style=\"font-size: 14.5px; line-height: 1.85; color: #3a3a3a; margin: 0;\">Les sneakers New Balance U9060JGR sont un mod\u00e8le inspir\u00e9 des cr\u00e9ations d&rsquo;archives de la marque des ann\u00e9es 90, transpos\u00e9 dans la r\u00e9alit\u00e9 moderne. Le coloris gris Silver Metallic conf\u00e8re aux chaussures un caract\u00e8re universel qui s&rsquo;adapte \u00e0 diff\u00e9rents styles. La construction combine cuir \u00e9cologique et mati\u00e8res textiles, assurant une ventilation appropri\u00e9e du pied.<\/p>\n<\/div>\n<p><!-- SPECYFIKACJA --><\/p>\n<div style=\"margin-bottom: 32px; padding-bottom: 32px; border-bottom: 1px solid #ebebeb;\">\n<div style=\"font-size: 10px; font-weight: bold; letter-spacing: 3px; text-transform: uppercase; color: #bbb; margin-bottom: 14px;\">Sp\u00e9cifications<\/div>\n<table style=\"width: 100%; border-collapse: collapse;\">\n<tbody>\n<tr>\n<td style=\"padding: 11px 0; border-top: 1px solid #ebebeb; border-bottom: 1px solid #ebebeb; font-size: 13px; color: #aaa; font-weight: 500;\">Marque<\/td>\n<td style=\"padding: 11px 0; border-top: 1px solid #ebebeb; border-bottom: 1px solid #ebebeb; font-size: 13px; color: #1a1a1a; font-weight: 500;\">New Balance<\/td>\n<\/tr>\n<tr>\n<td style=\"padding: 11px 0; border-bottom: 1px solid #ebebeb; font-size: 13px; color: #aaa; font-weight: 500;\">Couleur<\/td>\n<td style=\"padding: 11px 0; border-bottom: 1px solid #ebebeb; font-size: 13px; color: #1a1a1a; font-weight: 500;\">Gris<\/td>\n<\/tr>\n<tr>\n<td style=\"padding: 11px 0; border-bottom: 1px solid #ebebeb; font-size: 13px; color: #aaa; font-weight: 500;\">Mati\u00e8re<\/td>\n<td style=\"padding: 11px 0; border-bottom: 1px solid #ebebeb; font-size: 13px; color: #1a1a1a; font-weight: 500;\">Cuir \u00e9cologique, mati\u00e8re textile<\/td>\n<\/tr>\n<tr>\n<td style=\"padding: 11px 0; border-bottom: 1px solid #ebebeb; font-size: 13px; color: #aaa; font-weight: 500;\">Tailles disponibles<\/td>\n<td style=\"padding: 11px 0; border-bottom: 1px solid #ebebeb; font-size: 13px; color: #1a1a1a; font-weight: 500;\">36, 37, 38, 39, 40, 41, 42, 43, 44, 45<\/td>\n<\/tr>\n<tr>\n<td style=\"padding: 11px 0; border-bottom: 1px solid #ebebeb; font-size: 13px; color: #aaa; font-weight: 500;\">Genre<\/td>\n<td style=\"padding: 11px 0; border-bottom: 1px solid #ebebeb; font-size: 13px; color: #1a1a1a; font-weight: 500;\">Unisexe<\/td>\n<\/tr>\n<tr>\n<td style=\"padding: 11px 0; border-bottom: 1px solid #ebebeb; font-size: 13px; color: #aaa; font-weight: 500;\">SKU<\/td>\n<td style=\"padding: 11px 0; border-bottom: 1px solid #ebebeb; font-size: 13px; color: #1a1a1a; font-weight: 500;\">U9060JGR<\/td>\n<\/tr>\n<\/tbody>\n<\/table>\n<\/div>\n<p><!-- SEKCJA --><\/p>\n<div style=\"align-items: baseline; gap: 16px;\">\n<div style=\"width: 20px; height: 1px; background: #1a1a1a; flex-shrink: 0; margin-top: 10px;\"><\/div>\n<div>\n<div style=\"font-size: 10px; font-weight: bold; letter-spacing: 2.5px; text-transform: uppercase; color: #1a1a1a; margin-bottom: 8px;\">Comment les porter<\/div>\n<p style=\"font-size: 13.5px; line-height: 1.8; color: #666; margin: 0;\">Les sneakers U9060JGR se marient parfaitement avec un jean et un sweat oversize dans un style streetwear. Pour des tenues plus \u00e9l\u00e9gantes, on peut les associer \u00e0 un chino et un pull en maille. Le coloris gris permet de les combiner avec des v\u00eatements dans les tons beige, noir ou marine.<\/p>\n<\/div>\n<\/div>\n<\/div>\n","protected":false},"excerpt":{"rendered":"<p>Les sneakers New Balance U9060JGR dans le coloris Silver Metallic allient un design futuriste \u00e0 l&rsquo;h\u00e9ritage classique de la marque. R\u00e9alis\u00e9es en combinaison de cuir \u00e9cologique et de mati\u00e8res textiles, elles garantissent durabilit\u00e9 et confort. La semelle caract\u00e9ristique avec technologie d&rsquo;amortissement convient parfaitement \u00e0 un usage quotidien.<\/p>\n","protected":false},"featured_media":36179,"template":"","meta":[],"etheme_brands":[{"term_id":119,"name":"New Balance","slug":"new-balance","term_group":0,"term_taxonomy_id":119,"taxonomy":"brand","description":"","parent":0,"count":4,"filter":"raw"}],"product_brand":[],"product_cat":[219,226,148],"product_tag":[312,333,423,428,281,429,149,427,268],"class_list":{"0":"post-35478","1":"product","2":"type-product","3":"status-publish","4":"has-post-thumbnail","6":"brand-new-balance","7":"product_cat-chaussures","8":"product_cat-chaussures-de-sport","9":"product_cat-tous-les-produits","10":"product_tag-decontracte","11":"product_tag-gris","12":"product_tag-new-balance","13":"product_tag-silver-metallic","14":"product_tag-sneakers","15":"product_tag-sport","16":"product_tag-top","17":"product_tag-u9060","18":"product_tag-unisexe","20":"first","21":"instock","22":"sale","23":"taxable","24":"shipping-taxable","25":"purchasable","26":"product-type-variable","27":"has-default-attributes"},"_links":{"self":[{"href":"https:\/\/enerotrade.com\/fr\/wp-json\/wp\/v2\/product\/35478","targetHints":{"allow":["GET"]}}],"collection":[{"href":"https:\/\/enerotrade.com\/fr\/wp-json\/wp\/v2\/product"}],"about":[{"href":"https:\/\/enerotrade.com\/fr\/wp-json\/wp\/v2\/types\/product"}],"version-history":[{"count":3,"href":"https:\/\/enerotrade.com\/fr\/wp-json\/wp\/v2\/product\/35478\/revisions"}],"predecessor-version":[{"id":36697,"href":"https:\/\/enerotrade.com\/fr\/wp-json\/wp\/v2\/product\/35478\/revisions\/36697"}],"wp:featuredmedia":[{"embeddable":true,"href":"https:\/\/enerotrade.com\/fr\/wp-json\/wp\/v2\/media\/36179"}],"wp:attachment":[{"href":"https:\/\/enerotrade.com\/fr\/wp-json\/wp\/v2\/media?parent=35478"}],"wp:term":[{"taxonomy":"brand","embeddable":true,"href":"https:\/\/enerotrade.com\/fr\/wp-json\/wp\/v2\/etheme_brands?post=35478"},{"taxonomy":"product_brand","embeddable":true,"href":"https:\/\/enerotrade.com\/fr\/wp-json\/wp\/v2\/product_brand?post=35478"},{"taxonomy":"product_cat","embeddable":true,"href":"https:\/\/enerotrade.com\/fr\/wp-json\/wp\/v2\/product_cat?post=35478"},{"taxonomy":"product_tag","embeddable":true,"href":"https:\/\/enerotrade.com\/fr\/wp-json\/wp\/v2\/product_tag?post=35478"}],"curies":[{"name":"wp","href":"https:\/\/api.w.org\/{rel}","templated":true}]}}