{"id":35499,"date":"2026-03-12T09:16:12","date_gmt":"2026-03-12T09:16:12","guid":{"rendered":"https:\/\/enerotrade.com\/fr\/?post_type=product&#038;p=35499"},"modified":"2026-03-12T09:16:33","modified_gmt":"2026-03-12T09:16:33","slug":"enero-cravate-avec-oiseau-brode-sur-branche-noire-krw-enr-ne-1","status":"publish","type":"product","link":"https:\/\/enerotrade.com\/fr\/product\/enero-cravate-avec-oiseau-brode-sur-branche-noire-krw-enr-ne-1\/","title":{"rendered":"Enero Cravate avec Oiseau Brod\u00e9 sur Branche Noire KRW-ENR-NE-1"},"content":{"rendered":"<div style=\"padding:0;font-family:'Segoe UI',-apple-system,sans-serif\">\n<p>  <!-- INTRO --><\/p>\n<div style=\"margin-bottom:32px;padding-bottom:32px;border-bottom:1px solid #ebebeb\">\n<p style=\"font-size:14.5px;line-height:1.85;color:#3a3a3a;margin:0\">Cette cravate noire avec oiseau brod\u00e9 pr\u00e9sente une composition inspir\u00e9e des illustrations naturalistes. L&rsquo;oiseau \u00e0 poitrine orange intense et ailes sombres repose sur une branche rose-brun avec des feuilles olive. Le tissu satin\u00e9 en polyester premium constitue un arri\u00e8re-plan \u00e9l\u00e9gant pour la broderie pr\u00e9cise reproduisant chaque d\u00e9tail du plumage.<\/p>\n<\/p><\/div>\n<p>  <!-- SPECYFIKACJA --><\/p>\n<div style=\"margin-bottom:32px;padding-bottom:32px;border-bottom:1px solid #ebebeb\">\n<div style=\"font-size:10px;font-weight:700;letter-spacing:3px;text-transform:uppercase;color:#bbb;margin-bottom:14px\">Sp\u00e9cifications<\/div>\n<table style=\"width:100%;border-collapse:collapse\">\n<tr>\n<td style=\"padding:11px 0;border-top:1px solid #ebebeb;border-bottom:1px solid #ebebeb;font-size:13px;color:#aaa;font-weight:500\">Marque<\/td>\n<td style=\"padding:11px 0;border-top:1px solid #ebebeb;border-bottom:1px solid #ebebeb;font-size:13px;color:#1a1a1a;font-weight:500\">Enero<\/td>\n<\/tr>\n<tr>\n<td style=\"padding:11px 0;border-bottom:1px solid #ebebeb;font-size:13px;color:#aaa;font-weight:500\">Couleur<\/td>\n<td style=\"padding:11px 0;border-bottom:1px solid #ebebeb;font-size:13px;color:#1a1a1a;font-weight:500\">Noir<\/td>\n<\/tr>\n<tr>\n<td style=\"padding:11px 0;border-bottom:1px solid #ebebeb;font-size:13px;color:#aaa;font-weight:500\">Mati\u00e8re<\/td>\n<td style=\"padding:11px 0;border-bottom:1px solid #ebebeb;font-size:13px;color:#1a1a1a;font-weight:500\">Tissu satin\u00e9 lisse<\/td>\n<\/tr>\n<tr>\n<td style=\"padding:11px 0;border-bottom:1px solid #ebebeb;font-size:13px;color:#aaa;font-weight:500\">Genre<\/td>\n<td style=\"padding:11px 0;border-bottom:1px solid #ebebeb;font-size:13px;color:#1a1a1a;font-weight:500\">Unisexe<\/td>\n<\/tr>\n<tr>\n<td style=\"padding:11px 0;border-bottom:1px solid #ebebeb;font-size:13px;color:#aaa;font-weight:500\">SKU<\/td>\n<td style=\"padding:11px 0;border-bottom:1px solid #ebebeb;font-size:13px;color:#1a1a1a;font-weight:500\">KRW-ENR-NE-1<\/td>\n<\/tr>\n<\/table><\/div>\n<p>  <!-- SEKCJA --><\/p>\n<div style=\"align-items:baseline;gap:16px\">\n<div style=\"width:20px;height:1px;background:#1a1a1a;flex-shrink:0;margin-top:10px\"><\/div>\n<div>\n<div style=\"font-size:10px;font-weight:700;letter-spacing:2.5px;text-transform:uppercase;color:#1a1a1a;margin-bottom:8px\">Application<\/div>\n<p style=\"font-size:13.5px;line-height:1.8;color:#666;margin:0\">La cravate s&rsquo;int\u00e8gre parfaitement dans les tenues de bureau comme accent artistique subtil avec une chemise classique. Choix parfait pour les \u00e9v\u00e9nements du soir o\u00f9 les d\u00e9tails comptent. Le design unisexe permet un port traditionnel ou comme pi\u00e8ce statement dans les tenues f\u00e9minines avec chemise oversize.<\/p>\n<\/p><\/div>\n<\/p><\/div>\n<\/div>\n","protected":false},"excerpt":{"rendered":"<p>Cravate noire avec broderie pr\u00e9cise d&rsquo;un oiseau \u00e0 poitrine orange perch\u00e9 sur une branche. Tissu satin\u00e9 en polyester premium cr\u00e9ant une base \u00e9l\u00e9gante pour la composition artistique. Design unisexe alliant forme classique et motif botanico-ornithologique.<\/p>\n","protected":false},"featured_media":36049,"template":"","meta":[],"etheme_brands":[],"product_brand":[],"product_cat":[245,148],"product_tag":[433,431,430,309,432,396,434,268],"class_list":{"0":"post-35499","1":"product","2":"type-product","3":"status-publish","4":"has-post-thumbnail","6":"product_cat-cravates","7":"product_cat-tous-les-produits","8":"product_tag-branche","9":"product_tag-broderie","10":"product_tag-cravate","11":"product_tag-noir","12":"product_tag-oiseau","13":"product_tag-orange","14":"product_tag-satin","15":"product_tag-unisexe","17":"first","18":"instock","19":"taxable","20":"shipping-taxable","21":"purchasable","22":"product-type-simple"},"_links":{"self":[{"href":"https:\/\/enerotrade.com\/fr\/wp-json\/wp\/v2\/product\/35499","targetHints":{"allow":["GET"]}}],"collection":[{"href":"https:\/\/enerotrade.com\/fr\/wp-json\/wp\/v2\/product"}],"about":[{"href":"https:\/\/enerotrade.com\/fr\/wp-json\/wp\/v2\/types\/product"}],"version-history":[{"count":1,"href":"https:\/\/enerotrade.com\/fr\/wp-json\/wp\/v2\/product\/35499\/revisions"}],"predecessor-version":[{"id":35572,"href":"https:\/\/enerotrade.com\/fr\/wp-json\/wp\/v2\/product\/35499\/revisions\/35572"}],"wp:featuredmedia":[{"embeddable":true,"href":"https:\/\/enerotrade.com\/fr\/wp-json\/wp\/v2\/media\/36049"}],"wp:attachment":[{"href":"https:\/\/enerotrade.com\/fr\/wp-json\/wp\/v2\/media?parent=35499"}],"wp:term":[{"taxonomy":"brand","embeddable":true,"href":"https:\/\/enerotrade.com\/fr\/wp-json\/wp\/v2\/etheme_brands?post=35499"},{"taxonomy":"product_brand","embeddable":true,"href":"https:\/\/enerotrade.com\/fr\/wp-json\/wp\/v2\/product_brand?post=35499"},{"taxonomy":"product_cat","embeddable":true,"href":"https:\/\/enerotrade.com\/fr\/wp-json\/wp\/v2\/product_cat?post=35499"},{"taxonomy":"product_tag","embeddable":true,"href":"https:\/\/enerotrade.com\/fr\/wp-json\/wp\/v2\/product_tag?post=35499"}],"curies":[{"name":"wp","href":"https:\/\/api.w.org\/{rel}","templated":true}]}}