{"id":35598,"date":"2026-03-12T09:16:10","date_gmt":"2026-03-12T09:16:10","guid":{"rendered":"https:\/\/enerotrade.com\/fr\/?post_type=product&#038;p=35598"},"modified":"2026-03-22T12:32:16","modified_gmt":"2026-03-22T12:32:16","slug":"chaussures-chaussures-de-running-hoka-clifton-10-noir-unisexe","status":"publish","type":"product","link":"https:\/\/enerotrade.com\/fr\/product\/chaussures-chaussures-de-running-hoka-clifton-10-noir-unisexe\/","title":{"rendered":"Chaussures Chaussures de running HOKA Clifton 10 Noir unisexe"},"content":{"rendered":"<div style=\"padding:0;font-family:'Segoe UI',-apple-system,sans-serif\">\n<p>  <!-- INTRO --><\/p>\n<div style=\"margin-bottom:32px;padding-bottom:32px;border-bottom:1px solid #ebebeb\">\n<p style=\"font-size:14.5px;line-height:1.85;color:#3a3a3a;margin:0\">Les chaussures de running HOKA Clifton 10 se distinguent par leur semelle interm\u00e9diaire \u00e9paisse offrant un amorti efficace pendant l&rsquo;entra\u00eenement. La tige combine mati\u00e8re textile et \u00e9l\u00e9ments synth\u00e9tiques, garantissant durabilit\u00e9 et maintien du pied. Le logo blanc contrastant HOKA se d\u00e9marque sur le fond noir de la tige.<\/p>\n<\/p><\/div>\n<p>  <!-- SPECYFIKACJA --><\/p>\n<div style=\"margin-bottom:32px;padding-bottom:32px;border-bottom:1px solid #ebebeb\">\n<div style=\"font-size:10px;font-weight:700;letter-spacing:3px;text-transform:uppercase;color:#bbb;margin-bottom:14px\">Sp\u00e9cifications<\/div>\n<table style=\"width:100%;border-collapse:collapse\">\n<tr>\n<td style=\"padding:11px 0;border-top:1px solid #ebebeb;border-bottom:1px solid #ebebeb;font-size:13px;color:#aaa;font-weight:500\">Marque<\/td>\n<td style=\"padding:11px 0;border-top:1px solid #ebebeb;border-bottom:1px solid #ebebeb;font-size:13px;color:#1a1a1a;font-weight:500\">HOKA<\/td>\n<\/tr>\n<tr>\n<td style=\"padding:11px 0;border-bottom:1px solid #ebebeb;font-size:13px;color:#aaa;font-weight:500\">Couleur<\/td>\n<td style=\"padding:11px 0;border-bottom:1px solid #ebebeb;font-size:13px;color:#1a1a1a;font-weight:500\">Noir<\/td>\n<\/tr>\n<tr>\n<td style=\"padding:11px 0;border-bottom:1px solid #ebebeb;font-size:13px;color:#aaa;font-weight:500\">Mati\u00e8re<\/td>\n<td style=\"padding:11px 0;border-bottom:1px solid #ebebeb;font-size:13px;color:#1a1a1a;font-weight:500\">Mati\u00e8re textile, synth\u00e9tique<\/td>\n<\/tr>\n<tr>\n<td style=\"padding:11px 0;border-bottom:1px solid #ebebeb;font-size:13px;color:#aaa;font-weight:500\">Tailles disponibles<\/td>\n<td style=\"padding:11px 0;border-bottom:1px solid #ebebeb;font-size:13px;color:#1a1a1a;font-weight:500\">36, 37, 38, 39, 40, 41, 42, 43, 44, 45<\/td>\n<\/tr>\n<tr>\n<td style=\"padding:11px 0;border-bottom:1px solid #ebebeb;font-size:13px;color:#aaa;font-weight:500\">Genre<\/td>\n<td style=\"padding:11px 0;border-bottom:1px solid #ebebeb;font-size:13px;color:#1a1a1a;font-weight:500\">Unisexe<\/td>\n<\/tr>\n<tr>\n<td style=\"padding:11px 0;border-bottom:1px solid #ebebeb;font-size:13px;color:#aaa;font-weight:500\">SKU<\/td>\n<td style=\"padding:11px 0;border-bottom:1px solid #ebebeb;font-size:13px;color:#1a1a1a;font-weight:500\">0001162030-BWH<\/td>\n<\/tr>\n<\/table><\/div>\n<p>  <!-- SEKCJA --><\/p>\n<div style=\"align-items:baseline;gap:16px\">\n<div style=\"width:20px;height:1px;background:#1a1a1a;flex-shrink:0;margin-top:10px\"><\/div>\n<div>\n<div style=\"font-size:10px;font-weight:700;letter-spacing:2.5px;text-transform:uppercase;color:#1a1a1a;margin-bottom:8px\">Comment les porter<\/div>\n<p style=\"font-size:13.5px;line-height:1.8;color:#666;margin:0\">Id\u00e9ales pour les entra\u00eenements de course quotidiens et les longues distances sur diff\u00e9rentes surfaces. Elles conviennent \u00e9galement comme chaussures lifestyle dans des tenues d\u00e9contract\u00e9es avec joggings ou shorts. La semelle \u00e9paisse ajoute du caract\u00e8re aux tenues sportives avec surv\u00eatements et t-shirts techniques.<\/p>\n<\/p><\/div>\n<\/p><\/div>\n<\/div>\n","protected":false},"excerpt":{"rendered":"<p>Chaussures de running HOKA Clifton 10 avec semelle interm\u00e9diaire caract\u00e9ristique offrant un amorti. Tige r\u00e9alis\u00e9e en mati\u00e8re textile avec inserts synth\u00e9tiques. Coloris classique noir et blanc avec logo contrastant de la marque.<\/p>\n","protected":false},"featured_media":36452,"template":"","meta":[],"etheme_brands":[{"term_id":493,"name":"HOKA","slug":"hoka","term_group":0,"term_taxonomy_id":493,"taxonomy":"brand","description":"","parent":0,"count":8,"filter":"raw"}],"product_brand":[],"product_cat":[219,226,148],"product_tag":[419,462,464,463,465,271,466,149,268],"class_list":{"0":"post-35598","1":"product","2":"type-product","3":"status-publish","4":"has-post-thumbnail","6":"brand-hoka","7":"product_cat-chaussures","8":"product_cat-chaussures-de-sport","9":"product_cat-tous-les-produits","10":"product_tag-amorti","11":"product_tag-chaussures-de-running","12":"product_tag-clifton-10","13":"product_tag-hoka","14":"product_tag-matiere-textile","15":"product_tag-noires","16":"product_tag-running","17":"product_tag-top","18":"product_tag-unisexe","20":"first","21":"instock","22":"sale","23":"taxable","24":"shipping-taxable","25":"purchasable","26":"product-type-variable","27":"has-default-attributes"},"_links":{"self":[{"href":"https:\/\/enerotrade.com\/fr\/wp-json\/wp\/v2\/product\/35598","targetHints":{"allow":["GET"]}}],"collection":[{"href":"https:\/\/enerotrade.com\/fr\/wp-json\/wp\/v2\/product"}],"about":[{"href":"https:\/\/enerotrade.com\/fr\/wp-json\/wp\/v2\/types\/product"}],"version-history":[{"count":1,"href":"https:\/\/enerotrade.com\/fr\/wp-json\/wp\/v2\/product\/35598\/revisions"}],"predecessor-version":[{"id":36462,"href":"https:\/\/enerotrade.com\/fr\/wp-json\/wp\/v2\/product\/35598\/revisions\/36462"}],"wp:featuredmedia":[{"embeddable":true,"href":"https:\/\/enerotrade.com\/fr\/wp-json\/wp\/v2\/media\/36452"}],"wp:attachment":[{"href":"https:\/\/enerotrade.com\/fr\/wp-json\/wp\/v2\/media?parent=35598"}],"wp:term":[{"taxonomy":"brand","embeddable":true,"href":"https:\/\/enerotrade.com\/fr\/wp-json\/wp\/v2\/etheme_brands?post=35598"},{"taxonomy":"product_brand","embeddable":true,"href":"https:\/\/enerotrade.com\/fr\/wp-json\/wp\/v2\/product_brand?post=35598"},{"taxonomy":"product_cat","embeddable":true,"href":"https:\/\/enerotrade.com\/fr\/wp-json\/wp\/v2\/product_cat?post=35598"},{"taxonomy":"product_tag","embeddable":true,"href":"https:\/\/enerotrade.com\/fr\/wp-json\/wp\/v2\/product_tag?post=35598"}],"curies":[{"name":"wp","href":"https:\/\/api.w.org\/{rel}","templated":true}]}}