{"id":35746,"date":"2026-03-12T09:16:09","date_gmt":"2026-03-12T09:16:09","guid":{"rendered":"https:\/\/enerotrade.com\/fr\/?post_type=product&#038;p=35746"},"modified":"2026-03-22T12:31:35","modified_gmt":"2026-03-22T12:31:35","slug":"hoka-bondi-9-chaussures-de-running-blanc-unisexe","status":"publish","type":"product","link":"https:\/\/enerotrade.com\/fr\/product\/hoka-bondi-9-chaussures-de-running-blanc-unisexe\/","title":{"rendered":"HOKA Bondi 9 Chaussures de running &#8211; Blanc unisexe"},"content":{"rendered":"<div style=\"padding:0;font-family:'Segoe UI',-apple-system,sans-serif\">\n<p>  <!-- INTRO --><\/p>\n<div style=\"margin-bottom:32px;padding-bottom:32px;border-bottom:1px solid #ebebeb\">\n<p style=\"font-size:14.5px;line-height:1.85;color:#3a3a3a;margin:0\">Les HOKA Bondi 9 sont des chaussures de running con\u00e7ues pour les personnes qui appr\u00e9cient un amorti maximal. La semelle interm\u00e9diaire \u00e9paisse caract\u00e9ristique en mousse EVA absorbe les impacts lors du contact avec le sol. La tige r\u00e9alis\u00e9e en mati\u00e8re textile avec perforations assure une ventilation appropri\u00e9e du pied.<\/p>\n<\/p><\/div>\n<p>  <!-- SPECYFIKACJA --><\/p>\n<div style=\"margin-bottom:32px;padding-bottom:32px;border-bottom:1px solid #ebebeb\">\n<div style=\"font-size:10px;font-weight:700;letter-spacing:3px;text-transform:uppercase;color:#bbb;margin-bottom:14px\">Sp\u00e9cifications<\/div>\n<table style=\"width:100%;border-collapse:collapse\">\n<tr>\n<td style=\"padding:11px 0;border-top:1px solid #ebebeb;border-bottom:1px solid #ebebeb;font-size:13px;color:#aaa;font-weight:500\">Marque<\/td>\n<td style=\"padding:11px 0;border-top:1px solid #ebebeb;border-bottom:1px solid #ebebeb;font-size:13px;color:#1a1a1a;font-weight:500\">HOKA<\/td>\n<\/tr>\n<tr>\n<td style=\"padding:11px 0;border-bottom:1px solid #ebebeb;font-size:13px;color:#aaa;font-weight:500\">Couleur<\/td>\n<td style=\"padding:11px 0;border-bottom:1px solid #ebebeb;font-size:13px;color:#1a1a1a;font-weight:500\">Blanc<\/td>\n<\/tr>\n<tr>\n<td style=\"padding:11px 0;border-bottom:1px solid #ebebeb;font-size:13px;color:#aaa;font-weight:500\">Mati\u00e8re<\/td>\n<td style=\"padding:11px 0;border-bottom:1px solid #ebebeb;font-size:13px;color:#1a1a1a;font-weight:500\">Mati\u00e8re textile, synth\u00e9tique<\/td>\n<\/tr>\n<tr>\n<td style=\"padding:11px 0;border-bottom:1px solid #ebebeb;font-size:13px;color:#aaa;font-weight:500\">Tailles disponibles<\/td>\n<td style=\"padding:11px 0;border-bottom:1px solid #ebebeb;font-size:13px;color:#1a1a1a;font-weight:500\">36, 37, 38, 39, 40, 41, 42, 43, 44, 45<\/td>\n<\/tr>\n<tr>\n<td style=\"padding:11px 0;border-bottom:1px solid #ebebeb;font-size:13px;color:#aaa;font-weight:500\">Genre<\/td>\n<td style=\"padding:11px 0;border-bottom:1px solid #ebebeb;font-size:13px;color:#1a1a1a;font-weight:500\">Unisexe<\/td>\n<\/tr>\n<tr>\n<td style=\"padding:11px 0;border-bottom:1px solid #ebebeb;font-size:13px;color:#aaa;font-weight:500\">SKU<\/td>\n<td style=\"padding:11px 0;border-bottom:1px solid #ebebeb;font-size:13px;color:#1a1a1a;font-weight:500\">1162012-WWH<\/td>\n<\/tr>\n<\/table><\/div>\n<p>  <!-- SEKCJA --><\/p>\n<div style=\"align-items:baseline;gap:16px\">\n<div style=\"width:20px;height:1px;background:#1a1a1a;flex-shrink:0;margin-top:10px\"><\/div>\n<div>\n<div style=\"font-size:10px;font-weight:700;letter-spacing:2.5px;text-transform:uppercase;color:#1a1a1a;margin-bottom:8px\">Comment les porter<\/div>\n<p style=\"font-size:13.5px;line-height:1.8;color:#666;margin:0\">Les chaussures conviennent parfaitement pour les longs runs sur asphalte ainsi que les entra\u00eenements sur tapis de course. On peut les associer avec des leggings de sport et un t-shirt de running ou les utiliser comme chaussures urbaines quotidiennes avec des joggers. La finition blanche s&rsquo;accorde avec la plupart des tenues sportives et d\u00e9contract\u00e9es.<\/p>\n<\/p><\/div>\n<\/p><\/div>\n<\/div>\n","protected":false},"excerpt":{"rendered":"<p>Chaussures de running HOKA Bondi 9 enti\u00e8rement blanches avec un amorti maximal caract\u00e9ristique. Tige en mati\u00e8re textile avec perforations pour une meilleure ventilation. Semelle interm\u00e9diaire \u00e9paisse qui assure le confort lors de longues distances.<\/p>\n","protected":false},"featured_media":36355,"template":"","meta":[],"etheme_brands":[{"term_id":493,"name":"HOKA","slug":"hoka","term_group":0,"term_taxonomy_id":493,"taxonomy":"brand","description":"","parent":0,"count":8,"filter":"raw"}],"product_brand":[],"product_cat":[219,226,148],"product_tag":[470,476,358,462,282,463,465,149,268],"class_list":{"0":"post-35746","1":"product","2":"type-product","3":"status-publish","4":"has-post-thumbnail","6":"brand-hoka","7":"product_cat-chaussures","8":"product_cat-chaussures-de-sport","9":"product_cat-tous-les-produits","10":"product_tag-amorti-maximal","11":"product_tag-bondi-9","12":"product_tag-chaussures-blanches","13":"product_tag-chaussures-de-running","14":"product_tag-chaussures-de-sport","15":"product_tag-hoka","16":"product_tag-matiere-textile","17":"product_tag-top","18":"product_tag-unisexe","20":"first","21":"instock","22":"sale","23":"taxable","24":"shipping-taxable","25":"purchasable","26":"product-type-variable","27":"has-default-attributes"},"_links":{"self":[{"href":"https:\/\/enerotrade.com\/fr\/wp-json\/wp\/v2\/product\/35746","targetHints":{"allow":["GET"]}}],"collection":[{"href":"https:\/\/enerotrade.com\/fr\/wp-json\/wp\/v2\/product"}],"about":[{"href":"https:\/\/enerotrade.com\/fr\/wp-json\/wp\/v2\/types\/product"}],"version-history":[{"count":1,"href":"https:\/\/enerotrade.com\/fr\/wp-json\/wp\/v2\/product\/35746\/revisions"}],"predecessor-version":[{"id":36361,"href":"https:\/\/enerotrade.com\/fr\/wp-json\/wp\/v2\/product\/35746\/revisions\/36361"}],"wp:featuredmedia":[{"embeddable":true,"href":"https:\/\/enerotrade.com\/fr\/wp-json\/wp\/v2\/media\/36355"}],"wp:attachment":[{"href":"https:\/\/enerotrade.com\/fr\/wp-json\/wp\/v2\/media?parent=35746"}],"wp:term":[{"taxonomy":"brand","embeddable":true,"href":"https:\/\/enerotrade.com\/fr\/wp-json\/wp\/v2\/etheme_brands?post=35746"},{"taxonomy":"product_brand","embeddable":true,"href":"https:\/\/enerotrade.com\/fr\/wp-json\/wp\/v2\/product_brand?post=35746"},{"taxonomy":"product_cat","embeddable":true,"href":"https:\/\/enerotrade.com\/fr\/wp-json\/wp\/v2\/product_cat?post=35746"},{"taxonomy":"product_tag","embeddable":true,"href":"https:\/\/enerotrade.com\/fr\/wp-json\/wp\/v2\/product_tag?post=35746"}],"curies":[{"name":"wp","href":"https:\/\/api.w.org\/{rel}","templated":true}]}}