{"id":10,"date":"2018-06-04T08:27:25","date_gmt":"2018-06-04T08:27:25","guid":{"rendered":"https:\/\/xstore.8theme.com\/demos\/2\/marseille02\/cart\/"},"modified":"2026-03-05T15:02:26","modified_gmt":"2026-03-05T15:02:26","slug":"cestino","status":"publish","type":"page","link":"https:\/\/enerotrade.com\/it\/cestino\/","title":{"rendered":"Cestino"},"content":{"rendered":"<form action=\"https:\/\/enerotrade.com\/it\/cestino\/\" method=\"post\">\n<table cellspacing=\"0\">\n<thead>\n<tr>\n<th colspan=\"2\">Nome del prodotto<\/th>\n<th>Prezzo<\/th>\n<th>SKU<\/th>\n<th>Quantit\u00e0<\/th>\n<\/tr>\n<\/thead>\n<tbody>\n<tr>\n<td data-title=\"Product\">\n                                                            <img loading=\"lazy\" decoding=\"async\" width=\"300\" height=\"300\" src=\"https:\/\/enerotrade.com\/it\/wp-content\/uploads\/sites\/6\/2025\/11\/GC9040_1-300x300.jpg\" alt=\"Top E Shop Rega\u0142 Magazynowy Metalowy | Gc9040 40cm Jasny Br\u0105z\/Srebrny\" loading=\"lazy\" srcset=\"https:\/\/enerotrade.com\/it\/wp-content\/uploads\/sites\/6\/2025\/11\/GC9040_1-300x300.jpg 300w, https:\/\/enerotrade.com\/it\/wp-content\/uploads\/sites\/6\/2025\/11\/GC9040_1-1024x1024.jpg 1024w, https:\/\/enerotrade.com\/it\/wp-content\/uploads\/sites\/6\/2025\/11\/GC9040_1-150x150.jpg 150w, https:\/\/enerotrade.com\/it\/wp-content\/uploads\/sites\/6\/2025\/11\/GC9040_1-768x768.jpg 768w, https:\/\/enerotrade.com\/it\/wp-content\/uploads\/sites\/6\/2025\/11\/GC9040_1-600x600.jpg 600w, https:\/\/enerotrade.com\/it\/wp-content\/uploads\/sites\/6\/2025\/11\/GC9040_1-100x100.jpg 100w, https:\/\/enerotrade.com\/it\/wp-content\/uploads\/sites\/6\/2025\/11\/GC9040_1-1x1.jpg 1w, https:\/\/enerotrade.com\/it\/wp-content\/uploads\/sites\/6\/2025\/11\/GC9040_1-10x10.jpg 10w, https:\/\/enerotrade.com\/it\/wp-content\/uploads\/sites\/6\/2025\/11\/GC9040_1.jpg 1086w\" sizes=\"auto, (max-width: 300px) 100vw, 300px\" \/>\n                                                    <\/td>\n<td>\n                                                            Top E Shop Rega\u0142 Magazynowy Metalowy | Gc9040 40cm Jasny Br\u0105z\/Srebrny<br \/>\n                <svg version=\"1.1\" xmlns=\"http:\/\/www.w3.org\/2000\/svg\" width=\".7em\" height=\".7em\" viewBox=\"0 0 24 24\">\n                    <path d=\"M23.52 11.4h-23.040c-0.264 0-0.48 0.216-0.48 0.48v0.24c0 0.264 0.216 0.48 0.48 0.48h23.040c0.264 0 0.48-0.216 0.48-0.48v-0.24c0-0.264-0.216-0.48-0.48-0.48z\"><\/path>\n                <\/svg><br \/>\n        \t<label for=\"quantity_691e6210b1134\">ilo\u015b\u0107 Top E Shop Rega\u0142 Magazynowy Metalowy | Gc9040 40cm Jasny Br\u0105z\/Srebrny<\/label><br \/>\n\t<input\n\t\ttype=\"number\"\n\t\t\t\tid=\"quantity_691e6210b1134\"\n\t\tclass=\"input-text qty text qty-duplicated\"\n\t\tname=\"cart[a3014fc356e77277f42c498ad7f1c158][qty]\"\n\t\tvalue=\"3\"\n\t\taria-label=\"Ilo\u015b\u0107 produktu\"\n\t\t\t\tmin=\"0\"\n\t\t\t\t\t\t\tstep=\"1\"\n\t\t\tplaceholder=\"\"\n\t\t\tinputmode=\"numeric\"\n\t\t\tautocomplete=\"off\"\n\t\t\t\/><br \/>\n            <svg version=\"1.1\" xmlns=\"http:\/\/www.w3.org\/2000\/svg\" width=\".7em\" height=\".7em\" viewBox=\"0 0 24 24\">\n                <path d=\"M23.52 11.4h-10.92v-10.92c0-0.264-0.216-0.48-0.48-0.48h-0.24c-0.264 0-0.48 0.216-0.48 0.48v10.92h-10.92c-0.264 0-0.48 0.216-0.48 0.48v0.24c0 0.264 0.216 0.48 0.48 0.48h10.92v10.92c0 0.264 0.216 0.48 0.48 0.48h0.24c0.264 0 0.48-0.216 0.48-0.48v-10.92h10.92c0.264 0 0.48-0.216 0.48-0.48v-0.24c0-0.264-0.216-0.48-0.48-0.48z\"><\/path>\n                <\/svg><br \/>\n &times;&nbsp;<bdi>&euro;&nbsp;468.02<\/bdi><br \/>\n                                                            <a href=\"https:\/\/enerotrade.com\/it\/cestino\/?remove_item=a3014fc356e77277f42c498ad7f1c158&#038;_wpnonce=59839a9e82\" title=\"Remove Top E Shop Rega\u0142 Magazynowy Metalowy | Gc9040 40cm Jasny Br\u0105z\/Srebrny from cart\">Usu\u0144<\/a>\n                                                <\/td>\n<td data-title=\"Price\">\n                                                    <bdi>&euro;&nbsp;468.02<\/bdi>                                                <\/td>\n<td data-title=\"SKU\">\n                                                    GC9040                                                <\/td>\n<td data-title=\"Ilo\u015b\u0107\">\n                <svg version=\"1.1\" xmlns=\"http:\/\/www.w3.org\/2000\/svg\" width=\".7em\" height=\".7em\" viewBox=\"0 0 24 24\">\n                    <path d=\"M23.52 11.4h-23.040c-0.264 0-0.48 0.216-0.48 0.48v0.24c0 0.264 0.216 0.48 0.48 0.48h23.040c0.264 0 0.48-0.216 0.48-0.48v-0.24c0-0.264-0.216-0.48-0.48-0.48z\"><\/path>\n                <\/svg><br \/>\n        \t<label for=\"quantity_691e6210b141e\">ilo\u015b\u0107 Top E Shop Rega\u0142 Magazynowy Metalowy | Gc9040 40cm Jasny Br\u0105z\/Srebrny<\/label><br \/>\n\t<input\n\t\ttype=\"number\"\n\t\t\t\tid=\"quantity_691e6210b141e\"\n\t\tclass=\"input-text qty text\"\n\t\tname=\"cart[a3014fc356e77277f42c498ad7f1c158][qty]\"\n\t\tvalue=\"3\"\n\t\taria-label=\"Ilo\u015b\u0107 produktu\"\n\t\t\t\tmin=\"0\"\n\t\t\t\t\t\t\tstep=\"1\"\n\t\t\tplaceholder=\"\"\n\t\t\tinputmode=\"numeric\"\n\t\t\tautocomplete=\"off\"\n\t\t\t\/><br \/>\n            <svg version=\"1.1\" xmlns=\"http:\/\/www.w3.org\/2000\/svg\" width=\".7em\" height=\".7em\" viewBox=\"0 0 24 24\">\n                <path d=\"M23.52 11.4h-10.92v-10.92c0-0.264-0.216-0.48-0.48-0.48h-0.24c-0.264 0-0.48 0.216-0.48 0.48v10.92h-10.92c-0.264 0-0.48 0.216-0.48 0.48v0.24c0 0.264 0.216 0.48 0.48 0.48h10.92v10.92c0 0.264 0.216 0.48 0.48 0.48h0.24c0.264 0 0.48-0.216 0.48-0.48v-10.92h10.92c0.264 0 0.48-0.216 0.48-0.48v-0.24c0-0.264-0.216-0.48-0.48-0.48z\"><\/path>\n                <\/svg>\n                                                <\/td>\n<\/tr>\n<tr>\n<td data-title=\"Product\">\n                                                            <a href=\"https:\/\/enerotrade.com\/it\/product\/step-in-style-scarpe-basse-in-pelle-lemar-lehira-20141-black-donna\/?attribute_pa_size=37\"><img loading=\"lazy\" width=\"300\" height=\"300\" src=\"https:\/\/enerotrade.com\/it\/wp-content\/uploads\/sites\/6\/2025\/11\/190177_1-2-300x300.jpg\" alt=\"Step In Style Scarpe Basse in Pelle | Lemar Lehira 20141 Black Donna - 37\" decoding=\"async\" loading=\"lazy\" srcset=\"https:\/\/enerotrade.com\/it\/wp-content\/uploads\/sites\/6\/2025\/11\/190177_1-2-300x300.jpg 300w, https:\/\/enerotrade.com\/it\/wp-content\/uploads\/sites\/6\/2025\/11\/190177_1-2-150x150.jpg 150w, https:\/\/enerotrade.com\/it\/wp-content\/uploads\/sites\/6\/2025\/11\/190177_1-2-100x100.jpg 100w, https:\/\/enerotrade.com\/it\/wp-content\/uploads\/sites\/6\/2025\/11\/190177_1-2-1x1.jpg 1w\" sizes=\"auto, (max-width: 300px) 100vw, 300px\" \/><\/a>\n                                                    <\/td>\n<td>\n                                                            <a href=\"https:\/\/enerotrade.com\/it\/product\/step-in-style-scarpe-basse-in-pelle-lemar-lehira-20141-black-donna\/?attribute_pa_size=37\">Step In Style Scarpe Basse in Pelle | Lemar Lehira 20141 Black Donna &#8211; 37<\/a><br \/>\n                <svg version=\"1.1\" xmlns=\"http:\/\/www.w3.org\/2000\/svg\" width=\".7em\" height=\".7em\" viewBox=\"0 0 24 24\">\n                    <path d=\"M23.52 11.4h-23.040c-0.264 0-0.48 0.216-0.48 0.48v0.24c0 0.264 0.216 0.48 0.48 0.48h23.040c0.264 0 0.48-0.216 0.48-0.48v-0.24c0-0.264-0.216-0.48-0.48-0.48z\"><\/path>\n                <\/svg><br \/>\n        \t<label for=\"quantity_691e6210b1e61\">ilo\u015b\u0107 Step In Style Scarpe Basse in Pelle | Lemar Lehira 20141 Black Donna &#8211; 37<\/label><br \/>\n\t<input\n\t\ttype=\"number\"\n\t\t\t\tid=\"quantity_691e6210b1e61\"\n\t\tclass=\"input-text qty text qty-duplicated\"\n\t\tname=\"cart[46bd290c787bd59366921a88ef38dae6][qty]\"\n\t\tvalue=\"1\"\n\t\taria-label=\"Ilo\u015b\u0107 produktu\"\n\t\t\t\tmin=\"0\"\n\t\t\t\t\t\t\tstep=\"1\"\n\t\t\tplaceholder=\"\"\n\t\t\tinputmode=\"numeric\"\n\t\t\tautocomplete=\"off\"\n\t\t\t\/><br \/>\n            <svg version=\"1.1\" xmlns=\"http:\/\/www.w3.org\/2000\/svg\" width=\".7em\" height=\".7em\" viewBox=\"0 0 24 24\">\n                <path d=\"M23.52 11.4h-10.92v-10.92c0-0.264-0.216-0.48-0.48-0.48h-0.24c-0.264 0-0.48 0.216-0.48 0.48v10.92h-10.92c-0.264 0-0.48 0.216-0.48 0.48v0.24c0 0.264 0.216 0.48 0.48 0.48h10.92v10.92c0 0.264 0.216 0.48 0.48 0.48h0.24c0.264 0 0.48-0.216 0.48-0.48v-10.92h10.92c0.264 0 0.48-0.216 0.48-0.48v-0.24c0-0.264-0.216-0.48-0.48-0.48z\"><\/path>\n                <\/svg><br \/>\n &times;&nbsp;<bdi>&euro;&nbsp;187.00<\/bdi><br \/>\n                                                            <a href=\"https:\/\/enerotrade.com\/it\/cestino\/?remove_item=46bd290c787bd59366921a88ef38dae6&#038;_wpnonce=59839a9e82\" title=\"Remove Step In Style Scarpe Basse in Pelle | Lemar Lehira 20141 Black Donna - 37 from cart\">Usu\u0144<\/a>\n                                                <\/td>\n<td data-title=\"Price\">\n                                                    <bdi>&euro;&nbsp;187.00<\/bdi>                                                <\/td>\n<td data-title=\"SKU\">\n                                                    dc2d405008d1                                                <\/td>\n<td data-title=\"Ilo\u015b\u0107\">\n                <svg version=\"1.1\" xmlns=\"http:\/\/www.w3.org\/2000\/svg\" width=\".7em\" height=\".7em\" viewBox=\"0 0 24 24\">\n                    <path d=\"M23.52 11.4h-23.040c-0.264 0-0.48 0.216-0.48 0.48v0.24c0 0.264 0.216 0.48 0.48 0.48h23.040c0.264 0 0.48-0.216 0.48-0.48v-0.24c0-0.264-0.216-0.48-0.48-0.48z\"><\/path>\n                <\/svg><br \/>\n        \t<label for=\"quantity_691e6210b2207\">ilo\u015b\u0107 Step In Style Scarpe Basse in Pelle | Lemar Lehira 20141 Black Donna &#8211; 37<\/label><br \/>\n\t<input\n\t\ttype=\"number\"\n\t\t\t\tid=\"quantity_691e6210b2207\"\n\t\tclass=\"input-text qty text\"\n\t\tname=\"cart[46bd290c787bd59366921a88ef38dae6][qty]\"\n\t\tvalue=\"1\"\n\t\taria-label=\"Ilo\u015b\u0107 produktu\"\n\t\t\t\tmin=\"0\"\n\t\t\t\t\t\t\tstep=\"1\"\n\t\t\tplaceholder=\"\"\n\t\t\tinputmode=\"numeric\"\n\t\t\tautocomplete=\"off\"\n\t\t\t\/><br \/>\n            <svg version=\"1.1\" xmlns=\"http:\/\/www.w3.org\/2000\/svg\" width=\".7em\" height=\".7em\" viewBox=\"0 0 24 24\">\n                <path d=\"M23.52 11.4h-10.92v-10.92c0-0.264-0.216-0.48-0.48-0.48h-0.24c-0.264 0-0.48 0.216-0.48 0.48v10.92h-10.92c-0.264 0-0.48 0.216-0.48 0.48v0.24c0 0.264 0.216 0.48 0.48 0.48h10.92v10.92c0 0.264 0.216 0.48 0.48 0.48h0.24c0.264 0 0.48-0.216 0.48-0.48v-10.92h10.92c0.264 0 0.48-0.216 0.48-0.48v-0.24c0-0.264-0.216-0.48-0.48-0.48z\"><\/path>\n                <\/svg>\n                                                <\/td>\n<\/tr>\n<tr>\n<td data-title=\"Product\">\n                                                            <a href=\"https:\/\/enerotrade.com\/it\/product\/step-in-style-scarpe-basse-donna-ecopelle-lu-boo-xw37311-black\/?attribute_pa_size=36\"><img loading=\"lazy\" width=\"300\" height=\"300\" src=\"https:\/\/enerotrade.com\/it\/wp-content\/uploads\/sites\/6\/2025\/11\/190185_1-2-300x300.jpg\" alt=\"Step In Style Scarpe Basse Donna Ecopelle | Lu Boo Xw37311 Black - 36\" decoding=\"async\" loading=\"lazy\" srcset=\"https:\/\/enerotrade.com\/it\/wp-content\/uploads\/sites\/6\/2025\/11\/190185_1-2-300x300.jpg 300w, https:\/\/enerotrade.com\/it\/wp-content\/uploads\/sites\/6\/2025\/11\/190185_1-2-150x150.jpg 150w, https:\/\/enerotrade.com\/it\/wp-content\/uploads\/sites\/6\/2025\/11\/190185_1-2-100x100.jpg 100w, https:\/\/enerotrade.com\/it\/wp-content\/uploads\/sites\/6\/2025\/11\/190185_1-2-1x1.jpg 1w\" sizes=\"auto, (max-width: 300px) 100vw, 300px\" \/><\/a>\n                                                    <\/td>\n<td>\n                                                            <a href=\"https:\/\/enerotrade.com\/it\/product\/step-in-style-scarpe-basse-donna-ecopelle-lu-boo-xw37311-black\/?attribute_pa_size=36\">Step In Style Scarpe Basse Donna Ecopelle | Lu Boo Xw37311 Black &#8211; 36<\/a><br \/>\n                <svg version=\"1.1\" xmlns=\"http:\/\/www.w3.org\/2000\/svg\" width=\".7em\" height=\".7em\" viewBox=\"0 0 24 24\">\n                    <path d=\"M23.52 11.4h-23.040c-0.264 0-0.48 0.216-0.48 0.48v0.24c0 0.264 0.216 0.48 0.48 0.48h23.040c0.264 0 0.48-0.216 0.48-0.48v-0.24c0-0.264-0.216-0.48-0.48-0.48z\"><\/path>\n                <\/svg><br \/>\n        \t<label for=\"quantity_691e6210b3348\">ilo\u015b\u0107 Step In Style Scarpe Basse Donna Ecopelle | Lu Boo Xw37311 Black &#8211; 36<\/label><br \/>\n\t<input\n\t\ttype=\"number\"\n\t\t\t\tid=\"quantity_691e6210b3348\"\n\t\tclass=\"input-text qty text qty-duplicated\"\n\t\tname=\"cart[41ce4b7f45d1f4113eeabfba3d85a4b8][qty]\"\n\t\tvalue=\"1\"\n\t\taria-label=\"Ilo\u015b\u0107 produktu\"\n\t\t\t\tmin=\"0\"\n\t\t\t\t\t\t\tstep=\"1\"\n\t\t\tplaceholder=\"\"\n\t\t\tinputmode=\"numeric\"\n\t\t\tautocomplete=\"off\"\n\t\t\t\/><br \/>\n            <svg version=\"1.1\" xmlns=\"http:\/\/www.w3.org\/2000\/svg\" width=\".7em\" height=\".7em\" viewBox=\"0 0 24 24\">\n                <path d=\"M23.52 11.4h-10.92v-10.92c0-0.264-0.216-0.48-0.48-0.48h-0.24c-0.264 0-0.48 0.216-0.48 0.48v10.92h-10.92c-0.264 0-0.48 0.216-0.48 0.48v0.24c0 0.264 0.216 0.48 0.48 0.48h10.92v10.92c0 0.264 0.216 0.48 0.48 0.48h0.24c0.264 0 0.48-0.216 0.48-0.48v-10.92h10.92c0.264 0 0.48-0.216 0.48-0.48v-0.24c0-0.264-0.216-0.48-0.48-0.48z\"><\/path>\n                <\/svg><br \/>\n &times;&nbsp;<bdi>&euro;&nbsp;39.00<\/bdi><br \/>\n                                                            <a href=\"https:\/\/enerotrade.com\/it\/cestino\/?remove_item=41ce4b7f45d1f4113eeabfba3d85a4b8&#038;_wpnonce=59839a9e82\" title=\"Remove Step In Style Scarpe Basse Donna Ecopelle | Lu Boo Xw37311 Black - 36 from cart\">Usu\u0144<\/a>\n                                                <\/td>\n<td data-title=\"Price\">\n                                                    <bdi>&euro;&nbsp;39.00<\/bdi>                                                <\/td>\n<td data-title=\"SKU\">\n                                                    8d368a18beeb                                                <\/td>\n<td data-title=\"Ilo\u015b\u0107\">\n                <svg version=\"1.1\" xmlns=\"http:\/\/www.w3.org\/2000\/svg\" width=\".7em\" height=\".7em\" viewBox=\"0 0 24 24\">\n                    <path d=\"M23.52 11.4h-23.040c-0.264 0-0.48 0.216-0.48 0.48v0.24c0 0.264 0.216 0.48 0.48 0.48h23.040c0.264 0 0.48-0.216 0.48-0.48v-0.24c0-0.264-0.216-0.48-0.48-0.48z\"><\/path>\n                <\/svg><br \/>\n        \t<label for=\"quantity_691e6210b35df\">ilo\u015b\u0107 Step In Style Scarpe Basse Donna Ecopelle | Lu Boo Xw37311 Black &#8211; 36<\/label><br \/>\n\t<input\n\t\ttype=\"number\"\n\t\t\t\tid=\"quantity_691e6210b35df\"\n\t\tclass=\"input-text qty text\"\n\t\tname=\"cart[41ce4b7f45d1f4113eeabfba3d85a4b8][qty]\"\n\t\tvalue=\"1\"\n\t\taria-label=\"Ilo\u015b\u0107 produktu\"\n\t\t\t\tmin=\"0\"\n\t\t\t\t\t\t\tstep=\"1\"\n\t\t\tplaceholder=\"\"\n\t\t\tinputmode=\"numeric\"\n\t\t\tautocomplete=\"off\"\n\t\t\t\/><br \/>\n            <svg version=\"1.1\" xmlns=\"http:\/\/www.w3.org\/2000\/svg\" width=\".7em\" height=\".7em\" viewBox=\"0 0 24 24\">\n                <path d=\"M23.52 11.4h-10.92v-10.92c0-0.264-0.216-0.48-0.48-0.48h-0.24c-0.264 0-0.48 0.216-0.48 0.48v10.92h-10.92c-0.264 0-0.48 0.216-0.48 0.48v0.24c0 0.264 0.216 0.48 0.48 0.48h10.92v10.92c0 0.264 0.216 0.48 0.48 0.48h0.24c0.264 0 0.48-0.216 0.48-0.48v-10.92h10.92c0.264 0 0.48-0.216 0.48-0.48v-0.24c0-0.264-0.216-0.48-0.48-0.48z\"><\/path>\n                <\/svg>\n                                                <\/td>\n<\/tr>\n<\/tbody>\n<\/table>\n<p>                                                        <button type=\"submit\" name=\"update_cart\" value=\"Update cart\"><br \/>\n                                    Update cart<br \/>\n                                                            <\/button><br \/>\n                            <input type=\"hidden\" id=\"_wpnonce\" name=\"_wpnonce\" value=\"59839a9e82\" \/><input type=\"hidden\" name=\"_wp_http_referer\" value=\"\/it\/wp-admin\/admin-ajax.php\" \/><br \/>\n                <\/form>\n<h3>Podsumowanie koszyka<\/h3>\n<table cellspacing=\"0\">\n<tr>\n<th>Kwota<\/th>\n<td data-title=\"Kwota\"><bdi>&euro;&nbsp;1,630.06<\/bdi><\/td>\n<\/tr>\n<tr>\n<th>\n            Wysy\u0142ka        <\/th>\n<td data-title=\"Wysy\u0142ka\">\n<ul id=\"shipping_method\">\n<li>\n                            <input type=\"hidden\" name=\"shipping_method[0]\" data-index=\"0\" id=\"shipping_method_0_free_shipping3\" value=\"free_shipping:3\" \/><label for=\"shipping_method_0_free_shipping3\">Consegna tramite Poste Italiane<\/label>                        <\/li>\n<\/ul>\n<\/td>\n<\/tr>\n<tr>\n<th>\u0141\u0105cznie<\/th>\n<td data-title=\"\u0141\u0105cznie\"><strong><bdi>&euro;&nbsp;1,630.06<\/bdi><\/strong> <\/td>\n<\/tr>\n<\/table>\n<p><a href=\"https:\/\/enerotrade.com\/it\/il-mio-ordine\/\"><br \/>\n\tPrzejd\u017a do zam\u00f3wienia<\/a><\/p>\n","protected":false},"excerpt":{"rendered":"<p>Nome del prodotto Prezzo SKU Quantit\u00e0 Top E Shop Rega\u0142 Magazynowy Metalowy | Gc9040 40cm Jasny Br\u0105z\/Srebrny ilo\u015b\u0107 Top E Shop Rega\u0142 Magazynowy Metalowy |&#8230;<\/p>\n","protected":false},"author":1,"featured_media":0,"parent":0,"menu_order":0,"comment_status":"closed","ping_status":"closed","template":"","meta":{"footnotes":""},"class_list":["post-10","page","type-page","status-publish","hentry"],"_links":{"self":[{"href":"https:\/\/enerotrade.com\/it\/wp-json\/wp\/v2\/pages\/10","targetHints":{"allow":["GET"]}}],"collection":[{"href":"https:\/\/enerotrade.com\/it\/wp-json\/wp\/v2\/pages"}],"about":[{"href":"https:\/\/enerotrade.com\/it\/wp-json\/wp\/v2\/types\/page"}],"author":[{"embeddable":true,"href":"https:\/\/enerotrade.com\/it\/wp-json\/wp\/v2\/users\/1"}],"replies":[{"embeddable":true,"href":"https:\/\/enerotrade.com\/it\/wp-json\/wp\/v2\/comments?post=10"}],"version-history":[{"count":17,"href":"https:\/\/enerotrade.com\/it\/wp-json\/wp\/v2\/pages\/10\/revisions"}],"predecessor-version":[{"id":27584,"href":"https:\/\/enerotrade.com\/it\/wp-json\/wp\/v2\/pages\/10\/revisions\/27584"}],"wp:attachment":[{"href":"https:\/\/enerotrade.com\/it\/wp-json\/wp\/v2\/media?parent=10"}],"curies":[{"name":"wp","href":"https:\/\/api.w.org\/{rel}","templated":true}]}}