{"id":6651,"date":"2018-06-08T09:04:24","date_gmt":"2018-06-08T09:04:24","guid":{"rendered":"https:\/\/xstore.8theme.com\/demos\/2\/marseille02\/?page_id=6651"},"modified":"2026-03-05T15:14:59","modified_gmt":"2026-03-05T15:14:59","slug":"contattateci","status":"publish","type":"page","link":"https:\/\/enerotrade.com\/it\/contattateci\/","title":{"rendered":"Contattateci"},"content":{"rendered":"\t\t<div data-elementor-type=\"wp-page\" data-elementor-id=\"6651\" class=\"elementor elementor-6651\" data-elementor-post-type=\"page\">\n\t\t\t\t\t\t<section class=\"elementor-section elementor-top-section elementor-element elementor-element-3d4f1bd5 elementor-section-stretched elementor-section-content-middle elementor-section-boxed elementor-section-height-default elementor-section-height-default\" data-id=\"3d4f1bd5\" data-element_type=\"section\" data-e-type=\"section\" data-settings=\"{&quot;stretch_section&quot;:&quot;section-stretched&quot;,&quot;background_background&quot;:&quot;classic&quot;}\">\n\t\t\t\t\t\t<div class=\"elementor-container elementor-column-gap-custom\">\n\t\t\t\t\t<div class=\"elementor-column elementor-col-100 elementor-top-column elementor-element elementor-element-305c5b6b\" data-id=\"305c5b6b\" data-element_type=\"column\" data-e-type=\"column\">\n\t\t\t<div class=\"elementor-widget-wrap elementor-element-populated\">\n\t\t\t\t\t\t<div class=\"elementor-element elementor-element-89dba60 elementor-widget elementor-widget-text-editor\" data-id=\"89dba60\" data-element_type=\"widget\" data-e-type=\"widget\" data-widget_type=\"text-editor.default\">\n\t\t\t\t\t\t\t\t\t<div class=\"enero-container\">\n\n<h1>Contattaci<\/h1>\n\n<div class=\"enero-highlight\">\nSiamo disponibili nei giorni lavorativi <strong>8:00\u201316:00<\/strong>.  \nDi solito rispondiamo entro <strong>1\u20132 giorni lavorativi<\/strong>.\n<\/div>\n\n<div class=\"enero-contact-grid cols-2\">\n\n<div>\n\n<div class=\"enero-card\">\n<h3>Servizio clienti<\/h3>\n\n<div class=\"enero-kvs\">\n<div class=\"enero-ico\">\u260e\ufe0f<\/div>\n<div>\n<div><strong>Telefono:<\/strong> <span style=\"color:#555555;background-color:rgba(0,0,0,0);\">+48 731 785 059<\/span><\/div>\n<div>Lun\u2013Ven 8:00\u201316:00<\/div>\n<\/div>\n<\/div>\n\n<div class=\"enero-kvs\">\n<div class=\"enero-ico\">\u2709\ufe0f<\/div>\n<div>\n<div><strong>E-mail:<\/strong> <span style=\"color:#555555;background-color:rgba(0,0,0,0);\">info@enerotrade.com<\/span><\/div>\n<div>Rispondiamo ai messaggi nell\u2019ordine di ricezione<\/div>\n<\/div>\n<\/div>\n\n<\/div>\n\n<div class=\"enero-card\">\n\n<h3>Dati aziendali<\/h3>\n\n<p style=\"font-size:16px;color:#888888;\">\nTRENTIX SP\u00d3\u0141KA Z OGRANICZON\u0104 ODPOWIEDZIALNO\u015aCI\u0104\n<\/p>\n\n<p style=\"font-size:16px;color:#888888;\">\nAleje Jerozolimskie 109\/70  \n02-011 Warszawa\n<\/p>\n\n<p style=\"font-size:16px;color:#888888;\">\nKRS: 0001164664  \nNIP: 7011254127  \nREGON: 541369670\n<\/p>\n\n<div><\/div>\n\nIl <strong>ritiro di persona non \u00e8 disponibile<\/strong> \u2013 la vendita e il servizio clienti sono gestiti esclusivamente online.\n\n<div class=\"enero-btns\">\n<a class=\"enero-btn\" href=\"https:\/\/enerotrade.com\/it\/regole-del-negozio\/\">Termini e condizioni \/ Regole del negozio<\/a>\n<a class=\"enero-btn\" href=\"https:\/\/enerotrade.com\/it\/informativa-sulla-privacy\/\">Informativa sulla privacy<\/a>\n<\/div>\n\n<\/div>\n\n<\/div>\n\n\n<div>\n\n<div class=\"enero-card\">\n\n<strong>Resi e reclami<\/strong>\n\n<div class=\"enero-divider\"><\/div>\n\n<em>Indirizzo del magazzino di spedizione e indirizzo per resi e reclami<\/em> (spedizione):\n\n<p style=\"font-size:16px;color:#888888;\">\nTRENTIX SP\u00d3\u0141KA Z OGRANICZON\u0104 ODPOWIEDZIALNO\u015aCI\u0104\n<\/p>\n\n<p style=\"font-size:16px;color:#888888;\">\n02-457 Warszawa  \nUl. Czere\u015bniowa 23E  \nPolonia\n<\/p>\n\n<div class=\"enero-btns\">\n\n<a class=\"enero-btn\" href=\"https:\/\/enerotrade.com\/it\/resi-cambi-e-reclami\/\">\nProcedura di reso\n<\/a>\n\n<a class=\"enero-btn\" href=\"https:\/\/enerotrade.com\/it\/modulo-di-reclamo\/\">\nModulo di reclamo\n<\/a>\n\n<a class=\"enero-btn\" href=\"https:\/\/enerotrade.com\/it\/modulo-di-restituzione-del-ritiro\/\">\nModulo di reso \/ recesso\n<\/a>\n\n<\/div>\n\n<\/div>\n\n\n<div class=\"enero-card\">\n\n<h3>Orari del servizio clienti<\/h3>\n\n<div>\n<div>Luned\u00ec\u2013Venerd\u00ec<\/div>\n<div><strong>8:00\u201316:00<\/strong><\/div>\n\n<div>Sabato\u2013Domenica<\/div>\n<div>chiuso<\/div>\n<\/div>\n\n<\/div>\n\n<\/div>\n\n<\/div>\n\n\n<div id=\"formularz-kontaktowy\" class=\"enero-card\" style=\"margin-top:16px;\">\n\n<h3>Modulo di contatto<\/h3>\n\nIl modo pi\u00f9 semplice per contattarci \u00e8 tramite il modulo: la risposta verr\u00e0 inviata all\u2019indirizzo e-mail indicato.\n\n<div class=\"enero-divider\"><\/div>\n\n<!-- UWAGA: shortcode wstaw w BLOKU SHORTCODE (nie w HTML) -->\n<div class=\"enero-cf7\">\n\n<div class=\"wpcf7 no-js\" id=\"wpcf7-f6512-o1\" lang=\"en-US\" dir=\"ltr\" data-wpcf7-id=\"6512\">\n<div class=\"screen-reader-response\"><p role=\"status\" aria-live=\"polite\" aria-atomic=\"true\"><\/p> <ul><\/ul><\/div>\n<form action=\"\/it\/wp-json\/wp\/v2\/pages\/6651#wpcf7-f6512-o1\" method=\"post\" class=\"wpcf7-form init\" aria-label=\"Contact form\" novalidate=\"novalidate\" data-status=\"init\">\n<fieldset class=\"hidden-fields-container\"><input type=\"hidden\" name=\"_wpcf7\" value=\"6512\" \/><input type=\"hidden\" name=\"_wpcf7_version\" value=\"6.1.5\" \/><input type=\"hidden\" name=\"_wpcf7_locale\" value=\"en_US\" \/><input type=\"hidden\" name=\"_wpcf7_unit_tag\" value=\"wpcf7-f6512-o1\" \/><input type=\"hidden\" name=\"_wpcf7_container_post\" value=\"0\" \/><input type=\"hidden\" name=\"_wpcf7_posted_data_hash\" value=\"\" \/>\n<\/fieldset>\n<p><label> Nome<br \/>\n<span class=\"wpcf7-form-control-wrap\" data-name=\"your-name\"><input size=\"40\" maxlength=\"400\" class=\"wpcf7-form-control wpcf7-text wpcf7-validates-as-required\" aria-required=\"true\" aria-invalid=\"false\" value=\"\" type=\"text\" name=\"your-name\" \/><\/span><br \/>\n<\/label>\n<\/p>\n<p><label> Indirizzo e-mail<br \/>\n<span class=\"wpcf7-form-control-wrap\" data-name=\"your-email\"><input size=\"40\" maxlength=\"400\" class=\"wpcf7-form-control wpcf7-email wpcf7-validates-as-required wpcf7-text wpcf7-validates-as-email\" aria-required=\"true\" aria-invalid=\"false\" value=\"\" type=\"email\" name=\"your-email\" \/><\/span><br \/>\n<\/label>\n<\/p>\n<p><label> Oggetto<br \/>\n<span class=\"wpcf7-form-control-wrap\" data-name=\"your-subject\"><input size=\"40\" maxlength=\"400\" class=\"wpcf7-form-control wpcf7-text\" aria-invalid=\"false\" value=\"\" type=\"text\" name=\"your-subject\" \/><\/span><br \/>\n<\/label>\n<\/p>\n<p><label> Messaggio<br \/>\n<span class=\"wpcf7-form-control-wrap\" data-name=\"your-message\"><textarea cols=\"40\" rows=\"10\" maxlength=\"2000\" class=\"wpcf7-form-control wpcf7-textarea\" aria-invalid=\"false\" name=\"your-message\"><\/textarea><\/span><br \/>\n<\/label>\n<\/p>\n<p><span class=\"wpcf7-form-control-wrap\" data-name=\"acceptance-561\"><span class=\"wpcf7-form-control wpcf7-acceptance\"><span class=\"wpcf7-list-item\"><label><input type=\"checkbox\" name=\"acceptance-561\" value=\"1\" aria-invalid=\"false\" \/><span class=\"wpcf7-list-item-label\">Ho letto e accetto la \n<a href=\"\/it\/informativa-sulla-privacy\/\" target=\"_blank\"><strong>Informativa sulla privacy<\/strong><\/a> \ne acconsento al trattamento dei miei dati personali per gestire la mia richiesta.<\/span><\/label><\/span><\/span><\/span>\n<\/p>\n<p><input class=\"wpcf7-form-control wpcf7-submit has-spinner\" type=\"submit\" value=\"Invia\" \/>\n<\/p><div class=\"wpcf7-response-output\" aria-hidden=\"true\"><\/div>\n<\/form>\n<\/div>\n\n<\/div>\n\n<\/div>\n\n\n<div style=\"margin-top:16px;\">\n\n<strong>GDPR:<\/strong> il titolare del trattamento dei dati \u00e8 TRENTIX SP\u00d3\u0141KA Z OGRANICZON\u0104 ODPOWIEDZIALNO\u015aCI\u0104.  \nI dettagli sul trattamento dei dati sono disponibili nella  \n<a href=\"https:\/\/enerotrade.com\/it\/informativa-sulla-privacy\/\">Informativa sulla privacy<\/a> e nella  \n<a href=\"https:\/\/enerotrade.com\/it\/clausola-informativa-gdpr\/\">Clausola informativa GDPR<\/a>.\n\n<\/div>\n\n<\/div>\t\t\t\t\t\t\t\t<\/div>\n\t\t\t\t\t<\/div>\n\t\t<\/div>\n\t\t\t\t\t<\/div>\n\t\t<\/section>\n\t\t\t\t<\/div>\n\t\t","protected":false},"excerpt":{"rendered":"<p>Contattaci Siamo disponibili nei giorni lavorativi 8:00\u201316:00. Di solito rispondiamo entro 1\u20132 giorni lavorativi. Servizio clienti \u260e\ufe0f Telefono: +48 731 785 059 Lun\u2013Ven 8:00\u201316:00 \u2709\ufe0f&#8230;<\/p>\n","protected":false},"author":1,"featured_media":0,"parent":0,"menu_order":0,"comment_status":"closed","ping_status":"closed","template":"","meta":{"footnotes":""},"class_list":["post-6651","page","type-page","status-publish","hentry"],"_links":{"self":[{"href":"https:\/\/enerotrade.com\/it\/wp-json\/wp\/v2\/pages\/6651","targetHints":{"allow":["GET"]}}],"collection":[{"href":"https:\/\/enerotrade.com\/it\/wp-json\/wp\/v2\/pages"}],"about":[{"href":"https:\/\/enerotrade.com\/it\/wp-json\/wp\/v2\/types\/page"}],"author":[{"embeddable":true,"href":"https:\/\/enerotrade.com\/it\/wp-json\/wp\/v2\/users\/1"}],"replies":[{"embeddable":true,"href":"https:\/\/enerotrade.com\/it\/wp-json\/wp\/v2\/comments?post=6651"}],"version-history":[{"count":74,"href":"https:\/\/enerotrade.com\/it\/wp-json\/wp\/v2\/pages\/6651\/revisions"}],"predecessor-version":[{"id":29218,"href":"https:\/\/enerotrade.com\/it\/wp-json\/wp\/v2\/pages\/6651\/revisions\/29218"}],"wp:attachment":[{"href":"https:\/\/enerotrade.com\/it\/wp-json\/wp\/v2\/media?parent=6651"}],"curies":[{"name":"wp","href":"https:\/\/api.w.org\/{rel}","templated":true}]}}