{"id":29544,"date":"2026-03-08T08:23:35","date_gmt":"2026-03-08T08:23:35","guid":{"rendered":"https:\/\/enerotrade.com\/it\/?post_type=product&#038;p=29544"},"modified":"2026-03-11T07:59:20","modified_gmt":"2026-03-11T07:59:20","slug":"zaino-in-pelle-vintage-fjord-backpack-nero-unisex-bck-001","status":"publish","type":"product","link":"https:\/\/enerotrade.com\/it\/product\/zaino-in-pelle-vintage-fjord-backpack-nero-unisex-bck-001\/","title":{"rendered":"Zaino in pelle vintage Fjord Backpack Nero Unisex BCK-001"},"content":{"rendered":"<div style=\"padding: 0; font-family: 'Segoe UI',-apple-system,sans-serif;\">\n<p><!-- INTRO --><\/p>\n<div style=\"margin-bottom: 32px; padding-bottom: 32px; border-bottom: 1px solid #ebebeb;\">\n<p style=\"font-size: 14.5px; line-height: 1.85; color: #3a3a3a; margin: 0;\">Zaino dalle dimensioni 39x30x13 cm che combina funzionalit\u00e0 con estetica classica vintage. Realizzato in pelle naturale con dettagli in poliestere offre durata e aspetto elegante. Il sistema di chiusura comprende sia cerniera che cinghia con fibbia.<\/p>\n<\/div>\n<p><!-- SPECYFIKACJA --><\/p>\n<div style=\"margin-bottom: 32px; padding-bottom: 32px; border-bottom: 1px solid #ebebeb;\">\n<div style=\"font-size: 10px; font-weight: bold; letter-spacing: 3px; text-transform: uppercase; color: #bbb; margin-bottom: 14px;\">Specifiche<\/div>\n<table style=\"width: 100%; border-collapse: collapse;\">\n<tbody>\n<tr>\n<td style=\"padding: 11px 0; border-bottom: 1px solid #ebebeb; font-size: 13px; color: #aaa; font-weight: 500;\">Colore<\/td>\n<td style=\"padding: 11px 0; border-bottom: 1px solid #ebebeb; font-size: 13px; color: #1a1a1a; font-weight: 500;\">Nero<\/td>\n<\/tr>\n<tr>\n<td style=\"padding: 11px 0; border-bottom: 1px solid #ebebeb; font-size: 13px; color: #aaa; font-weight: 500;\">Materiale<\/td>\n<td style=\"padding: 11px 0; border-bottom: 1px solid #ebebeb; font-size: 13px; color: #1a1a1a; font-weight: 500;\">Pelle, poliestere (dettagli)<\/td>\n<\/tr>\n<tr>\n<td style=\"padding: 11px 0; border-bottom: 1px solid #ebebeb; font-size: 13px; color: #aaa; font-weight: 500;\">Genere<\/td>\n<td style=\"padding: 11px 0; border-bottom: 1px solid #ebebeb; font-size: 13px; color: #1a1a1a; font-weight: 500;\">Unisex<\/td>\n<\/tr>\n<tr>\n<td style=\"padding: 11px 0; border-bottom: 1px solid #ebebeb; font-size: 13px; color: #aaa; font-weight: 500;\">SKU<\/td>\n<td style=\"padding: 11px 0; border-bottom: 1px solid #ebebeb; font-size: 13px; color: #1a1a1a; font-weight: 500;\">BCK-001<\/td>\n<\/tr>\n<\/tbody>\n<\/table>\n<\/div>\n<p><!-- SEKCJA --><\/p>\n<div style=\"align-items: baseline; gap: 16px;\">\n<div style=\"width: 20px; height: 1px; background: #1a1a1a; flex-shrink: 0; margin-top: 10px;\"><\/div>\n<div>\n<div style=\"font-size: 10px; font-weight: bold; letter-spacing: 2.5px; text-transform: uppercase; color: #1a1a1a; margin-bottom: 8px;\">Utilizzo<\/div>\n<p style=\"font-size: 13.5px; line-height: 1.8; color: #666; margin: 0;\">Si adatta come accessorio per look casual urbani e outfit in stile vintage o retr\u00f2. La capacit\u00e0 e l&#8217;organizzazione dello spazio lo rendono una soluzione pratica per lavoro, studi o attivit\u00e0 quotidiane. Il carattere unisex permette di essere indossato da persone di qualsiasi genere.<\/p>\n<\/div>\n<\/div>\n<\/div>\n","protected":false},"excerpt":{"rendered":"<p>Zaino in stile classico vintage realizzato in pelle naturale. Dotato di numerose tasche e scomparti e sistema di chiusura doppio con cerniera e cinghia. Le bretelle regolabili garantiscono comfort durante il trasporto.<\/p>\n","protected":false},"featured_media":29535,"template":"","meta":[],"etheme_brands":[],"product_brand":[],"product_cat":[148,244],"product_tag":[268,312,263,296,266,313,264,262],"class_list":{"0":"post-29544","1":"product","2":"type-product","3":"status-publish","4":"has-post-thumbnail","6":"product_cat-tutte","7":"product_cat-zaini","8":"product_tag-classico","9":"product_tag-nero","10":"product_tag-pelle","11":"product_tag-retro","12":"product_tag-unisex","13":"product_tag-urbano","14":"product_tag-vintage","15":"product_tag-zaino","17":"first","18":"instock","19":"taxable","20":"shipping-taxable","21":"purchasable","22":"product-type-simple"},"_links":{"self":[{"href":"https:\/\/enerotrade.com\/it\/wp-json\/wp\/v2\/product\/29544","targetHints":{"allow":["GET"]}}],"collection":[{"href":"https:\/\/enerotrade.com\/it\/wp-json\/wp\/v2\/product"}],"about":[{"href":"https:\/\/enerotrade.com\/it\/wp-json\/wp\/v2\/types\/product"}],"version-history":[{"count":2,"href":"https:\/\/enerotrade.com\/it\/wp-json\/wp\/v2\/product\/29544\/revisions"}],"predecessor-version":[{"id":30447,"href":"https:\/\/enerotrade.com\/it\/wp-json\/wp\/v2\/product\/29544\/revisions\/30447"}],"wp:featuredmedia":[{"embeddable":true,"href":"https:\/\/enerotrade.com\/it\/wp-json\/wp\/v2\/media\/29535"}],"wp:attachment":[{"href":"https:\/\/enerotrade.com\/it\/wp-json\/wp\/v2\/media?parent=29544"}],"wp:term":[{"taxonomy":"brand","embeddable":true,"href":"https:\/\/enerotrade.com\/it\/wp-json\/wp\/v2\/etheme_brands?post=29544"},{"taxonomy":"product_brand","embeddable":true,"href":"https:\/\/enerotrade.com\/it\/wp-json\/wp\/v2\/product_brand?post=29544"},{"taxonomy":"product_cat","embeddable":true,"href":"https:\/\/enerotrade.com\/it\/wp-json\/wp\/v2\/product_cat?post=29544"},{"taxonomy":"product_tag","embeddable":true,"href":"https:\/\/enerotrade.com\/it\/wp-json\/wp\/v2\/product_tag?post=29544"}],"curies":[{"name":"wp","href":"https:\/\/api.w.org\/{rel}","templated":true}]}}