{"id":29682,"date":"2026-03-09T04:46:27","date_gmt":"2026-03-09T04:46:27","guid":{"rendered":"https:\/\/enerotrade.com\/it\/?post_type=product&#038;p=29682"},"modified":"2026-03-21T13:03:52","modified_gmt":"2026-03-21T13:03:52","slug":"nike-air-vapormax-plus-metallic-gold-black-gold-scarpe-nere-oro-cw7299-001","status":"publish","type":"product","link":"https:\/\/enerotrade.com\/it\/product\/nike-air-vapormax-plus-metallic-gold-black-gold-scarpe-nere-oro-cw7299-001\/","title":{"rendered":"Nike Air VaporMax Plus Metallic Gold Black Gold Scarpe Nere Oro CW7299-001"},"content":{"rendered":"<div style=\"padding:0;font-family:'Segoe UI',-apple-system,sans-serif\">\n<p>  <!-- INTRO --><\/p>\n<div style=\"margin-bottom:32px;padding-bottom:32px;border-bottom:1px solid #ebebeb\">\n<p style=\"font-size:14.5px;line-height:1.85;color:#3a3a3a;margin:0\">Nike Air VaporMax Plus Metallic Gold sono scarpe sportive dall&#8217;elegante colorazione nero-oro. Il modello combina la moderna suola VaporMax con il classico design Plus, creando calzature funzionali per le attivit\u00e0 quotidiane. I materiali tessili e gli elementi in materiale plastico garantiscono durabilit\u00e0 e comodit\u00e0 di utilizzo.<\/p>\n<\/p><\/div>\n<p>  <!-- SPECYFIKACJA --><\/p>\n<div style=\"margin-bottom:32px;padding-bottom:32px;border-bottom:1px solid #ebebeb\">\n<div style=\"font-size:10px;font-weight:700;letter-spacing:3px;text-transform:uppercase;color:#bbb;margin-bottom:14px\">Specifiche<\/div>\n<table style=\"width:100%;border-collapse:collapse\">\n<tr>\n<td style=\"padding:11px 0;border-top:1px solid #ebebeb;border-bottom:1px solid #ebebeb;font-size:13px;color:#aaa;font-weight:500\">Marca<\/td>\n<td style=\"padding:11px 0;border-top:1px solid #ebebeb;border-bottom:1px solid #ebebeb;font-size:13px;color:#1a1a1a;font-weight:500\">NIKE<\/td>\n<\/tr>\n<tr>\n<td style=\"padding:11px 0;border-bottom:1px solid #ebebeb;font-size:13px;color:#aaa;font-weight:500\">Colore<\/td>\n<td style=\"padding:11px 0;border-bottom:1px solid #ebebeb;font-size:13px;color:#1a1a1a;font-weight:500\">Nero, oro<\/td>\n<\/tr>\n<tr>\n<td style=\"padding:11px 0;border-bottom:1px solid #ebebeb;font-size:13px;color:#aaa;font-weight:500\">Materiale<\/td>\n<td style=\"padding:11px 0;border-bottom:1px solid #ebebeb;font-size:13px;color:#1a1a1a;font-weight:500\">Materiale tessile, materiale plastico<\/td>\n<\/tr>\n<tr>\n<td style=\"padding:11px 0;border-bottom:1px solid #ebebeb;font-size:13px;color:#aaa;font-weight:500\">Taglie disponibili<\/td>\n<td style=\"padding:11px 0;border-bottom:1px solid #ebebeb;font-size:13px;color:#1a1a1a;font-weight:500\">36, 37, 38, 39, 40, 41, 42, 43, 44, 45<\/td>\n<\/tr>\n<tr>\n<td style=\"padding:11px 0;border-bottom:1px solid #ebebeb;font-size:13px;color:#aaa;font-weight:500\">Genere<\/td>\n<td style=\"padding:11px 0;border-bottom:1px solid #ebebeb;font-size:13px;color:#1a1a1a;font-weight:500\">Unisex<\/td>\n<\/tr>\n<tr>\n<td style=\"padding:11px 0;border-bottom:1px solid #ebebeb;font-size:13px;color:#aaa;font-weight:500\">SKU<\/td>\n<td style=\"padding:11px 0;border-bottom:1px solid #ebebeb;font-size:13px;color:#1a1a1a;font-weight:500\">CW7299-001<\/td>\n<\/tr>\n<\/table><\/div>\n<p>  <!-- SEKCJA --><\/p>\n<div style=\"align-items:baseline;gap:16px\">\n<div style=\"width:20px;height:1px;background:#1a1a1a;flex-shrink:0;margin-top:10px\"><\/div>\n<div>\n<div style=\"font-size:10px;font-weight:700;letter-spacing:2.5px;text-transform:uppercase;color:#1a1a1a;margin-bottom:8px\">Come indossarle<\/div>\n<p style=\"font-size:13.5px;line-height:1.8;color:#666;margin:0\">Le scarpe si adattano perfettamente a look casual con jeans e t-shirt cos\u00ec come a set sportivi con tute. Gli accenti dorati aggiungono carattere agli outfit semplici nei colori nero, bianco o grigio. Si abbinano perfettamente ai look urbani per tutti i giorni.<\/p>\n<\/p><\/div>\n<\/p><\/div>\n<\/div>\n","protected":false},"excerpt":{"rendered":"<p>Le scarpe sportive Nike Air VaporMax Plus nella colorazione nero-oro combinano la caratteristica suola Air Max con un design classico. Realizzate in materiali tessili con elementi in materiale plastico garantiscono comfort durante l&#8217;uso quotidiano.<\/p>\n","protected":false},"featured_media":29673,"template":"","meta":[],"etheme_brands":[{"term_id":117,"name":"NIKE","slug":"nike","term_group":0,"term_taxonomy_id":117,"taxonomy":"brand","description":"","parent":0,"count":19,"filter":"raw"}],"product_brand":[],"product_cat":[219,226,148],"product_tag":[326,281,286,328,327,322,329,149,266],"class_list":{"0":"post-29682","1":"product","2":"type-product","3":"status-publish","4":"has-post-thumbnail","6":"brand-nike","7":"product_cat-calzature","8":"product_cat-scarpe-sportive","9":"product_cat-tutte","10":"product_tag-air-vapormax","11":"product_tag-nere","12":"product_tag-nike","13":"product_tag-oro","14":"product_tag-plus","15":"product_tag-sportive","16":"product_tag-tessili","17":"product_tag-top","18":"product_tag-unisex","20":"first","21":"instock","22":"sale","23":"taxable","24":"shipping-taxable","25":"purchasable","26":"product-type-variable","27":"has-default-attributes"},"_links":{"self":[{"href":"https:\/\/enerotrade.com\/it\/wp-json\/wp\/v2\/product\/29682","targetHints":{"allow":["GET"]}}],"collection":[{"href":"https:\/\/enerotrade.com\/it\/wp-json\/wp\/v2\/product"}],"about":[{"href":"https:\/\/enerotrade.com\/it\/wp-json\/wp\/v2\/types\/product"}],"version-history":[{"count":1,"href":"https:\/\/enerotrade.com\/it\/wp-json\/wp\/v2\/product\/29682\/revisions"}],"predecessor-version":[{"id":30106,"href":"https:\/\/enerotrade.com\/it\/wp-json\/wp\/v2\/product\/29682\/revisions\/30106"}],"wp:featuredmedia":[{"embeddable":true,"href":"https:\/\/enerotrade.com\/it\/wp-json\/wp\/v2\/media\/29673"}],"wp:attachment":[{"href":"https:\/\/enerotrade.com\/it\/wp-json\/wp\/v2\/media?parent=29682"}],"wp:term":[{"taxonomy":"brand","embeddable":true,"href":"https:\/\/enerotrade.com\/it\/wp-json\/wp\/v2\/etheme_brands?post=29682"},{"taxonomy":"product_brand","embeddable":true,"href":"https:\/\/enerotrade.com\/it\/wp-json\/wp\/v2\/product_brand?post=29682"},{"taxonomy":"product_cat","embeddable":true,"href":"https:\/\/enerotrade.com\/it\/wp-json\/wp\/v2\/product_cat?post=29682"},{"taxonomy":"product_tag","embeddable":true,"href":"https:\/\/enerotrade.com\/it\/wp-json\/wp\/v2\/product_tag?post=29682"}],"curies":[{"name":"wp","href":"https:\/\/api.w.org\/{rel}","templated":true}]}}