{"id":8822,"date":"2025-08-27T06:41:42","date_gmt":"2025-08-27T06:41:42","guid":{"rendered":"https:\/\/grelse.com\/?page_id=8822"},"modified":"2026-03-05T18:13:27","modified_gmt":"2026-03-05T18:13:27","slug":"winkelvoorwaarden","status":"publish","type":"page","link":"https:\/\/enerotrade.com\/nl\/winkelvoorwaarden\/","title":{"rendered":"Winkelvoorwaarden"},"content":{"rendered":"\t\t<div data-elementor-type=\"wp-page\" data-elementor-id=\"8822\" class=\"elementor elementor-8822\" data-elementor-post-type=\"page\">\n\t\t\t\t<div class=\"elementor-element elementor-element-30edcd1c e-flex e-con-boxed e-con e-parent\" data-id=\"30edcd1c\" data-element_type=\"container\" data-e-type=\"container\">\n\t\t\t\t\t<div class=\"e-con-inner\">\n\t\t\t\t<div class=\"elementor-element elementor-element-12185bcb elementor-widget elementor-widget-text-editor\" data-id=\"12185bcb\" data-element_type=\"widget\" data-e-type=\"widget\" data-widget_type=\"text-editor.default\">\n\t\t\t\t\t\t\t\t\t<div class=\"enero-container\">\n<h1>Algemene voorwaarden enerotrade.com<\/h1>\n<strong>Geldig vanaf: 16.10.2025<\/strong>\n\n<div class=\"enero-card\">\n<h2>\u00a71 Verkoper en contactgegevens<\/h2>\n\n<strong>Verkoper\/Websitebeheerder:<\/strong> TRENTIX SP\u00d3\u0141KA Z OGRANICZON\u0104 ODPOWIEDZIALNO\u015aCI\u0104, gevestigd te Aleje Jerozolimskie 109\/70, 02-011 Warschau, Polen, ingeschreven in het nationale gerechtelijk register onder nummer KRS: 0001164664, NIP: 7011254127, REGON: 541369670.\n\n<strong>Contact:<\/strong> E-mail: <a href=\"mailto:info@enerotrade.com\">info@enerotrade.com<\/a>, telefoon: <a href=\"tel:+48731785059\">+48 731 785 059<\/a> (klantenservice doorgaans <strong>maandag t\/m vrijdag van 08:00 tot 16:00 uur<\/strong>). De webshop accepteert bestellingen 24 uur per dag, 7 dagen per week, terwijl bestellingen tijdens kantooruren worden verwerkt. Verzending vindt plaats vanuit Polen.\n\n<strong>Correspondentieadres:<\/strong> TRENTIX SP. Z O.O., Aleje Jerozolimskie 109\/70, 02-011 Warszawa, Polen.\n\n<strong>Belangrijke opmerking over retourzendingen\/klachten:<\/strong> Retourzendingen (inclusief herroeping\/retouren) en klachten worden uitsluitend geaccepteerd na voorafgaand contact met de klantenservice \u2013 wij delen u dan het juiste retouradres en de procedure mee. Zendingen naar andere adressen worden beschouwd als niet correct ingediend en kunnen worden uitgesloten van het terugbetalings-\/verwerkingsproces.\n\nDe verkoper verkoopt op <strong>het grondgebied van Nederland<\/strong>. Verzending vindt <strong>plaats vanuit Polen<\/strong>.\n\n<\/div>\n\n<div class=\"enero-card\">\n<h2>\u00a72 Definities (uitgebreid)<\/h2>\n<ul>\n \t<li style=\"list-style-type: none;\">\n<ul>\n \t<li><strong>Consument<\/strong> \u2013 een natuurlijke persoon die met de verkoper een rechtshandeling verricht die niet direct verband houdt met zijn\/haar economische of beroepsmatige activiteit.<\/li>\n \t<li><strong>Ondernemer met consumentenrechten<\/strong> \u2013 een natuurlijke persoon die als eenmanszaak een onderneming voert en een overeenkomst sluit die direct verband houdt met zijn\/haar bedrijfsactiviteit, maar <em>niet van beroepsmatige aard<\/em> is; op deze persoon zijn bepaalde consumentenbepalingen van toepassing.<\/li>\n \t<li><strong>Klant<\/strong> \u2013 iedere persoon die een bestelling plaatst of gebruik maakt van de elektronische diensten van de webshop.<\/li>\n \t<li><strong>Webshop\/Dienst<\/strong> \u2013 de online dienst <a href=\"https:\/\/enerotrade.com\">enerotrade.com<\/a> waarmee de klant informatie over het aanbod kan verkrijgen, bestellingen kan plaatsen en gebruik kan maken van elektronische diensten (account, winkelwagen, beoordelingen).<\/li>\n \t<li><strong>Product<\/strong> \u2013 schoenen die in de webshop worden aangeboden. Beschrijvingen, foto\u2019s en parameters zijn informatief en kunnen tijdens de voorbereiding van de bestelling worden gecontroleerd.<\/li>\n \t<li><strong>Bestelling<\/strong> \u2013 de wilsverklaring van de klant die leidt tot het sluiten van een overeenkomst op afstand onder de voorwaarden die in deze algemene voorwaarden zijn vermeld.<\/li>\n \t<li><strong>Prijs<\/strong> \u2013 de waarde in euro (EUR), inclusief wettelijke btw. Alle prijzen in de webshop zijn brutoprijzen. Verzendkosten worden afzonderlijk vermeld.<\/li>\n<\/ul>\n<\/li>\n<\/ul>\n<ul>\n \t<li><strong>Betaling<\/strong> \u2013 niet-contante betaling via betalingsdienstverleners:\n<ul>\n \t<li><strong>Elavon (Converge)<\/strong> \u2013 kaartbetalingen (debet-\/creditcard, bijv. Visa, Mastercard).<\/li>\n<\/ul>\nContante betaling, betaling bij levering, traditionele bankoverschrijving en gespreide\/uitgestelde betalingen zijn niet beschikbaar.<\/li>\n \t<li><strong>Levering<\/strong> \u2013 het transport van de artikelen naar de klant gebeurt doorgaans door <strong>DHL<\/strong> naar het in de bestelling opgegeven adres; details volgens \u00a710.<\/li>\n \t<li><strong>Klacht<\/strong> \u2013 melding van een gebrek\/niet-conformiteit of het uitoefenen van wettelijke rechten; procedure en voorwaarden volgens \u00a713.<\/li>\n \t<li><strong>Herroepingsrecht<\/strong> \u2013 het recht van de consument en de ondernemer met consumentenrechten om binnen 14 dagen zonder opgave van redenen van de overeenkomst af te zien \u2013 volgens \u00a711.<\/li>\n \t<li><strong>Fabrieksgarantie<\/strong> \u2013 vrijwillige garantie van de garantieverstrekker (fabrikant\/verkoper); indien van toepassing volgens de productinformatie.<\/li>\n \t<li><strong>Elektronische diensten<\/strong> \u2013 functionaliteiten van de webshop, waaronder \u201cMijn account\u201d, winkelwagen, nieuwsbrief, contact-\/feedbackformulieren \u2013 volgens \u00a76 en \u00a718.<\/li>\n \t<li><strong>Gerelateerde documenten<\/strong> \u2013 <a href=\"https:\/\/enerotrade.com\/nl\/privacybeleid\/\">Privacybeleid<\/a>, <a href=\"https:\/\/enerotrade.com\/nl\/cookiebeleid\/\">Cookiebeleid<\/a>, <a href=\"https:\/\/enerotrade.com\/nl\/gdpr-informatieclausule\/\">GDPR-informatieclausule<\/a>, <a href=\"https:\/\/enerotrade.com\/nl\/retouren-ruilingen-en-klachten\/\">Retouren, ruilingen &amp; klachten<\/a>, <a href=\"https:\/\/enerotrade.com\/nl\/verzending-en-levering\/\">Verzending en levering<\/a>, <a href=\"https:\/\/enerotrade.com\/nl\/betalingen\/\">Betalingen<\/a>.<\/li>\n<\/ul>\n<\/div>\n\n<div class=\"enero-card\">\n<h2>\u00a73 Reikwijdte van de activiteiten en betrouwbaarheid van informatie<\/h2>\nDe webshop is gespecialiseerd in de verkoop van alledaagse schoenen. In het aanbod kunnen ook afzonderlijke producten uit verwante categorie\u00ebn verschijnen, mits deze duidelijk in de productbeschrijvingen zijn aangegeven.\n\nProductfoto\u2019s dienen ter illustratie \u2013 het werkelijke uiterlijk, de kleurtoon en details kunnen licht afwijken afhankelijk van scherminstellingen en productiebatches. Bindend zijn de parameters en de inhoud van de levering zoals vermeld op de productpagina en in de orderbevestiging.\n\nWij streven ernaar de informatie die in de webshop wordt gepubliceerd actueel, betrouwbaar en correct te houden; deze kan echter worden geverifieerd tijdens de voorbereiding van de bestelling.\n\n<\/div>\n\n<div class=\"enero-card\">\n<h2>\u00a74 Prijstransparantie, Omnibus en presentatie van promoties<\/h2>\nDe prijzen worden weergegeven in <strong>EUR (euro)<\/strong> en bevatten \u2013 tenzij anders vermeld \u2013 de wettelijke btw. De verzendkosten worden afzonderlijk vermeld. De verzendkosten en het totale te betalen bedrag worden in de winkelwagen en tijdens het bestelproces <em>apart<\/em> weergegeven. Wanneer wij kortingen aanbieden, streven wij ernaar om overeenkomstig de wettelijke bepalingen ook de <em>laagste prijs van de laatste 30 dagen<\/em> v\u00f3\u00f3r de start van de actie te vermelden (indien van toepassing). Marketingberichten dienen uitsluitend ter informatie; bindend is de inhoud van de productpagina, deze algemene voorwaarden en de orderbevestiging.\n\n<\/div>\n\n<div class=\"enero-card\">\n<h2>\u00a75 Totstandkoming van de overeenkomst \u2013 bestelstappen<\/h2>\n<ol>\n \t<li>Het product toevoegen aan de winkelwagen en doorgaan naar de kassa (mogelijkheid om te bestellen zonder account of na inloggen).<\/li>\n \t<li>Selectie van de leveringsmethode (DHL \u2013 zie \u00a710 voor details) en de betaalmethode (kaartbetaling \u2013 zie \u00a79).<\/li>\n \t<li>Uw gegevens invoeren (adres, e-mail, telefoon) en de <a href=\"https:\/\/enerotrade.com\/nl\/winkelvoorwaarden\/\">winkelvoorwaarden<\/a> accepteren, evenals kennisnemen van het <a href=\"https:\/\/enerotrade.com\/nl\/privacybeleid\/\">privacybeleid<\/a> en het <a href=\"https:\/\/enerotrade.com\/nl\/cookiebeleid\/\">cookiebeleid<\/a>.<\/li>\n \t<li>Autorisatie van de betaling (SCA\/3-D Secure \u2013 afhankelijk van bank\/aanbieder; details \u00a79). Na autorisatie ontvangt u een bevestigingsmail.<\/li>\n \t<li>Verwerking en verzending \u2013 doorgaans volgens de termijnen in \u00a710. Wij informeren u per e-mail over statuswijzigingen.<\/li>\n<\/ol>\nDe overeenkomst komt tot stand wanneer de verkoper de aanvaarding van de bestelling bevestigt (e-mail). Als de betaling niet wordt bevestigd, kan de bestelling worden geweigerd of automatisch worden geannuleerd.\n\n<\/div>\n\n<div class=\"enero-card\">\n<h2>\u00a76 Elektronische diensten en \u201cMijn account\u201d<\/h2>\nDe webshop biedt elektronische diensten aan: bestelformulier, registratie\/toegang tot <a href=\"https:\/\/enerotrade.com\/nl\/mijn-account\/\">\u201cMijn account\u201d<\/a>, het toevoegen van beoordelingen\/reacties en nieuwsbrieven. Het account stelt de gebruiker in staat de bestelgeschiedenis en adresgegevens in te zien. De gebruiker kan het account op elk moment verwijderen (bericht aan de dienst of functie in het paneel), zonder dat dit de rechtmatigheid van eerdere gegevensverwerking aantast \u2013 details in het <a href=\"https:\/\/enerotrade.com\/nl\/privacybeleid\/\">privacybeleid<\/a>.\n\n<strong>Feedback:<\/strong> Geregistreerde klanten kunnen \u2013 <em>doorgaans<\/em> na verificatie van aankopen \u2013 beoordelingen publiceren. Illegale inhoud die in strijd is met persoonlijke rechten, auteursrechten of de goede zeden is niet toegestaan. De verkoper kan publicatie\/verwijdering weigeren van inhoud die niet in overeenstemming is met deze algemene voorwaarden of de wet.\n\n<\/div>\n\n<div class=\"enero-card\">\n<h2>\u00a77 Openingstijden, contact en antwoorden<\/h2>\nDe klantenservice is doorgaans geopend op werkdagen van maandag t\/m vrijdag van 08:00 tot 16:00 uur. Vragen worden op volgorde behandeld en doorgaans binnen 1\u20132 werkdagen beantwoord. In dringende gevallen kunt u telefonisch contact met ons opnemen.\n\n<\/div>\n\n<div class=\"enero-card\">\n<h2>\u00a78 Productinhoud en specificaties<\/h2>\nWij streven naar correcte en actuele productbeschrijvingen. Bij vragen over maat, pasvorm of onderhoud raden wij aan vooraf contact met ons op te nemen. Tenzij anders vermeld, zijn de producten bedoeld voor dagelijks gebruik overeenkomstig hun bestemming.\n\n<\/div>\n\n<div class=\"enero-card\">\n<h2>\u00a79 Betaling \u2013 uitsluitend niet-contant (kaartbetaling)<\/h2>\n<strong>Betalingsverwerking:<\/strong> In de webshop zijn uitsluitend niet-contante betalingen beschikbaar. De betaling wordt verwerkt via:\n<ul>\n \t<li><strong>Elavon (Converge)<\/strong> \u2013 kaartbetalingen (debet-\/creditcard, bijv. Visa, Mastercard).<\/li>\n<\/ul>\nBetalen met contant geld, traditionele bankoverschrijving of \u201cbetaling bij levering\u201d is niet mogelijk.\n\n<strong>Veiligheid:<\/strong> Alle transacties zijn versleuteld (TLS). De autorisatie van de betaling vindt plaats op de beveiligde pagina van de betalingsprovider of bank \u2013 buiten de systemen van de webshop. Kaartgegevens worden niet verwerkt of opgeslagen op de servers van de webshop; zij worden uitsluitend door de betalingsprovider verwerkt.\n\n<strong>Autorisatie en mogelijke weigering:<\/strong> Indien de autorisatie door de bank of betalingsprovider wordt geweigerd of niet wordt bevestigd, kan de bestelling worden geweigerd of geannuleerd.\n\n<strong>Terugbetalingen:<\/strong> Terugbetalingen (geheel of gedeeltelijk) worden \u2013 in principe \u2013 uitgevoerd via dezelfde betaalmethode die voor de aankoop is gebruikt, via de betalingsprovider. De verwerking van de terugbetaling kan tot <strong>5 werkdagen<\/strong> duren vanaf ontvangst en acceptatie van de retourzending\/beslissing in het klachtenproces.\n\nMeer informatie over betalingen: <a href=\"https:\/\/enerotrade.com\/nl\/betalingen\/\">Betalingen<\/a>.\n\n<\/div>\n\n<div class=\"enero-card\">\n<h2>\u00a710 Levering en verzending (DHL)<\/h2>\n<ul>\n \t<li><strong>Vervoerder:<\/strong> DHL.<\/li>\n \t<li><strong>Verwerkingstijd:<\/strong> doorgaans <strong>1\u20135 werkdagen<\/strong>.<\/li>\n \t<li><strong>Levertijd:<\/strong> doorgaans <strong>4\u20137 werkdagen<\/strong>.<\/li>\n \t<li><strong>Geschatte totale tijd:<\/strong> doorgaans <strong>5\u201312 werkdagen<\/strong> (verwerking + transport).<\/li>\n \t<li><strong>Track &amp; Trace:<\/strong> Na verzending ontvangt u van ons een nummer dat u kunt controleren op de website van de vervoerder (link ook via <a href=\"https:\/\/enerotrade.com\/nl\/verzending-en-levering\/\">Verzending en levering<\/a>).<\/li>\n \t<li><strong>Afhalen:<\/strong> afhalen is <em>over het algemeen<\/em> niet mogelijk.<\/li>\n<\/ul>\nDe termijnen zijn schattingen en kunnen langer zijn tijdens piekperiodes, bij niet-standaard maten of door onafhankelijke gebeurtenissen (overmacht).\n\n<\/div>\n\n<div class=\"enero-card\">\n<h2>\u00a711 Herroeping (wettelijk 14 dagen)<\/h2>\n<strong>11.1 Wettelijke herroeping (14 dagen):<\/strong>\nConsumenten en ondernemers met consumentenrechten kunnen binnen 14 dagen vanaf het moment dat zij de goederen in bezit hebben gekregen, zonder opgave van redenen van de overeenkomst afzien. Om de termijn te halen volstaat het de verklaring v\u00f3\u00f3r het einde van de termijn te verzenden. U kunt het model gebruiken op de pagina <a href=\"https:\/\/enerotrade.com\/nl\/formulier-voor-herroeping\/\">Herroepings-\/retourformulier<\/a> of een eigen verklaring indienen.\n\n<strong>11.2 Retourzending bij herroeping (kosten \/ verzendwijze):<\/strong>\nDe kosten van retourzending zijn voor rekening van de klant. Verzendwijze met <strong>Track &amp; Trace<\/strong> is vereist. De klant is verantwoordelijk voor het aanmaken van het retourlabel en dient het verzendbewijs en het trackingnummer te bewaren.\n\n<strong>11.3 Retouradres \u2013 alleen na contact:<\/strong>\nOm het juiste retouradres te ontvangen, neemt u v\u00f3\u00f3r retourzending contact op met onze klantenservice via <a href=\"mailto:info@enerotrade.com\">info@enerotrade.com<\/a>. Retouren mogen uitsluitend naar het door ons opgegeven adres worden gestuurd. Zendingen naar andere adressen worden beschouwd als niet correct ingediend en komen niet in aanmerking voor terugbetaling.\n\n<strong>11.4 Terugbetaling:<\/strong>\nNa ontvangst en controle van de retourzending kan een volledige of gedeeltelijke terugbetaling plaatsvinden. Terugbetalingen worden uitgevoerd via de oorspronkelijke betaalmethode. De terugbetaling kan tot <strong>5 werkdagen<\/strong> duren na ontvangst en acceptatie van de retourzending.\n\n<strong>11.5 Aansprakelijkheid voor waardevermindering:<\/strong>\nU bent alleen aansprakelijk voor waardevermindering van de goederen indien deze waardevermindering het gevolg is van een behandeling die verder gaat dan noodzakelijk is om de aard, kenmerken en werking van de goederen vast te stellen.\n\n<\/div>\n\n<div class=\"enero-card\">\n<h2>\u00a712 Ruilen<\/h2>\nWij bieden <strong>geen omruiling<\/strong> aan.\n\n<\/div>\n\n<div class=\"enero-card\">\n<h2>\u00a713 Klachten (gebreken \/ verkeerd artikel \/ beschadigde levering)<\/h2>\nAls een product niet aan de overeenkomst voldoet, beschadigd aankomt of als een verkeerd artikel is geleverd, neem dan contact op met onze support via <a href=\"mailto:info@enerotrade.com\">info@enerotrade.com<\/a> en voeg bestelgegevens en <strong>foto\u2019s<\/strong> toe als bewijs.\n\n<strong>Termijnen:<\/strong>\n<ul>\n \t<li><strong>Defect artikel:<\/strong> contact opnemen binnen <strong>5 werkdagen<\/strong> na levering (met foto\u2019s).<\/li>\n \t<li><strong>Verkeerd artikel:<\/strong> contact opnemen met bestelgegevens en foto\u2019s.<\/li>\n<\/ul>\nWij behandelen klachten <em>doorgaans<\/em> binnen 14 kalenderdagen na ontvangst van de melding\/de goederen. Het retouradres en de verdere procedure delen wij mee na contact.\n\n<\/div>\n\n<div class=\"enero-card\">\n<h2>\u00a714 Tijdelijke onbeschikbaarheid, vergissingen en beperking van aansprakelijkheid<\/h2>\nOndanks alle zorg kunnen tijdelijke technische storingen, vertragingen in levering of feitelijke fouten (bijv. in de prijs) voorkomen. In geval van een duidelijke prijsfout nemen wij contact met u op en bieden wij u voortzetting tegen de juiste prijs of kosteloze annulering aan. Wij zijn niet aansprakelijk voor indirecte schade, gederfde winst of vertragingen als gevolg van overmacht, voor zover wettelijk toegestaan. Deze aansprakelijkheidsbeperking geldt niet bij opzet of grove nalatigheid.\n\n<\/div>\n\n<div class=\"enero-card\">\n<h2>\u00a715 Fabrieksgarantie<\/h2>\nIndien voor een product een fabrieksgarantie geldt, betreft dit een vrijwillige prestatie van de garantieverstrekker en staat deze los van wettelijke rechten. Details volgen uit de garantievoorwaarden van de fabrikant (indien aanwezig).\n\n<\/div>\n\n<div class=\"enero-card\">\n<h2>\u00a716 Belastingen, verkoopdocumenten en elektronische facturen<\/h2>\nVoor elke aankoop wordt een kassabon of btw-factuur uitgegeven. Alle bedragen worden weergegeven in <strong>euro (EUR)<\/strong> en bevatten de wettelijke btw (Polen), tenzij anders vermeld. Indien u elektronische facturen accepteert, kunnen deze per e-mail worden verzonden. De factuur wordt doorgaans onmiddellijk, uiterlijk binnen 1 werkdag na ontvangst van de betaling opgesteld en elektronisch per e-mail beschikbaar gesteld.\n\n<\/div>\n\n<div class=\"enero-card\">\n<h2>\u00a717 Privacy, cookies en toestemming voor marketing<\/h2>\nDe verwerking van persoonsgegevens is beschreven in het <a href=\"https:\/\/enerotrade.com\/nl\/privacybeleid\/\">privacybeleid<\/a> en in de <a href=\"https:\/\/enerotrade.com\/nl\/gdpr-informatieclausule\/\">GDPR-informatieclausule<\/a>. Cookies en vergelijkbare technologie\u00ebn worden beschreven in het <a href=\"https:\/\/enerotrade.com\/nl\/cookiebeleid\/\">cookiebeleid<\/a>. Toestemmingen voor marketing-\/analysedoeleinden zijn vrijwillig en kunnen worden gewijzigd in de cookie-instellingen.\n\n<\/div>\n\n<div class=\"enero-card\">\n<h2>\u00a718 Technische vereisten en regels voor het gebruik van elektronische diensten<\/h2>\nOm de website te gebruiken, heeft u een apparaat met internettoegang, een actuele browser, een actief e-mailadres en ingeschakelde cookies (indien vereist) nodig. Activiteiten die de dienst kunnen destabiliseren, rechten van derden kunnen schenden of in strijd zijn met de goede zeden, zijn verboden. Wij behouden ons het recht voor om accounts die in strijd zijn met wet- en regelgeving te modereren en te blokkeren.\n\n<\/div>\n\n<div class=\"enero-card\">\n<h2>\u00a719 Buitengerechtelijke geschillenbeslechting<\/h2>\nWij bieden een klachtenprocedure aan en moedigen u aan om bij een geschil contact met ons op te nemen om een minnelijke oplossing te vinden.\n\n<\/div>\n\n<div class=\"enero-card\">\n<h2>\u00a720 Wijzigingen van de voorwaarden en geldigheid<\/h2>\nDeze versie treedt in werking op <strong>16.10.2025<\/strong>. Wijzigingen kunnen voortvloeien uit belangrijke redenen (bijv. wetswijzigingen, technische wijzigingen, wijzigingen in betaalmethoden). Voor overeenkomsten die v\u00f3\u00f3r de wijziging zijn gesloten, gelden de voorwaarden die van kracht waren op het moment van de bestelling.\n\n<\/div>\n\n<div class=\"enero-card\">\n<h2>\u00a721 Slotbepalingen en contact<\/h2>\nOp alle zaken die niet in deze voorwaarden zijn geregeld, is Pools recht van toepassing, met name het Burgerlijk Wetboek en consumentenrecht. Deze algemene voorwaarden sluiten de rechten die de consument op grond van dwingend recht heeft niet uit en beperken deze niet. Bij vragen kunt u contact met ons opnemen: <a href=\"https:\/\/enerotrade.com\/nl\/contact\/\">Contact<\/a>.\n\n<\/div>\n\n<hr \/>\n\n<div class=\"enero-card\">\n<h2>Bijlagen en snelkoppelingen<\/h2>\n<ul>\n \t<li><a href=\"https:\/\/enerotrade.com\/nl\/verzending-en-levering\/\">Verzending en levering<\/a><\/li>\n \t<li><a href=\"https:\/\/enerotrade.com\/nl\/retouren-ruilingen-en-klachten\/\">Retouren, ruilingen &amp; klachten<\/a><\/li>\n \t<li><a href=\"https:\/\/enerotrade.com\/nl\/betalingen\/\">Betalingen<\/a><\/li>\n \t<li><a href=\"https:\/\/enerotrade.com\/nl\/klachtenformulier\/\">Klachtenformulier<\/a><\/li>\n \t<li><a href=\"https:\/\/enerotrade.com\/nl\/winkelvoorwaarden\/\">Winkelvoorwaarden<\/a> \u2013 <a href=\"https:\/\/enerotrade.com\/nl\/privacybeleid\/\">Privacybeleid<\/a> \u2013 <a href=\"https:\/\/enerotrade.com\/nl\/cookiebeleid\/\">Cookiebeleid<\/a> \u2013 <a href=\"https:\/\/enerotrade.com\/nl\/gdpr-informatieclausule\/\">GDPR-informatieclausule<\/a><\/li>\n \t<li><a href=\"https:\/\/enerotrade.com\/nl\/mijn-account\/\">Mijn account<\/a><\/li>\n<\/ul>\n<\/div>\n\n<\/div>\t\t\t\t\t\t\t\t<\/div>\n\t\t\t\t\t<\/div>\n\t\t\t\t<\/div>\n\t\t\t\t<\/div>\n\t\t","protected":false},"excerpt":{"rendered":"<p>Algemene voorwaarden enerotrade.com Geldig vanaf: 16.10.2025 \u00a71 Verkoper en contactgegevens Verkoper\/Websitebeheerder: TRENTIX SP\u00d3\u0141KA Z OGRANICZON\u0104 ODPOWIEDZIALNO\u015aCI\u0104, gevestigd te Aleje Jerozolimskie 109\/70, 02-011 Warschau, Polen, ingeschreven&#8230;<\/p>\n","protected":false},"author":1,"featured_media":0,"parent":0,"menu_order":0,"comment_status":"closed","ping_status":"closed","template":"","meta":{"footnotes":""},"class_list":["post-8822","page","type-page","status-publish","hentry"],"_links":{"self":[{"href":"https:\/\/enerotrade.com\/nl\/wp-json\/wp\/v2\/pages\/8822","targetHints":{"allow":["GET"]}}],"collection":[{"href":"https:\/\/enerotrade.com\/nl\/wp-json\/wp\/v2\/pages"}],"about":[{"href":"https:\/\/enerotrade.com\/nl\/wp-json\/wp\/v2\/types\/page"}],"author":[{"embeddable":true,"href":"https:\/\/enerotrade.com\/nl\/wp-json\/wp\/v2\/users\/1"}],"replies":[{"embeddable":true,"href":"https:\/\/enerotrade.com\/nl\/wp-json\/wp\/v2\/comments?post=8822"}],"version-history":[{"count":151,"href":"https:\/\/enerotrade.com\/nl\/wp-json\/wp\/v2\/pages\/8822\/revisions"}],"predecessor-version":[{"id":34985,"href":"https:\/\/enerotrade.com\/nl\/wp-json\/wp\/v2\/pages\/8822\/revisions\/34985"}],"wp:attachment":[{"href":"https:\/\/enerotrade.com\/nl\/wp-json\/wp\/v2\/media?parent=8822"}],"curies":[{"name":"wp","href":"https:\/\/api.w.org\/{rel}","templated":true}]}}