{"id":8827,"date":"2025-08-27T06:42:22","date_gmt":"2025-08-27T06:42:22","guid":{"rendered":"https:\/\/grelse.com\/?page_id=8827"},"modified":"2026-03-05T17:39:34","modified_gmt":"2026-03-05T17:39:34","slug":"cookiebeleid","status":"publish","type":"page","link":"https:\/\/enerotrade.com\/nl\/cookiebeleid\/","title":{"rendered":"Cookiebeleid"},"content":{"rendered":"\t\t<div data-elementor-type=\"wp-page\" data-elementor-id=\"8827\" class=\"elementor elementor-8827\" data-elementor-post-type=\"page\">\n\t\t\t\t<div class=\"elementor-element elementor-element-e667a91 e-flex e-con-boxed e-con e-parent\" data-id=\"e667a91\" data-element_type=\"container\" data-e-type=\"container\">\n\t\t\t\t\t<div class=\"e-con-inner\">\n\t\t\t\t<div class=\"elementor-element elementor-element-1d9269d elementor-widget elementor-widget-text-editor\" data-id=\"1d9269d\" data-element_type=\"widget\" data-e-type=\"widget\" data-widget_type=\"text-editor.default\">\n\t\t\t\t\t\t\t\t\t<div class=\"enero-container\">\n<h1>Cookiebeleid enerotrade.com<\/h1>\nGeldig vanaf 16.10.2025\n\n<h2>\u00a71 Beheerder en basisinformatie<\/h2>\n<strong>Beheerder van de website<\/strong>: TRENTIX SP\u00d3\u0141KA Z OGRANICZON\u0104 ODPOWIEDZIALNO\u015aCI\u0104, Aleje Jerozolimskie 109\/70, 02-011 Warschau, KRS: 0001164664, NIP: 7011254127, REGON: 541369670. Contact: <a href=\"mailto:info@enerotrade.com\">info@enerotrade.com,<\/a> Tel. <a href=\"tel:+48731785059\">+48 731 785 059<\/a> (klantenservice meestal ma\u2013vr 8:00\u201316:00).\n\nDe webshop is gespecialiseerd in de verkoop van schoenen en \u2013 indien beschikbaar \u2013 geselecteerde aanvullende producten. Wij gebruiken onder andere hosting (momenteel Hostinger), een betalingsprovider (<strong>Elavon (Converge) (bijv. Visa, Mastercard)<\/strong>), een pakketdienst (<strong>DHL<\/strong>), Google-tools (Ads\/Analytics, integraties met GMC) en een consent-managementoplossing \u2013 <strong>Cookiebot<\/strong> (Google Consent Mode v2).\n\n<h2>\u00a72 Wat zijn cookies en vergelijkbare technologie\u00ebn?<\/h2>\n<strong>Cookies<\/strong> zijn kleine tekstbestanden die op het apparaat van de gebruiker worden opgeslagen en die de browser bij latere bezoeken meestuurt. Wij gebruiken ook vergelijkbare technologie\u00ebn zoals <em>lokale opslag<\/em>, <em>sessieopslag<\/em>, advertentie-ID\u2019s, <em>pixel-tags<\/em> en serverlogs. Deze technologie\u00ebn worden \u2013 in verschillende mate \u2013 gebruikt om de werking van de webshop te waarborgen, het gebruiksgemak, statistieken en veiligheid te verbeteren en \u2013 <strong>met uw toestemming<\/strong> \u2013 marketing-\/analyseactiviteiten uit te voeren.\n\n<h2>\u00a73 Rechtsgrondslag en omgang met toestemming<\/h2>\n<ul>\n \t<li><strong>Noodzakelijke cookies<\/strong>: gerechtvaardigd belang (Art. 6(1)(f) GDPR) en wettelijke vereisten voor het opslaan\/uitlezen op eindapparaten volgens de toepasselijke nationale regelgeving.<\/li>\n \t<li><strong>Functionele, analyse- en marketingcookies<\/strong>: toestemming (Art. 6(1)(a) GDPR) \u2013 wij activeren deze categorie\u00ebn <em>alleen<\/em> wanneer u hiervoor in de Cookiebot-banner toestemming heeft gegeven (Google Consent Mode v2).<\/li>\n<\/ul>\n\n<strong>De noodzakelijke cookies<\/strong> zijn gebaseerd op ons gerechtvaardigd belang (voor werking, veiligheid, winkelwagen, login). <strong>De overige categorie\u00ebn<\/strong> (functioneel, analyse, marketing) activeren wij <em>alleen<\/em> wanneer u in onze instellingenbanner (Cookiebot met Google Consent Mode v2) toestemming heeft gegeven. U kunt uw toestemming op elk moment wijzigen of intrekken.\n\n<h3>Beheer nu uw toestemming<\/h3>\n<button type=\"button\">Cookie-instellingen openen<\/button>\n\nAls de knop niet werkt, verwijder dan de cookies van het domein <code>enerotrade.com<\/code> in uw browserinstellingen of gebruik de sneltoets Ctrl Shift Delete (Windows) \/ Cmd Shift Delete (macOS) en start de website opnieuw.\n\n<h2>\u00a74 Wie plaatst cookies \u2013 eigen en van derden<\/h2>\n<ul>\n \t<li><strong>Eigen (first-party) cookies<\/strong> \u2013 enerotrade.com (sessiebehoud, winkelwagen, instellingen, beveiliging).<\/li>\n \t<li><strong>Cookies van derden (third-party cookies)<\/strong> \u2013 alleen geactiveerd na toestemming, meestal: Google (Ads\/Analytics en GMC-signalen), Cookiebot (toestemmingsbeheer), <strong>Elavon (Converge) (bijv. Visa, Mastercard)<\/strong> (betaalgateway \u2013 kaartbetalingen \u2013 authenticatie\/fraudepreventie\/transactieparameters) en \u2013 na het aanklikken van de trackinglink \u2013 de koeriersdienst <strong>DHL<\/strong> (waarbij het beleid van de vervoerder op diens externe website van toepassing kan zijn).<\/li>\n<\/ul>\n\n<h2>\u00a75 Cookiecategorie\u00ebn en doeleinden<\/h2>\n\n<h3>1) Strikt noodzakelijke cookies (strictly necessary)<\/h3>\nDeze zorgen voor de basiswerking van de website, sessiebeveiliging, formulieren, winkelwagen en login. Zonder deze cookies werkt de webshop niet correct.\n\n<div class=\"enero-card\">\n<table class=\"enero-table\">\n<thead>\n<tr>\n<th>Voorbeeldnaam<\/th>\n<th>Entiteit<\/th>\n<th>Type<\/th>\n<th>Doel<\/th>\n<th>Periode<\/th>\n<\/tr>\n<\/thead>\n<tbody>\n<tr>\n<td>PHPSESSID \/ wp_woocommerce_session_* \/ woocommerce_cart_hash<\/td>\n<td>enerotrade.com<\/td>\n<td>Sessie<\/td>\n<td>Sessiebehoud\/login, winkelwagen, bestelproces.<\/td>\n<td>tot het einde van de sessie<\/td>\n<\/tr>\n<tr>\n<td>CookieConsent \/ CookiebotConsent<\/td>\n<td>Cookiebot<\/td>\n<td>persistent<\/td>\n<td>Opslaan van toestemmingskeuzes.<\/td>\n<td>meestal tot 12 maanden<\/td>\n<\/tr>\n<tr>\n<td>csrf_* \/ sec_*<\/td>\n<td>enerotrade.com<\/td>\n<td>Sessie<\/td>\n<td>Formulierbeveiliging, anti-CSRF.<\/td>\n<td>tot het einde van de sessie<\/td>\n<\/tr>\n<\/tbody>\n<\/table>\n<\/div>\n\n<h3>2) Functioneel<\/h3>\nVerbetert de gebruikerservaring (bijv. voorkeuren opslaan, laatst bekeken). Wordt geactiveerd wanneer de gebruiker toestemming geeft.\n\n<div class=\"enero-card\">\n<table class=\"enero-table\">\n<thead>\n<tr>\n<th>Voorbeeldnaam<\/th>\n<th>Entiteit<\/th>\n<th>Type<\/th>\n<th>Doel<\/th>\n<th>Periode<\/th>\n<\/tr>\n<\/thead>\n<tbody>\n<tr>\n<td>pref_* \/ ui_*<\/td>\n<td>enerotrade.com<\/td>\n<td>persistent<\/td>\n<td>Interface-instellingen, weergavevoorkeuren.<\/td>\n<td>meestal 1\u201312 maanden<\/td>\n<\/tr>\n<\/tbody>\n<\/table>\n<\/div>\n\n<h3>3) Analyse\/Statistiek<\/h3>\nHelpt ons \u2013 in geaggregeerde vorm \u2013 te begrijpen hoe gebruikers de website gebruiken (bijv. meest bezochte pagina\u2019s). Wordt alleen met toestemming geactiveerd; we proberen technieken te gebruiken die identificatie beperken wanneer dat niet nodig is.\n\n<div class=\"enero-card\">\n<table class=\"enero-table\">\n<thead>\n<tr>\n<th>Voorbeeldnaam<\/th>\n<th>Entiteit<\/th>\n<th>Type<\/th>\n<th>Doel<\/th>\n<th>Periode<\/th>\n<\/tr>\n<\/thead>\n<tbody>\n<tr>\n<td>_ga, _ga_*, _gid<\/td>\n<td>Google Analytics<\/td>\n<td>persistent<\/td>\n<td>Verkeersmeting, events; Consent Mode-modellen (afhankelijk van instellingen).<\/td>\n<td>_ga meestal tot 2 jaar; _gid meestal 24 uur<\/td>\n<\/tr>\n<\/tbody>\n<\/table>\n<\/div>\n\n<h3>4) Marketing\/Advertenties<\/h3>\nWordt gebruikt om advertenties te tonen die beter aansluiten op uw interesses en om de effectiviteit van campagnes te meten (bijv. Google Ads). Alleen na toestemming en volgens de signalen van Google Consent Mode v2 geactiveerd (bijv. <em>ad_user_data<\/em>, <em>ad_personalisation<\/em>).\n\n<div class=\"enero-card\">\n<table class=\"enero-table\">\n<thead>\n<tr>\n<th>Voorbeeldnaam<\/th>\n<th>Entiteit<\/th>\n<th>Type<\/th>\n<th>Doel<\/th>\n<th>Periode<\/th>\n<\/tr>\n<\/thead>\n<tbody>\n<tr>\n<td>_gcl_au<\/td>\n<td>Google Ads<\/td>\n<td>persistent<\/td>\n<td>Conversiemeting \/ campagne-attributie.<\/td>\n<td>meestal tot 90 dagen<\/td>\n<\/tr>\n<tr>\n<td>IDE \/ test_cookie<\/td>\n<td>Google (marketing)<\/td>\n<td>persistent<\/td>\n<td>Advertentieweergave\/afrekening (wanneer toestemming actief is).<\/td>\n<td>meestal van 1 dag tot 13 maanden<\/td>\n<\/tr>\n<\/tbody>\n<\/table>\n<\/div>\n\n<em>Opmerking:<\/em> De bovenstaande namen en termijnen zijn voorbeelden van gangbare benamingen en kunnen in de loop van de tijd veranderen door toolversies en configuraties. De <strong>actuele dynamische lijst<\/strong> van cookies \u2013 inclusief beschrijvingen en bewaartermijnen \u2013 wordt weergegeven in de Cookiebot-banner\/het voorkeurencentrum en is leidend.\n\n<h2>\u00a76 Betaling, levering en derden<\/h2>\n<strong>Betalingsprovider:<\/strong>\n<ul>\n \t<li><strong>Elavon (Converge) (bijv. Visa, Mastercard)<\/strong> \u2013 tijdens het betaalproces kunt u worden doorgestuurd naar een beveiligde pagina van de provider. Elavon kan eigen cookies en technologie\u00ebn gebruiken voor authenticatie, fraudepreventie en transactieafhandeling. De volledige kaartnummers worden niet in onze systemen verwerkt.<\/li>\n<\/ul>\n\n<strong>DHL koeriersdienst:<\/strong> Wanneer u de trackinglink op de website van de vervoerder opent (bijv. dhl.nl), is het beleid van die dienst van toepassing, inclusief mogelijke cookies of gebruikte technologie\u00ebn.\n\n<h2>\u00a77 Lokale opslag\/browsersessie<\/h2>\nWij gebruiken in beperkte mate browseropslag (<em>lokale opslag\/sessieopslag<\/em>) voor interface- en prestatie-instellingen. Deze gegevens blijven doorgaans op uw apparaat en worden door u (handmatig) of door uw browser verwijderd (bijv. bij het be\u00ebindigen van de sessie).\n\n<h2>\u00a78 Serverlogs en beveiliging<\/h2>\nDe servers (momenteel Hostinger) bewaren <em>meestal<\/em> technische logs (IP-adres, tijdstempel, browser-\/apparaatinformatie, foutmeldingen). Deze logs dienen voor beveiliging en foutdiagnose, worden gedurende een redelijke periode bewaard en niet voor marketingdoeleinden gebruikt.\n\n<h2>\u00a79 Cookiebeheer \u2013 browser en apparaat<\/h2>\n<ul>\n \t<li>U kunt <strong>uw toestemming<\/strong> op elk moment via de knop hierboven (&#8220;Cookie-instellingen openen&#8221;) <strong>intrekken\/wijzigen<\/strong>.<\/li>\n \t<li>U kunt cookies blokkeren of verwijderen via de instellingen van uw browser (handleidingen voor Chrome, Firefox, Safari, Edge, Opera vindt u op de websites van deze aanbieders).<\/li>\n \t<li>Op mobiele apparaten kunnen advertentie-ID\u2019s worden beheerd via de systeeminstellingen (Android\/iOS).<\/li>\n \t<li>Do Not Track (DNT) \u2013 niet alle websites respecteren dit; wij baseren ons vooral op de toestemmingsmechanismen van Cookiebot\/Consent Mode.<\/li>\n<\/ul>\n\n<h2>\u00a710 Gevolgen van het uitschakelen van cookies<\/h2>\nHet uitschakelen van noodzakelijke cookies kan ertoe leiden dat bepaalde functies niet werken (winkelwagen, login, afrekenen). Het uitschakelen van analyse-\/marketingcookies beperkt de mogelijkheid om te kopen niet, maar be\u00efnvloedt alleen de meting en personalisatie van advertentie-inhoud.\n\n<h2>\u00a711 Wijzigingen in dit beleid<\/h2>\nDit beleid is geldig vanaf <strong>16.10.2025<\/strong>. We kunnen het bijwerken als wetgeving, technologie of partners veranderen. Belangrijke wijzigingen kondigen we aan op de website; archiefversies verstrekken we op verzoek.\n\n<hr \/>\n\n<h2>Nuttige links<\/h2>\n<ul>\n \t<li><a href=\"https:\/\/enerotrade.com\/nl\/privacybeleid\/\">Privacybeleid<\/a><\/li>\n \t<li><a href=\"https:\/\/enerotrade.com\/nl\/winkelvoorwaarden\/\">Winkelvoorwaarden<\/a><\/li>\n \t<li><a href=\"https:\/\/enerotrade.com\/nl\/gdpr-informatieclausule\/\">GDPR-informatieclausule<\/a><\/li>\n \t<li><a href=\"https:\/\/enerotrade.com\/nl\/verzending-en-levering\/\">Verzending en levering<\/a> &#8211; <a href=\"https:\/\/enerotrade.com\/nl\/retouren-ruilingen-en-klachten\/\">Retouren, ruilingen en klachten<\/a> &#8211; <a href=\"https:\/\/enerotrade.com\/nl\/betalingen\/\">Betalingen<\/a><\/li>\n \t<li><a href=\"https:\/\/enerotrade.com\/nl\/contact\/\">Contact<\/a> &#8211; <a href=\"https:\/\/enerotrade.com\/nl\/mijn-account\/\">Mijn account<\/a><\/li>\n<\/ul>\n\nAls u vragen heeft over cookies en privacy, neem dan contact met ons op: <a href=\"mailto:info@enerotrade.com\">info@enerotrade.com<\/a>. Wij streven ernaar om <em>meestal<\/em> binnen 1\u20132 werkdagen te antwoorden.\n<\/div>\t\t\t\t\t\t\t\t<\/div>\n\t\t\t\t\t<\/div>\n\t\t\t\t<\/div>\n\t\t\t\t<\/div>\n\t\t","protected":false},"excerpt":{"rendered":"<p>Cookiebeleid enerotrade.com Geldig vanaf 16.10.2025 \u00a71 Beheerder en basisinformatie Beheerder van de website: TRENTIX SP\u00d3\u0141KA Z OGRANICZON\u0104 ODPOWIEDZIALNO\u015aCI\u0104, Aleje Jerozolimskie 109\/70, 02-011 Warschau, KRS: 0001164664,&#8230;<\/p>\n","protected":false},"author":1,"featured_media":0,"parent":0,"menu_order":0,"comment_status":"closed","ping_status":"closed","template":"","meta":{"footnotes":""},"class_list":["post-8827","page","type-page","status-publish","hentry"],"_links":{"self":[{"href":"https:\/\/enerotrade.com\/nl\/wp-json\/wp\/v2\/pages\/8827","targetHints":{"allow":["GET"]}}],"collection":[{"href":"https:\/\/enerotrade.com\/nl\/wp-json\/wp\/v2\/pages"}],"about":[{"href":"https:\/\/enerotrade.com\/nl\/wp-json\/wp\/v2\/types\/page"}],"author":[{"embeddable":true,"href":"https:\/\/enerotrade.com\/nl\/wp-json\/wp\/v2\/users\/1"}],"replies":[{"embeddable":true,"href":"https:\/\/enerotrade.com\/nl\/wp-json\/wp\/v2\/comments?post=8827"}],"version-history":[{"count":78,"href":"https:\/\/enerotrade.com\/nl\/wp-json\/wp\/v2\/pages\/8827\/revisions"}],"predecessor-version":[{"id":34940,"href":"https:\/\/enerotrade.com\/nl\/wp-json\/wp\/v2\/pages\/8827\/revisions\/34940"}],"wp:attachment":[{"href":"https:\/\/enerotrade.com\/nl\/wp-json\/wp\/v2\/media?parent=8827"}],"curies":[{"name":"wp","href":"https:\/\/api.w.org\/{rel}","templated":true}]}}