{"id":8839,"date":"2025-08-27T06:48:34","date_gmt":"2025-08-27T06:48:34","guid":{"rendered":"https:\/\/grelse.com\/?page_id=8839"},"modified":"2025-11-24T10:11:32","modified_gmt":"2025-11-24T10:11:32","slug":"retouren-ruilingen-en-klachten","status":"publish","type":"page","link":"https:\/\/enerotrade.com\/nl\/retouren-ruilingen-en-klachten\/","title":{"rendered":"Retouren, ruilingen en klachten"},"content":{"rendered":"\t\t<div data-elementor-type=\"wp-page\" data-elementor-id=\"8839\" class=\"elementor elementor-8839\" data-elementor-post-type=\"page\">\n\t\t\t\t<div class=\"elementor-element elementor-element-c7e3518 e-flex e-con-boxed e-con e-parent\" data-id=\"c7e3518\" data-element_type=\"container\" data-e-type=\"container\">\n\t\t\t\t\t<div class=\"e-con-inner\">\n\t\t\t\t<div class=\"elementor-element elementor-element-4fcd088 elementor-widget elementor-widget-text-editor\" data-id=\"4fcd088\" data-element_type=\"widget\" data-e-type=\"widget\" data-widget_type=\"text-editor.default\">\n\t\t\t\t\t\t\t\t\t<h1>RETOURZENDINGEN, RUILINGEN EN KLACHTEN<\/h1><h2>1. Contactgegevens en adres voor retouren\/klachten<\/h2><p><strong>Verkoper:<\/strong> TRENTIX SP\u00d3\u0141KA Z OGRANICZON\u0104 ODPOWIEDZIALNO\u015aCI\u0104, Aleje Jerozolimskie 109\/70, 02-011 Warschau, Polen &#8211; KRS: 0001164664 &#8211; NIP: 7011254127 &#8211; REGON: 541369670<br \/>e-mail: <a href=\"mailto:info@enerotrade.com\">info@enerotrade.com<\/a> &#8211; telefoon: <a href=\"tel:+48731785059\">+48 731 785 059<\/a> (service normaal van maandag tot vrijdag van 8:00 tot 16:00)<br \/><strong>Adres voor retourzendingen\/omruilingen\/klachten:<\/strong> 02-457 Warszawa, Ul.\u00a0Czere\u015bniowa\u00a023E, Polska (met de bijbehorende notitie: &#8220;ENEROTRADE &#8211; Retourzendingen\/omruilingen\/klachten&#8221;).<\/p><hr \/><h2>2) Retourneren &#8211; annuleren van het contract (14 dagen)<\/h2><h3>wie kan de overeenkomst herroepen en wanneer?<\/h3><ul><li>Een <strong>consument<\/strong> en een <strong>bevoegde handelaar<\/strong> kunnen een overeenkomst op afstand binnen <strong>14 dagen<\/strong> zonder opgave van redenen herroepen.<\/li><li>De termijn gaat in op de dag waarop de consument of een door de consument aangewezen derde (die niet de vervoerder is) de goederen in ontvangst heeft genomen. In geval van meerdere leveringen, vanaf de dag waarop de consument het <em> laatste<\/em> artikel\/laatste stuk in ontvangst neemt.<\/li><\/ul><h3>hoe dien ik een herroepingsverklaring in?<\/h3><ul><li><a href=\"https:\/\/enerotrade.com\/nl\/formulier-voor-herroeping\/\">Annuleringsformulier<\/a>,<\/li><li>per e-mail: <a href=\"mailto:info@enerotrade.com\">info@enerotrade.com,<\/a><\/li><li>per post: TRENTIX sp. z o.o., Aleje Jerozolimskie 109\/70, 02-011 Warschau (gemerkt &#8220;ENEROTRADE &#8211; Annulering&#8221;).<\/li><\/ul><p>Zodra we de verklaring hebben ontvangen, bevestigen we deze op een duurzame drager (e-mail).<\/p><h3>wie draagt de kosten voor het retourneren van de goederen?<\/h3><p>De kosten voor het\u00a0<strong>terugzenden van de<\/strong> goederen\u00a0<strong>zijn voor rekening van de winkel<\/strong>. Zodra we je aangifte hebben ontvangen, sturen we je een voorgefrankeerd\u00a0<strong>retouretiket<\/strong> per e-mail (meestal met dezelfde vervoerder als bij de oorspronkelijke levering). We accepteren geen rembourszendingen.<\/p><h3>Terugbetaling<\/h3><ul><li><strong>Onmiddellijk<\/strong>, normaal gesproken binnen <strong>14 dagen<\/strong> na ontvangst van de goederen of op vertoon van de retourbon, afhankelijk van wat eerder is.<\/li><li><p data-start=\"47\" data-end=\"124\"><strong data-start=\"47\" data-end=\"122\">Terugbetaling vindt plaats via dezelfde betaalmethode als gebruikt voor de aankoop<\/strong><\/p><ul data-start=\"125\" data-end=\"324\"><li data-start=\"125\" data-end=\"185\"><p data-start=\"127\" data-end=\"185\"><strong data-start=\"1077\" data-end=\"1095\">via Mollie<\/strong> (Visa, Mastercard, Trustly, SEPA, Pay by Bank).<\/p><\/li><\/ul><\/li><li>We kunnen de restitutie inhouden totdat we het artikel hebben ontvangen of totdat je het bewijs van retournering hebt geleverd, afhankelijk van wat het eerst gebeurt.<\/li><\/ul><h3>Voorwaarden voor geretourneerde artikelen en aansprakelijkheid voor waardevermindering<\/h3><ul><li>We accepteren retourzendingen van artikelen in goede staat; je mag de goederen inspecteren voor zover dat nodig is om hun aard, kenmerken en werking vast te stellen.<\/li><li>Je hoeft alleen te betalen voor de <strong>waardevermindering<\/strong> van de goederen als de waardevermindering het gevolg is van een behandeling van de goederen die niet nodig is om de staat, eigenschappen en functionaliteit ervan te controleren (bijv. intensief gebruik, beschadiging). In dit geval kunnen we het bedrag van de retourzending dienovereenkomstig verlagen.<\/li><\/ul><h3>Wettelijke uitzonderingen (als het herroepingsrecht niet van toepassing is)<\/h3><p>Het herroepingsrecht is onder andere niet van toepassing op artikelen die niet <strong>geprefabriceerd<\/strong> zijn of die zijn vervaardigd volgens uw specificaties of die duidelijk zijn afgestemd op uw persoonlijke behoeften, evenals op andere gevallen die worden genoemd in de wet op de consumentenbescherming &#8211; alleen als daadwerkelijk aan de wettelijke vereisten is voldaan. Ons aanbod bestaat voornamelijk uit <strong data-start=\"1098\" data-end=\"1126\">standaard schoenmodellen<\/strong>; we passen uitsluitingen zorgvuldig en binnen het kader van de wettelijke bepalingen toe.<\/p><hr \/><h2>3) Ruilen &#8211; Handelsbeleid (14 dagen)<\/h2><h3>wat is ruilen?<\/h3><p>Onverminderd het herroepingsrecht bieden wij de mogelijkheid om de goederen binnen <strong>14 dagen<\/strong> na levering te <strong>ruilen<\/strong> (bijvoorbeeld voor een andere maat).<\/p><h3>hoe kan ik een ruiling melden?<\/h3><ul><li>schrijf ons op <a href=\"mailto:info@enerotrade.com\">info@enerotrade.com<\/a> (onderwerp: &#8220;Ruilen &#8211; bestelnummer&#8221;),<\/li><li>of gebruik <a href=\"https:\/\/enerotrade.com\/nl\/formulier-voor-herroeping\/\">het annuleringsformulier<\/a> en vermeld &#8220;ruilen&#8221; in de tekst.<\/li><\/ul><h3>Ruilkosten en logistiek<\/h3><ul><li><strong>De winkel draagt de kosten<\/strong> voor de verzending (retouretiket) en voor het terugsturen van het nieuwe artikel.<\/li><li>Het ruilproces is afhankelijk van de <strong>beschikbaarheid van de goederen<\/strong>. Als de gekozen optie niet beschikbaar is, bieden we een terugbetaling of een retourdatum aan.<\/li><\/ul><hr \/><h2>4) Klachten &#8211; niet-overeenstemming van de goederen met het contract<\/h2><h3>wanneer moet een klacht worden ingediend?<\/h3><p>Als de goederen niet in <strong>overeenstemming zijn<\/strong> met het contract (bijv. materi\u00eble gebreken, selectiefouten, schade die niet is veroorzaakt door onjuist gebruik), hebt u het recht om te eisen dat de goederen in overeenstemming worden gebracht met het contract, d.w.z. eerst <strong>reparatie<\/strong> of <strong>vervanging<\/strong> en, als aan de voorwaarden is voldaan, <strong>een prijsvermindering<\/strong> of <strong>be\u00ebindiging van het contract<\/strong>.<\/p><h3>hoe kunt u een claim indienen?<\/h3><ul><li>de handigste manier is om het <a href=\"https:\/\/enerotrade.com\/\/nl\/klachtenformulier\/\">klachtenformulier<\/a> te gebruiken<\/li><li>of per e-mail: <a href=\"mailto:info@enerotrade.com\">info@enerotrade.com<\/a><\/li><li>of per post naar het adres 02-457 Warszawa, Ul.\u00a0Czere\u015bniowa\u00a023E, Polska.<\/li><\/ul><p>Beschrijf in je klacht de aard van de afwijking, voeg <strong>foto&#8217;s<\/strong> bij en vermeld <strong>je bestelnummer<\/strong>. Zodra je klacht is geaccepteerd, sturen we je <strong>een voorgefrankeerd retourlabel<\/strong> (op onze kosten).<\/p><h3>Verwerkingstijden en procedures<\/h3><ul><li>We behandelen klachten<em>normaal gesproken<\/em> binnen <strong>14 kalenderdagen na<\/strong> ontvangst van de vraag\/het product.<\/li><li>Als we binnen deze periode geen antwoord ontvangen, wordt de klacht als geaccepteerd beschouwd als deze gegrond is.<\/li><li>Als de klacht wordt geaccepteerd, organiseren we de reparatie of sturen we vervangende producten; als aan de wettelijke voorwaarden wordt voldaan, verlagen we de prijs of accepteren we de intrekking en betalen we het geld terug.<\/li><\/ul><h3>B2B-klanten (niet-consumentenbedrijven)<\/h3><p>De aansprakelijkheid van de verkoper kan worden beperkt voor zover dit wettelijk is toegestaan (bijv. tot de waarde van de bestelling); deze beperking geldt <strong>niet<\/strong> voor opzettelijk veroorzaakte schade.<\/p><hr \/><h2>5) Fabrieksgarantie (normaal 24 maanden)<\/h2><h3>Type garantie<\/h3><p>De garantie is een <strong>vrijwillige<\/strong> service van de garantieverstrekker (fabrikant\/distributeur). Als <em>algemene regel<\/em> geldt dat producten een garantie hebben van <strong>24 maanden<\/strong> vanaf de aankoopdatum, tenzij anders aangegeven in het productinformatieblad. De garantie <strong>sluit geen<\/strong> rechten <strong>uit<\/strong> die voortvloeien uit de niet-conformiteit van de producten met het contract.<\/p><h3>Garantieclaims en termijnen<\/h3><ul><li>De klant kan een garantieclaim bij ons indienen, die contact <strong>opneemt<\/strong> met de garant.<\/li><li>Het eerste onderzoek en de overdracht aan de garantieverstrekker vindt onmiddellijk plaats; <em>over het algemeen<\/em> informeren wij u <strong>binnen 14 werkdagen<\/strong> over de beslissing, tenzij de fabrikant in de garantievoorwaarden een andere termijn heeft aangegeven.<\/li><li><strong>Gebruikte producten<\/strong> die in het kader van een klacht\/garantie worden geretourneerd, kunnen aan de fabrikant worden overhandigd (service\/evaluatie) als de procedure van de garantieverstrekker dit vereist.<\/li><\/ul><hr \/><h2>6) Verpakkingsvereisten en praktische tips<\/h2><ul><li><strong>Veilige verpakking:<\/strong> Verzend schoenen bij voorkeur in de originele doos, geplaatst in een extra beschermende verpakking (kartonnen doos of stevige zak). Vul de doos op zodat de schoenen niet bewegen tijdens transport.<\/li><li><strong>Voeg de documenten bij:<\/strong> Bestelnummer, korte beschrijving van de zending, contactgegevens.<\/li><li><strong>Bewijs van aankoop:<\/strong> Bewaar de kassabon\/factuur van betaling om de identificatie van de bestelling te vergemakkelijken (dit is geen vereiste voor het uitoefenen van consumentenrechten als er andere controlemiddelen beschikbaar zijn).<\/li><li><strong>Geen<\/strong> rembours: Wij accepteren geen rembours. Gebruik het etiket dat wij u op onze kosten toesturen.<\/li><\/ul><h2>7) Vergelijking van modaliteiten: Incasso vs. omruiling vs. vordering<\/h2><table><thead><tr><th>Modaliteiten<\/th><th>Kennisgevingstijd<\/th><th>Logistieke kosten<\/th><th>Effect<\/th><\/tr><\/thead><tbody><tr><td><strong>Annulering (retour)<\/strong><\/td><td>14 dagen na levering<\/td><td>Gedekt door de winkel (retouretiket)<\/td><td>Terugbetaling (meestal plus de kosten van de goedkoopste verzending die op het moment van aankoop werd aangeboden)<\/td><\/tr><tr><td><strong>Omruiling<\/strong> (commercieel beleid)<\/td><td>14 dagen na levering<\/td><td>Gedekt door de winkel (omruillabel)<\/td><td>Levering van een nieuwe variant (afhankelijk van beschikbaarheid); in geval van defect &#8211; geld terug<\/td><\/tr><tr><td><strong>Klacht<\/strong> (non-conformiteit)<\/td><td>Onmiddellijk na ontdekking van het gebrek aan overeenstemming<\/td><td>Gedekt door de winkel (claimlabel)<\/td><td>Reparatie\/vervanging; alternatief, prijsverlaging of terugroepen van het product<\/td><\/tr><\/tbody><\/table><h2>8) Antwoord- en communicatietijd<\/h2><p>We reageren<em>normaal gesproken<\/em> binnen 1-2 werkdagen op berichten. In het geval van een formele annulering\/klacht, bevestigen we de ontvangst en corresponderen we totdat de kwestie is opgelost.<\/p><h2>9) Naleving van regelgeving en gerelateerde documenten<\/h2><ul><li>Deze pagina is een uitwerking van de <a href=\"https:\/\/enerotrade.com\/\/nl\/winkelvoorwaarden\/\">shopregels<\/a> en moet worden gelezen in combinatie met: <a href=\"https:\/\/enerotrade.com\/\/nl\/verzending-en-levering\/\">Verzending en levering<\/a>, <a href=\"https:\/\/enerotrade.com\/\/nl\/betalingen\/\">Betalingsvoorwaarden<\/a>, <a href=\"https:\/\/enerotrade.com\/\/nl\/privacybeleid\/\">Privacybeleid<\/a>.<\/li><li>De bepalingen op deze pagina <strong>beperken de<\/strong> rechten van consumenten volgens de wet <strong>niet<\/strong>.<\/li><\/ul><hr \/><p>Snelkoppelingen: <a href=\"https:\/\/enerotrade.com\/\/nl\/klachtenformulier\/\">Claimformulier<\/a> &#8211; <a href=\"https:\/\/enerotrade.com\/\/nl\/verzending-en-levering\/\">Verzending &amp; Levering<\/a> &#8211; <a href=\"https:\/\/enerotrade.com\/\/nl\/mijn-account\/\">Mijn Account<\/a> &#8211; <a href=\"https:\/\/enerotrade.com\/\/nl\/contact\/\">Neem contact met ons op<\/a><\/p>\t\t\t\t\t\t\t\t<\/div>\n\t\t\t\t\t<\/div>\n\t\t\t\t<\/div>\n\t\t\t\t<\/div>\n\t\t","protected":false},"excerpt":{"rendered":"<p>RETOURZENDINGEN, RUILINGEN EN KLACHTEN 1. Contactgegevens en adres voor retouren\/klachten Verkoper: TRENTIX SP\u00d3\u0141KA Z OGRANICZON\u0104 ODPOWIEDZIALNO\u015aCI\u0104, Aleje Jerozolimskie 109\/70, 02-011 Warschau, Polen &#8211; KRS: 0001164664&#8230;<\/p>\n","protected":false},"author":1,"featured_media":0,"parent":0,"menu_order":0,"comment_status":"closed","ping_status":"closed","template":"","meta":{"footnotes":""},"class_list":["post-8839","page","type-page","status-publish","hentry"],"_links":{"self":[{"href":"https:\/\/enerotrade.com\/nl\/wp-json\/wp\/v2\/pages\/8839","targetHints":{"allow":["GET"]}}],"collection":[{"href":"https:\/\/enerotrade.com\/nl\/wp-json\/wp\/v2\/pages"}],"about":[{"href":"https:\/\/enerotrade.com\/nl\/wp-json\/wp\/v2\/types\/page"}],"author":[{"embeddable":true,"href":"https:\/\/enerotrade.com\/nl\/wp-json\/wp\/v2\/users\/1"}],"replies":[{"embeddable":true,"href":"https:\/\/enerotrade.com\/nl\/wp-json\/wp\/v2\/comments?post=8839"}],"version-history":[{"count":74,"href":"https:\/\/enerotrade.com\/nl\/wp-json\/wp\/v2\/pages\/8839\/revisions"}],"predecessor-version":[{"id":34228,"href":"https:\/\/enerotrade.com\/nl\/wp-json\/wp\/v2\/pages\/8839\/revisions\/34228"}],"wp:attachment":[{"href":"https:\/\/enerotrade.com\/nl\/wp-json\/wp\/v2\/media?parent=8839"}],"curies":[{"name":"wp","href":"https:\/\/api.w.org\/{rel}","templated":true}]}}